{"id":925753,"date":"2026-03-19T10:57:34","date_gmt":"2026-03-19T09:57:34","guid":{"rendered":"https:\/\/studiodesparfums-paris.fr\/?post_type=product&#038;p=925753"},"modified":"2026-03-19T12:46:07","modified_gmt":"2026-03-19T11:46:07","slug":"the-play-darius-supporting-the-telethon-in-paris","status":"publish","type":"product","link":"https:\/\/studiodesparfums-paris.fr\/en_us\/boutique\/the-play-darius-supporting-the-telethon-in-paris\/","title":{"rendered":"The Play \u201cDarius\u201d  Supporting the Telethon in Paris"},"content":{"rendered":"<p><img decoding=\"async\" class=\"size-medium wp-image-925831 aligncenter\" src=\"https:\/\/studiodesparfums-paris.fr\/wp-content\/uploads\/2026\/03\/logo_telethon_france.svg_-300x112.png\" alt=\"logo_telethon_france_en\" width=\"300\" height=\"112\" srcset=\"https:\/\/studiodesparfums-paris.fr\/wp-content\/uploads\/2026\/03\/logo_telethon_france.svg_-300x112.png 300w, https:\/\/studiodesparfums-paris.fr\/wp-content\/uploads\/2026\/03\/logo_telethon_france.svg_-768x286.png 768w, https:\/\/studiodesparfums-paris.fr\/wp-content\/uploads\/2026\/03\/logo_telethon_france.svg_-600x223.png 600w, https:\/\/studiodesparfums-paris.fr\/wp-content\/uploads\/2026\/03\/logo_telethon_france.svg_.png 1024w\" sizes=\"(max-width: 300px) 100vw, 300px\" \/><\/p>\n<p><strong>Come discover \u201cDarius,\u201d<\/strong> a captivating play that immerses us in a story of memories and emotions, inspired by the power of scents. Performed exclusively to support the Telethon, this production is a celebration of memory, love, and the senses. Through touching dialogue and endearing characters, \u201cDarius\u201d invites you to reflect on the importance of the little things that shape our lives.<br \/>\n<strong>Why is \u201cDarius\u201d a unique experience?<\/strong><\/p>\n<ul>\n<li><strong>A commitment to solidarity<\/strong>: Every ticket purchased helps fund the Telethon and support medical research.<\/li>\n<li><strong>Two exclusive fragrances:<\/strong> Inspired by the play\u2019s story, Le Studio des Parfums has created two original fragrances, available in a limited edition to extend the sensory experience beyond the theater.<\/li>\n<li><strong>An immersive evening:<\/strong> Before and after the play, you\u2019ll have the opportunity to chat with the creative team and discover the process behind the creation of the fragrances.<\/li>\n<\/ul>","protected":false},"excerpt":{"rendered":"<p>Reserve your seats for \u201cDarius,\u201d a poignant play taking place on Friday, November 29, 2024, at the Sc\u00e8ne Parisienne in support of the Telethon. Immerse yourself in a moving story inspired by the beauty and power of olfactory memories. Enjoy a unique experience and discover two exclusive fragrances created especially for the occasion.<\/p>\n<p>Limited seating. Buy your ticket now!<\/p>","protected":false},"featured_media":858240,"template":"","meta":{"_acf_changed":false,"_seopress_robots_primary_cat":"none","_seopress_titles_title":"Le Studio des Parfums -\u201cDarius\u201d Play: Telethon in Paris","_seopress_titles_desc":"Experience the \u201cDarius\u201d evening at the Studio des Parfums: a unique theatrical experience featuring exclusive fragrances. Reserve your seat now!","_seopress_robots_index":""},"product_brand":[],"product_cat":[251],"product_tag":[],"class_list":{"0":"post-925753","1":"product","2":"type-product","3":"status-publish","4":"has-post-thumbnail","6":"product_cat-products","7":"wcpa_has_options","9":"first","10":"instock","11":"taxable","12":"shipping-taxable","13":"purchasable","14":"product-type-simple"},"booking_location":null,"booking_location_type":null,"booking_duration":null,"booking_duration_unit":null,"booking_buffer":null,"booking_cost":null,"booking_resources":null,"acf":[],"wcpa_form_fields":{"wcpaData":{"product":{"product_price":29,"price_html":"<span class=\"woocommerce-Price-amount amount\"><bdi>29<span class=\"woocommerce-Price-currencySymbol\">&euro;<\/span><\/bdi><\/span>","original_product_price":29,"price_including_tax":29,"price_excluding_tax":24.166667,"product_id":{"parent":925753,"variation":false},"is_variable":false,"stock_status":"instock","stock_quantity":null,"parent_sku":"","product_attributes":[],"custom_fields":[],"is_taxable":true,"product_name":"The Play \u201cDarius\u201d  Supporting the Telethon in Paris","hasImage":false},"fields":{"sec_96717ab4350dfe":{"extra":{"key":"sec_96717ab4350dfe","section_id":"sec_96717ab4350dfe","name":"Default","status":1,"cl_rule":"show","enableCl":false,"relations":[],"toggle":true,"title_tag":"h3","show_title":false,"showPrice":"default","form_id":858293,"form_rules":{"exclude_from_discount":false,"fee_label":"Frais","disp_hide_options_price":false,"disp_show_section_price":false,"disp_show_field_price":true,"layout_option":"standard","pric_use_as_fee":false,"process_fee_as":"woo_fee"},"layout_option":"standard"},"fields":[[{"active":true,"col":6,"relations":false,"cl_rule":"show","enableCl":false,"price":"","enablePrice":true,"className":"","label_position":"default","desc_position":"default","type":"checkbox-group","required":false,"elementId":"checkbox-group_66717ab4350e71","label":"Rendez votre soir\u00e9e \"Darius\" inoubliable en ajoutant le livre \"Darius\" et les parfums exclusifs qui prolongent l'\u00e9motion de la pi\u00e8ce !","name":"checkbox-group_66717ab4350e71","values":[{"label":"Tarif \u00e9tudiant & moins de 26 ans - 15\u20ac par personne - Appliquez le code DARIUSJEUNE au panier -","value":"Option 1","selected":false,"tempId":"aco_19","price":"0","gt_translate_keys":["label"]},{"label":"Tarif 6 personnes - 23\u20ac par personne -","value":"Option 2","selected":false,"tempId":"aco_39","price":"109","gt_translate_keys":["label"]}],"layOut":"","error":false,"checkUi":"","priceOptions":"different_for_all","pricingType":"multiply","use_as_fee":false,"enable_quantity":true,"quantity_label":"","min_quantity":"1","gt_translate_keys":["label","quantity_label"],"price_dependency":false,"cl_dependency":["text_06717ab4350e8b"],"value":""}],[{"active":true,"col":6,"relations":[{"operator":false,"rules":[{"operator":"AND","rules":{"cl_field":"checkbox-group_66717ab4350e71","cl_relation":"is","cl_val":"Option - 7"}}]}],"cl_rule":"show","enableCl":true,"price":"","enablePrice":false,"className":"","label_position":"default","desc_position":"default","type":"text","subtype":"text","required":true,"elementId":"text_06717ab4350e8b","label":"Adresse Postale (Nom\/Pr\u00e9nom, adresse, code postal, ville, pays)","name":"text_06717ab4350e8b","value":"","error":false,"description":"Exemple: Henri Dupont, 7 rue des Francs Bourgeois, 75004, Paris, France.","gt_translate_keys":["label","description","value"],"price_dependency":false,"cl_dependency":false}],[{"active":true,"col":6,"relations":false,"cl_rule":"show","enableCl":false,"price":"","enablePrice":false,"className":"","label_position":"default","desc_position":"default","type":"text","subtype":"text","required":false,"elementId":"text_46717ab4350e9d","label":"Commentaires\/Consignes","name":"text_46717ab4350e9d","value":"","description":"En cas de probl\u00e8me de mobilit\u00e9, merci de nous le signaler ci-dessous. Nous sommes \u00e9galement joignable au 01 40 29 90 84.","error":false,"gt_translate_keys":["label","description","value"],"price_dependency":false,"cl_dependency":false}]]}},"config":{"price_override":"","enable_recaptcha":false,"bind_quantity":false,"quantity_bind_formula":false,"disp_summ_show_option_price":true,"disp_summ_show_product_price":true,"disp_summ_show_total_price":true,"disp_summ_show_fee":false,"disp_summ_show_discount":false,"summary_title":"","options_total_label":"Prix des options","total_label":"Total","options_product_label":"Prix du produit","fee_label":"Frais","discount_label":"Discount","has_price":true,"has_quantity_formula":false},"mc_unit":1,"tax_rate":1,"tax_rate_real":0.2,"discount":{"percentage":0,"fixed":0},"design":{"conf":{"LabelPosition":"above","DescPosition":"above","UploadField":"custom_1","QuantityFieldStyle":"default"},"css":{"LeftLabelWidth":"120px"}},"formulas":[],"lookuptables":[],"clones":false,"cartKey":false}},"_links":{"self":[{"href":"https:\/\/studiodesparfums-paris.fr\/en_us\/wp-json\/wp\/v2\/product\/925753","targetHints":{"allow":["GET"]}}],"collection":[{"href":"https:\/\/studiodesparfums-paris.fr\/en_us\/wp-json\/wp\/v2\/product"}],"about":[{"href":"https:\/\/studiodesparfums-paris.fr\/en_us\/wp-json\/wp\/v2\/types\/product"}],"version-history":[{"count":4,"href":"https:\/\/studiodesparfums-paris.fr\/en_us\/wp-json\/wp\/v2\/product\/925753\/revisions"}],"predecessor-version":[{"id":925833,"href":"https:\/\/studiodesparfums-paris.fr\/en_us\/wp-json\/wp\/v2\/product\/925753\/revisions\/925833"}],"wp:featuredmedia":[{"embeddable":true,"href":"https:\/\/studiodesparfums-paris.fr\/en_us\/wp-json\/wp\/v2\/media\/858240"}],"wp:attachment":[{"href":"https:\/\/studiodesparfums-paris.fr\/en_us\/wp-json\/wp\/v2\/media?parent=925753"}],"wp:term":[{"taxonomy":"product_brand","embeddable":true,"href":"https:\/\/studiodesparfums-paris.fr\/en_us\/wp-json\/wp\/v2\/product_brand?post=925753"},{"taxonomy":"product_cat","embeddable":true,"href":"https:\/\/studiodesparfums-paris.fr\/en_us\/wp-json\/wp\/v2\/product_cat?post=925753"},{"taxonomy":"product_tag","embeddable":true,"href":"https:\/\/studiodesparfums-paris.fr\/en_us\/wp-json\/wp\/v2\/product_tag?post=925753"}],"curies":[{"name":"wp","href":"https:\/\/api.w.org\/{rel}","templated":true}]}}