{"id":919494,"date":"2026-02-03T15:12:44","date_gmt":"2026-02-03T14:12:44","guid":{"rendered":"https:\/\/studiodesparfums-paris.fr\/?post_type=product&#038;p=919494"},"modified":"2026-02-04T17:03:08","modified_gmt":"2026-02-04T16:03:08","slug":"parfum-damour-la-soiree-reservation","status":"publish","type":"product","link":"https:\/\/studiodesparfums-paris.fr\/en_us\/boutique\/parfum-damour-la-soiree-reservation\/","title":{"rendered":"Parfum d\u2019amour &#8211; La soir\u00e9e &#8211; R\u00e9servation"},"content":{"rendered":"<p class=\"p1\">\u2022 Fragrance creation workshop offered in French and English<\/p>\n<p class=\"p1\">\u2022 Immersive experience in a private group, limited to 20 participants, to preserve quality and exclusivity<\/p>\n<p class=\"p1\">\u2022 Workshop duration: 2 hours, devoted to exploring materials and fragrance composition<\/p>\n<p class=\"p1\">\u2022 Reception of participants from 7:15 p.m. in an elegant and intimate setting<\/p>\n<p class=\"p1\">\u2022 Workshop begins at 7:30 p.m. with a creative ritual led by an expert<\/p>\n<p class=\"p1\">\u2022 Accompanying persons are not permitted, except in exceptional circumstances.<\/p>\n<p class=\"p1\">\u2022 Workshop designed as an exceptional break, to enjoy as a couple or to offer as a personalized gift certificate<\/p>\n<p class=\"p1\">\u2022 At the end of the experiment, a creation number is affixed to each fragrance, allowing it to be found and recommended again in the future.<\/p>\n<p class=\"p1\">\u2022 All compositions are developed in strict compliance with current regulations.<\/p>\n<p class=\"p1\">\u2022 Additional options are available to personalize and enhance your olfactory experience.<\/p>","protected":false},"excerpt":{"rendered":"<p>Cet atelier Saint-Valentin pour 2 personnes d\u00e9bute par une introduction interactive au monde de la parfumerie, initi\u00e9e par nos parfumeurs passionn\u00e9s. Vous sentirez par la suite, les nombreuses notes propos\u00e9es par Le Studio des Parfums : notes de fond, notes de c\u0153ur et notes de t\u00eate, composant la pyramide olfactive. Tout au long de cette exp\u00e9rience, profitez de conseils avis\u00e9s et du savoir-faire de nos parfumeurs, qui vous accompagneront dans le dosage et dans l\u2019harmonie de votre fragrance. \u00c0 l\u2019issue de cette exp\u00e9rience, vous repartirez avec vos parfums sur mesure, pr\u00e9sent\u00e9 dans deux jolis flacons de 30ml : symbole \u00e9ternel de ce voyage au c\u0153ur de la Parfumerie Fran\u00e7aise.<\/p>","protected":false},"featured_media":919448,"template":"","meta":{"_acf_changed":false,"_seopress_robots_primary_cat":"none","_seopress_titles_title":"","_seopress_titles_desc":"","_seopress_robots_index":""},"product_brand":[],"product_cat":[121,75,119],"product_tag":[],"class_list":{"0":"post-919494","1":"product","2":"type-product","3":"status-publish","4":"has-post-thumbnail","6":"product_cat-pour-soi-atelier-en-ligne","7":"product_cat-atelier-en-presentiel","8":"product_cat-pour-soi","9":"wcpa_has_options","11":"first","12":"instock","13":"virtual","14":"sold-individually","15":"taxable","16":"purchasable","17":"product-type-booking"},"booking_location":"","booking_location_type":"","booking_duration":2,"booking_duration_unit":"hour","booking_buffer":0,"booking_cost":300,"booking_resources":[],"acf":[],"wcpa_form_fields":{"wcpaData":{"product":{"product_price":300,"price_html":"<span class=\"woocommerce-Price-amount amount\"><bdi>300<span class=\"woocommerce-Price-currencySymbol\">&euro;<\/span><\/bdi><\/span>","original_product_price":300,"price_including_tax":300,"price_excluding_tax":250,"product_id":{"parent":919494,"variation":false},"is_variable":false,"stock_status":"instock","stock_quantity":null,"parent_sku":"","product_attributes":[],"custom_fields":[],"is_taxable":true,"product_name":"Parfum d\u2019amour - La soir\u00e9e - R\u00e9servation","hasImage":false},"fields":{"sec_564dfa27b59f19":{"extra":{"key":"sec_564dfa27b59f19","section_id":"sec_564dfa27b59f19","name":"Default","status":1,"cl_rule":"show","enableCl":false,"relations":[],"toggle":true,"title_tag":"h3","show_title":false,"showPrice":"default","form_id":808886,"form_rules":{"exclude_from_discount":false,"fee_label":"Frais","disp_hide_options_price":false,"disp_show_section_price":false,"disp_show_field_price":true,"layout_option":"standard","pric_use_as_fee":false,"process_fee_as":"woo_fee"},"layout_option":"standard"},"fields":[[{"type":"checkbox-group","required":true,"elementId":"wcpa-checkbox-group-1689956920155","label":"Conditions particuli\u00e8res","description":"","desc_type":true,"priceOptions":"different_for_all","pricingType":"fixed","name":"checkbox-group-1689956920155","min_options":"1","cl_rule":"show","col":6,"values":[{"label":"Les r\u00e9servations qui ont lieu les week-end et jours f\u00e9ri\u00e9s ne sont ni annulables, ni d\u00e9pla\u00e7ables (sauf justification valable). Les r\u00e9servations ayant lieu en semaine sont, elles, d\u00e9pla\u00e7ables jusqu\u2019\u00e0 48h avant la date de r\u00e9servation.","value":"option-1","price":"","pimage":"","pimage_id":"","pthumb":"","tempId":"aco_2775","gt_translate_keys":["label"]},{"label":"Les retards de plus de 10 minutes ne seront pas accept\u00e9s. Toutefois, si vous nous informez \u00e0 l'avance d'une situation impr\u00e9vue, nous pourrons envisager de reprogrammer votre atelier.","value":"Option - 8","selected":false,"tempId":"aco_2795","gt_translate_keys":["label"]}],"relations":false,"active":true,"tooltip":"Veuillez accepter en cochant cette case","layOut":"","checkUi":"","error":false,"hideFieldIn_cart":true,"hideFieldIn_order":true,"gt_translate_keys":["label","description","tooltip"],"price_dependency":false,"cl_dependency":false,"value":""}]]}},"config":{"price_override":"","enable_recaptcha":false,"bind_quantity":false,"quantity_bind_formula":false,"disp_summ_show_option_price":true,"disp_summ_show_product_price":true,"disp_summ_show_total_price":true,"disp_summ_show_fee":false,"disp_summ_show_discount":false,"summary_title":"","options_total_label":"Prix des options","total_label":"Total","options_product_label":"Prix du produit","fee_label":"Frais","discount_label":"Discount","has_price":true,"has_quantity_formula":false},"mc_unit":1,"tax_rate":1,"tax_rate_real":0.2,"discount":{"percentage":0,"fixed":0},"design":{"conf":{"LabelPosition":"above","DescPosition":"above","UploadField":"custom_1","QuantityFieldStyle":"default"},"css":{"LeftLabelWidth":"120px"}},"formulas":[],"lookuptables":[],"clones":false,"cartKey":false}},"_links":{"self":[{"href":"https:\/\/studiodesparfums-paris.fr\/en_us\/wp-json\/wp\/v2\/product\/919494","targetHints":{"allow":["GET"]}}],"collection":[{"href":"https:\/\/studiodesparfums-paris.fr\/en_us\/wp-json\/wp\/v2\/product"}],"about":[{"href":"https:\/\/studiodesparfums-paris.fr\/en_us\/wp-json\/wp\/v2\/types\/product"}],"version-history":[{"count":13,"href":"https:\/\/studiodesparfums-paris.fr\/en_us\/wp-json\/wp\/v2\/product\/919494\/revisions"}],"predecessor-version":[{"id":919675,"href":"https:\/\/studiodesparfums-paris.fr\/en_us\/wp-json\/wp\/v2\/product\/919494\/revisions\/919675"}],"wp:featuredmedia":[{"embeddable":true,"href":"https:\/\/studiodesparfums-paris.fr\/en_us\/wp-json\/wp\/v2\/media\/919448"}],"wp:attachment":[{"href":"https:\/\/studiodesparfums-paris.fr\/en_us\/wp-json\/wp\/v2\/media?parent=919494"}],"wp:term":[{"taxonomy":"product_brand","embeddable":true,"href":"https:\/\/studiodesparfums-paris.fr\/en_us\/wp-json\/wp\/v2\/product_brand?post=919494"},{"taxonomy":"product_cat","embeddable":true,"href":"https:\/\/studiodesparfums-paris.fr\/en_us\/wp-json\/wp\/v2\/product_cat?post=919494"},{"taxonomy":"product_tag","embeddable":true,"href":"https:\/\/studiodesparfums-paris.fr\/en_us\/wp-json\/wp\/v2\/product_tag?post=919494"}],"curies":[{"name":"wp","href":"https:\/\/api.w.org\/{rel}","templated":true}]}}