{"id":919486,"date":"2026-02-03T14:19:45","date_gmt":"2026-02-03T13:19:45","guid":{"rendered":"https:\/\/studiodesparfums-paris.fr\/?post_type=product&#038;p=919486"},"modified":"2026-02-04T14:30:26","modified_gmt":"2026-02-04T13:30:26","slug":"parfum-damour-love-candle-duo","status":"publish","type":"product","link":"https:\/\/studiodesparfums-paris.fr\/en_us\/boutique\/parfum-damour-love-candle-duo\/","title":{"rendered":"Parfum d\u2019amour &#8211; Love candle &#8211; duo"},"content":{"rendered":"","protected":false},"excerpt":{"rendered":"<p class=\"p1\"><span class=\"s1\">Pens\u00e9 comme une d\u00e9claration silencieuse, le love Candle-duo repr\u00e9sente l\u2019intimit\u00e9 et la douceur des instants partag\u00e9s.<\/span><\/p>\n<p class=\"p1\"><span class=\"s1\">Presented in delicate cocktail cups, these two candles respond like two hearts in unison, diffusing a light and a warm and enveloping scent.<\/span><\/p>\n<p class=\"p1\"><span class=\"s1\">Their deep and refined hues evoke passion, tenderness and sensuality, while the flame gradually reveals a hushed atmosphere, conducive to confidences and suspended moments.<\/span><\/p>\n<p class=\"p1\"><span class=\"s1\">Lit together, they transform the space into an intimate setting, where time slows down and every detail counts.<\/span><\/p>\n<p class=\"p1\"><span class=\"s1\">A duo thought to sublimate Valentine\u2019s Day, to offer or afford, as a delicate ritual around love and connection. You will be able to choose your scents and compose your duo.<\/span><\/p>","protected":false},"featured_media":919449,"template":"","meta":{"_acf_changed":false,"_seopress_robots_primary_cat":"none","_seopress_titles_title":"","_seopress_titles_desc":"","_seopress_robots_index":""},"product_brand":[],"product_cat":[72,180],"product_tag":[],"class_list":{"0":"post-919486","1":"product","2":"type-product","3":"status-publish","4":"has-post-thumbnail","6":"product_cat-nos-bougies-parfumees","7":"product_cat-st-valentin","9":"first","10":"instock","11":"taxable","12":"shipping-taxable","13":"purchasable","14":"product-type-simple"},"booking_location":null,"booking_location_type":null,"booking_duration":null,"booking_duration_unit":null,"booking_buffer":null,"booking_cost":null,"booking_resources":null,"acf":[],"wcpa_form_fields":null,"_links":{"self":[{"href":"https:\/\/studiodesparfums-paris.fr\/en_us\/wp-json\/wp\/v2\/product\/919486","targetHints":{"allow":["GET"]}}],"collection":[{"href":"https:\/\/studiodesparfums-paris.fr\/en_us\/wp-json\/wp\/v2\/product"}],"about":[{"href":"https:\/\/studiodesparfums-paris.fr\/en_us\/wp-json\/wp\/v2\/types\/product"}],"version-history":[{"count":3,"href":"https:\/\/studiodesparfums-paris.fr\/en_us\/wp-json\/wp\/v2\/product\/919486\/revisions"}],"predecessor-version":[{"id":921985,"href":"https:\/\/studiodesparfums-paris.fr\/en_us\/wp-json\/wp\/v2\/product\/919486\/revisions\/921985"}],"wp:featuredmedia":[{"embeddable":true,"href":"https:\/\/studiodesparfums-paris.fr\/en_us\/wp-json\/wp\/v2\/media\/919449"}],"wp:attachment":[{"href":"https:\/\/studiodesparfums-paris.fr\/en_us\/wp-json\/wp\/v2\/media?parent=919486"}],"wp:term":[{"taxonomy":"product_brand","embeddable":true,"href":"https:\/\/studiodesparfums-paris.fr\/en_us\/wp-json\/wp\/v2\/product_brand?post=919486"},{"taxonomy":"product_cat","embeddable":true,"href":"https:\/\/studiodesparfums-paris.fr\/en_us\/wp-json\/wp\/v2\/product_cat?post=919486"},{"taxonomy":"product_tag","embeddable":true,"href":"https:\/\/studiodesparfums-paris.fr\/en_us\/wp-json\/wp\/v2\/product_tag?post=919486"}],"curies":[{"name":"wp","href":"https:\/\/api.w.org\/{rel}","templated":true}]}}