{"id":919435,"date":"2026-02-02T16:37:12","date_gmt":"2026-02-02T15:37:12","guid":{"rendered":"https:\/\/studiodesparfums-paris.fr\/?post_type=product&#038;p=919435"},"modified":"2026-03-01T00:27:13","modified_gmt":"2026-02-28T23:27:13","slug":"parfum-damour-le-jeu","status":"publish","type":"product","link":"https:\/\/studiodesparfums-paris.fr\/en_us\/boutique\/parfum-damour-le-jeu\/","title":{"rendered":"Parfum d\u2019amour &#8211; Le jeu"},"content":{"rendered":"<p class=\"p1\"><span class=\"s1\">In a hushed atmosphere, the cards are arranged with care.<\/span><\/p>\n<p class=\"p1\"><span class=\"s1\">The deck of 36 cards invites you to take time, to dialogue, to listen.<\/span><\/p>\n<p class=\"p1\"><span class=\"s1\">Through three families of head, heart, and background olfactory facets \nthe perfume is built gradually, to the rhythm of responses and exchanges.<\/span><\/p>\n<p class=\"p1\"><span class=\"s1\">The experience can be lived alone or with two.<\/span><\/p>\n<p class=\"p1\"><span class=\"s1\">It opens a space for sharing, where creation becomes a common language.<\/span><\/p>\n<p class=\"p1\"><span class=\"s1\">The composed perfume reflects the moment, the relationship, the shared emotion.<\/span><\/p>","protected":false},"excerpt":{"rendered":"<p>Dans une atmosph\u00e8re feutr\u00e9e, les cartes sont dispos\u00e9es avec soin. Le jeu de 36 cartes invite \u00e0 prendre le temps, \u00e0 dialoguer, \u00e0 \u00e9couter. \u00c0 travers trois familles de facettes olfactives t\u00eate, c\u0153ur et fond\u00a0le parfum se construit progressivement, au rythme des r\u00e9ponses et des \u00e9changes. L\u2019exp\u00e9rience peut se vivre seul ou \u00e0 deux. Elle [&hellip;]<\/p>\n","protected":false},"featured_media":919680,"template":"","meta":{"_acf_changed":false,"_seopress_robots_primary_cat":"none","_seopress_titles_title":"","_seopress_titles_desc":"","_seopress_robots_index":""},"product_brand":[],"product_cat":[181,180],"product_tag":[],"class_list":{"0":"post-919435","1":"product","2":"type-product","3":"status-publish","4":"has-post-thumbnail","6":"product_cat-boite-de-jeux","7":"product_cat-st-valentin","9":"first","10":"instock","11":"taxable","12":"shipping-taxable","13":"purchasable","14":"product-type-simple"},"booking_location":null,"booking_location_type":null,"booking_duration":null,"booking_duration_unit":null,"booking_buffer":null,"booking_cost":null,"booking_resources":null,"acf":[],"wcpa_form_fields":null,"_links":{"self":[{"href":"https:\/\/studiodesparfums-paris.fr\/en_us\/wp-json\/wp\/v2\/product\/919435","targetHints":{"allow":["GET"]}}],"collection":[{"href":"https:\/\/studiodesparfums-paris.fr\/en_us\/wp-json\/wp\/v2\/product"}],"about":[{"href":"https:\/\/studiodesparfums-paris.fr\/en_us\/wp-json\/wp\/v2\/types\/product"}],"version-history":[{"count":2,"href":"https:\/\/studiodesparfums-paris.fr\/en_us\/wp-json\/wp\/v2\/product\/919435\/revisions"}],"predecessor-version":[{"id":925642,"href":"https:\/\/studiodesparfums-paris.fr\/en_us\/wp-json\/wp\/v2\/product\/919435\/revisions\/925642"}],"wp:featuredmedia":[{"embeddable":true,"href":"https:\/\/studiodesparfums-paris.fr\/en_us\/wp-json\/wp\/v2\/media\/919680"}],"wp:attachment":[{"href":"https:\/\/studiodesparfums-paris.fr\/en_us\/wp-json\/wp\/v2\/media?parent=919435"}],"wp:term":[{"taxonomy":"product_brand","embeddable":true,"href":"https:\/\/studiodesparfums-paris.fr\/en_us\/wp-json\/wp\/v2\/product_brand?post=919435"},{"taxonomy":"product_cat","embeddable":true,"href":"https:\/\/studiodesparfums-paris.fr\/en_us\/wp-json\/wp\/v2\/product_cat?post=919435"},{"taxonomy":"product_tag","embeddable":true,"href":"https:\/\/studiodesparfums-paris.fr\/en_us\/wp-json\/wp\/v2\/product_tag?post=919435"}],"curies":[{"name":"wp","href":"https:\/\/api.w.org\/{rel}","templated":true}]}}