{"id":889753,"date":"2025-09-01T11:32:08","date_gmt":"2025-09-01T09:32:08","guid":{"rendered":"https:\/\/studiodesparfums-paris.fr\/?post_type=product&#038;p=889753"},"modified":"2026-03-19T10:23:16","modified_gmt":"2026-03-19T09:23:16","slug":"aksil-red-reghis","status":"publish","type":"product","link":"https:\/\/studiodesparfums-paris.fr\/en_us\/boutique\/aksil-red-reghis\/","title":{"rendered":"AKSIL &#8211; Red Reghis 50ml"},"content":{"rendered":"<p>Aksil Red de REGHIS incarne l&rsquo;essence m\u00eame de la noblesse et de l&rsquo;audace.<\/p>\n<p>Aksil, le roi guerrier du peuple berb\u00e8re, est un symbole de courage et de bravoure.<\/p>\n<p>Ce parfum respire l&rsquo;audace et la sensualit\u00e9 : une composition \u00e9pic\u00e9e et bois\u00e9e, enrichie d&rsquo;ambre, de bois de santal et de bois de cachemire, subtilement rehauss\u00e9e par les notes raffin\u00e9es du patchouli et de la bergamote.<\/p>\n<p>Un parfum s\u00e9duisant, sensuel et voluptueux.<\/p>\n<p>Aksil, l&rsquo;\u00e9l\u00e9gance de la s\u00e9duction.<\/p>","protected":false},"excerpt":{"rendered":"<p><strong>Promotion sp\u00e9ciale<\/strong><\/p>\n<p>Le parfum Aksil Red de REGHIS est l\u2019essence m\u00eame de la noblesse et de la t\u00e9m\u00e9rit\u00e9.<\/p>\n<p>Aksil est le roi guerrier du peuple berb\u00e8re symbole de courage et de bravoure.<\/p>\n<p>Ce parfum respire l\u2019audace et la sensualit\u00e9 . Une fragrance \u00e9pic\u00e9e bois\u00e9e , aux notes d\u2019ambre , de bois de sental, de bois de cachemire<br \/>\net subtile avec ses senteurs de patchoulis et de bergamote.<\/p>\n<p>Un parfum s\u00e9ducteur, sensuel et voluptueux.<\/p>\n<p>Aksil l\u2019\u00e9l\u00e9gance\u00a0de\u00a0la\u00a0s\u00e9duction<\/p>","protected":false},"featured_media":915835,"template":"","meta":{"_acf_changed":false,"_seopress_robots_primary_cat":"none","_seopress_titles_title":"","_seopress_titles_desc":"","_seopress_robots_index":""},"product_brand":[],"product_cat":[77],"product_tag":[],"class_list":{"0":"post-889753","1":"product","2":"type-product","3":"status-publish","4":"has-post-thumbnail","6":"product_cat-nos-produits","8":"first","9":"instock","10":"sale","11":"taxable","12":"shipping-taxable","13":"purchasable","14":"product-type-simple"},"booking_location":null,"booking_location_type":null,"booking_duration":null,"booking_duration_unit":null,"booking_buffer":null,"booking_cost":null,"booking_resources":null,"acf":[],"wcpa_form_fields":null,"_links":{"self":[{"href":"https:\/\/studiodesparfums-paris.fr\/en_us\/wp-json\/wp\/v2\/product\/889753","targetHints":{"allow":["GET"]}}],"collection":[{"href":"https:\/\/studiodesparfums-paris.fr\/en_us\/wp-json\/wp\/v2\/product"}],"about":[{"href":"https:\/\/studiodesparfums-paris.fr\/en_us\/wp-json\/wp\/v2\/types\/product"}],"version-history":[{"count":10,"href":"https:\/\/studiodesparfums-paris.fr\/en_us\/wp-json\/wp\/v2\/product\/889753\/revisions"}],"predecessor-version":[{"id":925650,"href":"https:\/\/studiodesparfums-paris.fr\/en_us\/wp-json\/wp\/v2\/product\/889753\/revisions\/925650"}],"wp:featuredmedia":[{"embeddable":true,"href":"https:\/\/studiodesparfums-paris.fr\/en_us\/wp-json\/wp\/v2\/media\/915835"}],"wp:attachment":[{"href":"https:\/\/studiodesparfums-paris.fr\/en_us\/wp-json\/wp\/v2\/media?parent=889753"}],"wp:term":[{"taxonomy":"product_brand","embeddable":true,"href":"https:\/\/studiodesparfums-paris.fr\/en_us\/wp-json\/wp\/v2\/product_brand?post=889753"},{"taxonomy":"product_cat","embeddable":true,"href":"https:\/\/studiodesparfums-paris.fr\/en_us\/wp-json\/wp\/v2\/product_cat?post=889753"},{"taxonomy":"product_tag","embeddable":true,"href":"https:\/\/studiodesparfums-paris.fr\/en_us\/wp-json\/wp\/v2\/product_tag?post=889753"}],"curies":[{"name":"wp","href":"https:\/\/api.w.org\/{rel}","templated":true}]}}