{"id":874819,"date":"2025-05-20T12:40:31","date_gmt":"2025-05-20T10:40:31","guid":{"rendered":"https:\/\/studiodesparfums-paris.fr\/?post_type=product&#038;p=874819"},"modified":"2025-05-20T13:08:52","modified_gmt":"2025-05-20T11:08:52","slug":"soiree-fetes-des-meres-magiques-reservation","status":"publish","type":"product","link":"https:\/\/studiodesparfums-paris.fr\/en_us\/boutique\/soiree-fetes-des-meres-magiques-reservation\/","title":{"rendered":"Soir\u00e9e F\u00eates des m\u00e8res magiques &#8211; R\u00e9servation"},"content":{"rendered":"<p class=\"p1\">Cet atelier<strong> Mother's day<\/strong> pour 2 personnes d\u00e9bute par une introduction interactive au monde de la parfumerie, initi\u00e9e par nos parfumeurs passionn\u00e9s. Vous sentirez par la suite, les nombreuses notes propos\u00e9es par Le Studio des Parfums : notes de fond, notes de c\u0153ur et notes de t\u00eate, composant la pyramide olfactive. Tout au long de cette exp\u00e9rience, profitez de conseils avis\u00e9s et du savoir-faire de nos parfumeurs, qui vous accompagneront dans le dosage et dans l\u2019harmonie de votre fragrance.<\/p>","protected":false},"excerpt":{"rendered":"<p class=\"p1\">Vous vivrez un moment inoubliable.<\/p>\n<p class=\"p1\">Nous vous proposons de f\u00eater cet \u00e9v\u00e8nement unique dans notre nouvelle Boutique Prestigieuse qui vient d\u2019ouvrir, toujours au c\u0153ur du Marais.<\/p>\n<p class=\"p1\">Le Studio des Parfums monte en gamme et s\u2019installe dans un nouvel \u00e9crin luxueux de 150m2 rayonnant de mille feux.<\/p>\n<p class=\"p3\"><b>RENDEZ VOUS LUNDI 26 MAI 19H<\/b><b><\/b><\/p>\n<p>Participez \u00e0 une exp\u00e9rience intime et conviviale de cr\u00e9ation de parfum sur mesure avec notre atelier Duo 30 ml \u2013 un moment de complicit\u00e9 \u00e0 partager en duo (parent\/enfant, couple, ami\u00b7e\u00b7s&#8230;) pour composer chacun votre parfum personnalis\u00e9, dans une atmosph\u00e8re chaleureuse et cr\u00e9ative.<\/p>\n<p><strong>Tarif de l\u2019atelier Duo 30 ml : 210 \u20ac<\/strong><\/p>\n<p>Parents et enfants sont invit\u00e9s \u00e0 vivre ensemble un grand moment de bonheur parfum\u00e9, plac\u00e9 sous le signe de l\u2019\u00e9motion et du partage.<\/p>\n<p class=\"p1\">Le Studio des Parfums se r\u00e9invente pour vous surprendre et vous combler plus encore !<\/p>","protected":false},"featured_media":874787,"template":"","meta":{"_acf_changed":false,"_seopress_robots_primary_cat":"none","_seopress_titles_title":"","_seopress_titles_desc":"","_seopress_robots_index":""},"product_brand":[],"product_cat":[119],"product_tag":[],"class_list":{"0":"post-874819","1":"product","2":"type-product","3":"status-publish","4":"has-post-thumbnail","6":"product_cat-pour-soi","7":"wcpa_has_options","9":"first","10":"instock","11":"virtual","12":"sold-individually","13":"taxable","14":"purchasable","15":"product-type-booking"},"booking_location":"","booking_location_type":"","booking_duration":2,"booking_duration_unit":"hour","booking_buffer":0,"booking_cost":210,"booking_resources":[],"acf":[],"wcpa_form_fields":{"wcpaData":{"product":{"product_price":210,"price_html":"<span class=\"woocommerce-Price-amount amount\"><bdi>210<span class=\"woocommerce-Price-currencySymbol\">&euro;<\/span><\/bdi><\/span>","original_product_price":210,"price_including_tax":210,"price_excluding_tax":175,"product_id":{"parent":874819,"variation":false},"is_variable":false,"stock_status":"instock","stock_quantity":null,"parent_sku":"","product_attributes":[],"custom_fields":[],"is_taxable":true,"product_name":"Soir\u00e9e F\u00eates des m\u00e8res magiques - R\u00e9servation","hasImage":false},"fields":{"sec_467a23f2c2ba67":{"extra":{"key":"sec_467a23f2c2ba67","section_id":"sec_467a23f2c2ba67","name":"Default","status":1,"cl_rule":"show","enableCl":false,"relations":[],"toggle":true,"title_tag":"h3","show_title":false,"showPrice":"default","form_id":865519,"form_rules":{"exclude_from_discount":false,"fee_label":"Frais","disp_hide_options_price":false,"disp_show_section_price":false,"disp_show_field_price":true,"layout_option":"standard","pric_use_as_fee":false,"process_fee_as":"woo_fee"},"layout_option":"standard"},"fields":[[{"active":true,"col":6,"relations":false,"cl_rule":"show","enableCl":false,"price":"","enablePrice":true,"className":"","label_position":"default","desc_position":"default","type":"checkbox-group","required":false,"elementId":"checkbox-group_667a23f2c2baaf","label":"Sublimez votre atelier en choisissant des options exclusives (cliquez ci-dessous) :","name":"checkbox-group_667a23f2c2baaf","values":[{"label":"Un vaporisateur de voyage au choix","value":"Option - 2","selected":false,"tempId":"aco_3470","price":"10","gt_translate_keys":["label"]},{"label":"Gravure personnalis\u00e9e sur mesure","value":"Option - 4","selected":false,"tempId":"aco_3481","price":"7","gt_translate_keys":["label"]},{"label":"Dipl\u00f4me d'apprenti parfumeur","value":"Option - 5","selected":false,"tempId":"aco_3491","price":"7","gt_translate_keys":["label"]},{"label":"Impression du bon cadeau avec cachet de cire ","value":"Option - 7","selected":false,"tempId":"aco_3646","price":"7","gt_translate_keys":["label"]}],"layOut":"","error":false,"checkUi":"","priceOptions":"different_for_all","pricingType":"multiply","use_as_fee":true,"enable_quantity":true,"quantity_label":"","min_quantity":"1","gt_translate_keys":["label","quantity_label"],"price_dependency":false,"cl_dependency":["text_767a23f2c2bac6","text-6755129841"],"value":""}],[{"active":true,"col":6,"relations":[{"operator":false,"rules":[{"operator":"AND","rules":{"cl_field":"checkbox-group_667a23f2c2baaf","cl_relation":"is","cl_val":"Option - 7"}}]}],"cl_rule":"show","enableCl":true,"price":"","enablePrice":false,"className":"","label_position":"default","desc_position":"default","type":"text","subtype":"text","required":true,"elementId":"text_767a23f2c2bac6","label":"Adresse Postale (Nom\/Pr\u00e9nom, adresse, code postal, ville, pays)","name":"text_767a23f2c2bac6","value":"","error":false,"description":"Exemple: Henri Dupont, 7 rue des Francs Bourgeois, 75004, Paris, France.","gt_translate_keys":["label","description","value"],"price_dependency":false,"cl_dependency":false}],[{"label":"Mot \u00e0 graver sur le flacon de parfum","active":true,"required":true,"elementId":"text-6755129841","value":"","description":"","name":"text-6755129841","label_position":"default","desc_position":"default","enablePrice":false,"className":"","enableCl":true,"relations":[{"operator":false,"rules":[{"operator":"AND","rules":{"cl_field":"checkbox-group_667a23f2c2baaf","cl_relation":"is","cl_val":"Option - 4"}}]}],"subtype":"text","price":"","cl_rule":"show","col":6,"type":"text","error":false,"gt_translate_keys":["label","description","value"],"price_dependency":false,"cl_dependency":false}],[{"active":true,"col":6,"relations":false,"cl_rule":"show","enableCl":false,"price":"","enablePrice":false,"className":"","label_position":"default","desc_position":"default","type":"text","subtype":"text","required":false,"elementId":"text_067a23f2c2bad7","label":"Commentaires\/Consignes","name":"text_067a23f2c2bad7","value":"","description":"Fa\u00eetes-nous part de la moindre remarque, notre \u00e9quipe r\u00e9pondra au mieux \u00e0 vos attentes.","error":false,"gt_translate_keys":["label","description","value"],"price_dependency":false,"cl_dependency":false}]]},"sec_564dfa27b59f19":{"extra":{"key":"sec_564dfa27b59f19","section_id":"sec_564dfa27b59f19","name":"Default","status":1,"cl_rule":"show","enableCl":false,"relations":[],"toggle":true,"title_tag":"h3","show_title":false,"showPrice":"default","form_id":808886,"form_rules":{"exclude_from_discount":false,"fee_label":"Frais","disp_hide_options_price":false,"disp_show_section_price":false,"disp_show_field_price":true,"layout_option":"standard","pric_use_as_fee":false,"process_fee_as":"woo_fee"},"layout_option":"standard"},"fields":[[{"type":"checkbox-group","required":true,"elementId":"wcpa-checkbox-group-1689956920155","label":"Conditions particuli\u00e8res","description":"","desc_type":true,"priceOptions":"different_for_all","pricingType":"fixed","name":"checkbox-group-1689956920155","min_options":"1","cl_rule":"show","col":6,"values":[{"label":"Les r\u00e9servations qui ont lieu les week-end et jours f\u00e9ri\u00e9s ne sont ni annulables, ni d\u00e9pla\u00e7ables (sauf justification valable). Les r\u00e9servations ayant lieu en semaine sont, elles, d\u00e9pla\u00e7ables jusqu\u2019\u00e0 48h avant la date de r\u00e9servation.","value":"option-1","price":"","pimage":"","pimage_id":"","pthumb":"","tempId":"aco_2775","gt_translate_keys":["label"]},{"label":"Les retards de plus de 10 minutes ne seront pas accept\u00e9s. Toutefois, si vous nous informez \u00e0 l'avance d'une situation impr\u00e9vue, nous pourrons envisager de reprogrammer votre atelier.","value":"Option - 8","selected":false,"tempId":"aco_2795","gt_translate_keys":["label"]}],"relations":false,"active":true,"tooltip":"Veuillez accepter en cochant cette case","layOut":"","checkUi":"","error":false,"hideFieldIn_cart":true,"hideFieldIn_order":true,"gt_translate_keys":["label","description","tooltip"],"price_dependency":false,"cl_dependency":false,"value":""}]]}},"config":{"price_override":"","enable_recaptcha":false,"bind_quantity":false,"quantity_bind_formula":false,"disp_summ_show_option_price":true,"disp_summ_show_product_price":true,"disp_summ_show_total_price":true,"disp_summ_show_fee":false,"disp_summ_show_discount":false,"summary_title":"","options_total_label":"Prix des options","total_label":"Total","options_product_label":"Prix du produit","fee_label":"Frais","discount_label":"Remise","has_price":true,"has_quantity_formula":false},"mc_unit":1,"tax_rate":1,"tax_rate_real":0.2,"discount":{"percentage":0,"fixed":0},"design":{"conf":{"LabelPosition":"above","DescPosition":"above","UploadField":"custom_1","QuantityFieldStyle":"default"},"css":{"LeftLabelWidth":"120px"}},"formulas":[],"lookuptables":[],"clones":false,"cartKey":false}},"_links":{"self":[{"href":"https:\/\/studiodesparfums-paris.fr\/en_us\/wp-json\/wp\/v2\/product\/874819","targetHints":{"allow":["GET"]}}],"collection":[{"href":"https:\/\/studiodesparfums-paris.fr\/en_us\/wp-json\/wp\/v2\/product"}],"about":[{"href":"https:\/\/studiodesparfums-paris.fr\/en_us\/wp-json\/wp\/v2\/types\/product"}],"version-history":[{"count":0,"href":"https:\/\/studiodesparfums-paris.fr\/en_us\/wp-json\/wp\/v2\/product\/874819\/revisions"}],"wp:featuredmedia":[{"embeddable":true,"href":"https:\/\/studiodesparfums-paris.fr\/en_us\/wp-json\/wp\/v2\/media\/874787"}],"wp:attachment":[{"href":"https:\/\/studiodesparfums-paris.fr\/en_us\/wp-json\/wp\/v2\/media?parent=874819"}],"wp:term":[{"taxonomy":"product_brand","embeddable":true,"href":"https:\/\/studiodesparfums-paris.fr\/en_us\/wp-json\/wp\/v2\/product_brand?post=874819"},{"taxonomy":"product_cat","embeddable":true,"href":"https:\/\/studiodesparfums-paris.fr\/en_us\/wp-json\/wp\/v2\/product_cat?post=874819"},{"taxonomy":"product_tag","embeddable":true,"href":"https:\/\/studiodesparfums-paris.fr\/en_us\/wp-json\/wp\/v2\/product_tag?post=874819"}],"curies":[{"name":"wp","href":"https:\/\/api.w.org\/{rel}","templated":true}]}}