{"id":858829,"date":"2024-10-31T18:11:49","date_gmt":"2024-10-31T17:11:49","guid":{"rendered":"https:\/\/studiodesparfums-paris.fr\/?post_type=product&#038;p=858829"},"modified":"2024-12-01T13:04:37","modified_gmt":"2024-12-01T12:04:37","slug":"nez-a-nez","status":"publish","type":"product","link":"https:\/\/studiodesparfums-paris.fr\/en_us\/boutique\/nez-a-nez\/","title":{"rendered":"Nose to Nose"},"content":{"rendered":"<p><strong>D\u00e9couvrez l\u2019atelier priv\u00e9 \u201cNez \u00e0 Nez\u201d<\/strong>, une immersion captivante dans l\u2019art de la parfumerie, o\u00f9 votre sens de l\u2019odorat sera mis \u00e0 l\u2019honneur. Cet atelier d\u00e9bute par une introduction interactive au monde fascinant des senteurs, anim\u00e9e par nos parfumeurs passionn\u00e9s, qui partageront leur expertise et leur amour pour les mati\u00e8res premi\u00e8res.<\/p>\n<p>Au cours de cet atelier, vous aurez l\u2019occasion d\u2019explorer une palette vari\u00e9e de notes olfactives, allant des notes de t\u00eate aux notes de fond, qui forment la pyramide olfactive. Vous d\u00e9couvrirez des ar\u00f4mes envo\u00fbtants tels que la\u00a0<strong>bergamote<\/strong>\u00a0p\u00e9tillante, le\u00a0<strong>musc<\/strong>\u00a0sensuel, le\u00a0<strong>patchouli<\/strong>\u00a0terreux et le\u00a0<strong>sandalwood<\/strong>\u00a0cr\u00e9meux. Chaque senteur sera pr\u00e9sent\u00e9e de mani\u00e8re \u00e0 \u00e9veiller votre curiosit\u00e9 et \u00e0 enrichir votre exp\u00e9rience.<\/p>\n<p>Au fil de cette\u00a0<strong>exp\u00e9rience immersive<\/strong>, vous serez guid\u00e9 par nos artisans parfumeurs, qui vous prodigueront des conseils avis\u00e9s pour vous aider \u00e0 ma\u00eetriser l\u2019art de la composition olfactive. Ensemble, vous apprendrez \u00e0 jouer sur l\u2019harmonie des effluves floraux, fruit\u00e9s et bois\u00e9s, afin de cr\u00e9er un parfum qui refl\u00e8te v\u00e9ritablement votre personnalit\u00e9 et vos \u00e9motions.<\/p>\n<p>\u00c0 l\u2019issue de l\u2019atelier<strong>\u00a0\u201cNez \u00e0 Nez\u201d<\/strong>, vous repartirez avec vos\u00a0<strong>deux parfums personnalis\u00e9s<\/strong>, vos parfums sur mesures soigneusement pr\u00e9sent\u00e9s dans de jolis flacons de 50 ml. Ces cr\u00e9ations uniques ne sont pas seulement des parfums, mais des souvenirs imp\u00e9rissables de votre voyage au c\u0153ur de la parfumerie fran\u00e7aise, des \u0153uvres d\u2019art olfactives que vous pourrez ch\u00e9rir et partager.<\/p>\n<p>Rejoignez-nous pour cet atelier\u00a0<strong>\u201cNez \u00e0 Nez\u201d<\/strong>\u00a0et laissez-vous emporter par le plaisir de cr\u00e9er votre propre parfum, une exp\u00e9rience sensorielle que vous n\u2019oublierez jamais.<\/p>","protected":false},"excerpt":{"rendered":"<p>Plongez dans l\u2019univers envo\u00fbtant de notre atelier<strong>\u00a0\u201cNez \u00e0 Nez\u201d<\/strong>\u00a0de\u00a0<strong>cr\u00e9ation de parfum \u00e0 Paris<\/strong>.\u00a0<strong>En duo,<\/strong>\u00a0vivez une soir\u00e9e unique et intime avec notre parfumeur expert. Explorez les secrets fascinants des fragrances, des notes florales d\u00e9licates aux accords bois\u00e9s chaleureux. Laissez-vous s\u00e9duire par les ar\u00f4mes envo\u00fbtants et repartez avec\u00a0<strong>deux eaux de parfum de 50 ml<\/strong>\u00a0qui capturent votre\u00a0<strong>personnalit\u00e9 et vos \u00e9motions<\/strong>. C\u2019est une exp\u00e9rience sensorielle et personnalis\u00e9e inoubliable, o\u00f9 chaque goutte raconte votre histoire.<\/p>","protected":false},"featured_media":849855,"template":"","meta":{"_acf_changed":false,"_seopress_robots_primary_cat":"none","_seopress_titles_title":"Atelier \"Nez \u00e0 Nez\" : Parfum sur mesure - Le Studio des Parfums","_seopress_titles_desc":"Participez \u00e0 l'atelier \"Nez \u00e0 Nez\" et cr\u00e9ez deux parfums uniques, guid\u00e9 par nos experts en parfumerie. Un cadeau de No\u00ebl personnalis\u00e9 !","_seopress_robots_index":""},"product_brand":[],"product_cat":[15],"product_tag":[],"class_list":{"0":"post-858829","1":"product","2":"type-product","3":"status-publish","4":"has-post-thumbnail","6":"product_cat-uncategorized","7":"wcpa_has_options","9":"first","10":"instock","11":"virtual","12":"sold-individually","13":"taxable","14":"purchasable","15":"product-type-booking"},"booking_location":"","booking_location_type":"","booking_duration":1,"booking_duration_unit":"day","booking_buffer":0,"booking_cost":340,"booking_resources":[],"acf":[],"wcpa_form_fields":{"wcpaData":{"product":{"product_price":340,"price_html":"<span class=\"woocommerce-Price-amount amount\"><bdi>340<span class=\"woocommerce-Price-currencySymbol\">&euro;<\/span><\/bdi><\/span>","original_product_price":340,"price_including_tax":340,"price_excluding_tax":283.333333,"product_id":{"parent":858829,"variation":false},"is_variable":false,"stock_status":"instock","stock_quantity":null,"parent_sku":"","product_attributes":[],"custom_fields":[],"is_taxable":true,"product_name":"Nez \u00e0 Nez","hasImage":false},"fields":{"sec_564dfa27b59f19":{"extra":{"key":"sec_564dfa27b59f19","section_id":"sec_564dfa27b59f19","name":"Default","status":1,"cl_rule":"show","enableCl":false,"relations":[],"toggle":true,"title_tag":"h3","show_title":false,"showPrice":"default","form_id":808886,"form_rules":{"exclude_from_discount":false,"fee_label":"Frais","disp_hide_options_price":false,"disp_show_section_price":false,"disp_show_field_price":true,"layout_option":"standard","pric_use_as_fee":false,"process_fee_as":"woo_fee"},"layout_option":"standard"},"fields":[[{"type":"checkbox-group","required":true,"elementId":"wcpa-checkbox-group-1689956920155","label":"Conditions particuli\u00e8res","description":"","desc_type":true,"priceOptions":"different_for_all","pricingType":"fixed","name":"checkbox-group-1689956920155","min_options":"1","cl_rule":"show","col":6,"values":[{"label":"Les r\u00e9servations qui ont lieu les week-end et jours f\u00e9ri\u00e9s ne sont ni annulables, ni d\u00e9pla\u00e7ables (sauf justification valable). Les r\u00e9servations ayant lieu en semaine sont, elles, d\u00e9pla\u00e7ables jusqu\u2019\u00e0 48h avant la date de r\u00e9servation.","value":"option-1","price":"","pimage":"","pimage_id":"","pthumb":"","tempId":"aco_2775","gt_translate_keys":["label"]},{"label":"Les retards de plus de 10 minutes ne seront pas accept\u00e9s. Toutefois, si vous nous informez \u00e0 l'avance d'une situation impr\u00e9vue, nous pourrons envisager de reprogrammer votre atelier.","value":"Option - 8","selected":false,"tempId":"aco_2795","gt_translate_keys":["label"]}],"relations":false,"active":true,"tooltip":"Veuillez accepter en cochant cette case","layOut":"","checkUi":"","error":false,"hideFieldIn_cart":true,"hideFieldIn_order":true,"gt_translate_keys":["label","description","tooltip"],"price_dependency":false,"cl_dependency":false,"value":""}]]},"sec_964e71c60bc365":{"extra":{"key":"sec_964e71c60bc365","section_id":"sec_964e71c60bc365","name":"Default","status":1,"cl_rule":"show","enableCl":false,"relations":[],"toggle":true,"title_tag":"h3","show_title":false,"showPrice":"default","form_id":821918,"form_rules":{"exclude_from_discount":false,"fee_label":"Frais","disp_hide_options_price":false,"disp_show_section_price":false,"disp_show_field_price":true,"layout_option":"standard","pric_use_as_fee":false,"process_fee_as":"woo_fee"},"layout_option":"standard"},"fields":[[{"active":true,"col":6,"relations":false,"cl_rule":"show","enableCl":false,"price":"","enablePrice":true,"className":"","label_position":"default","desc_position":"default","type":"checkbox-group","required":false,"elementId":"checkgroup_8834543426","label":"Sublimez votre atelier en choisissant des options exclusives (cliquez ci-dessous) :","name":"checkgroup_8834543426","values":[{"label":"Une coupe de champagne - Sparkling flower","value":"Option - 1","selected":false,"tempId":"aco_3469","price":"12","gt_translate_keys":["label"]},{"label":"Un vaporisateur de voyage au choix","value":"Option - 2","selected":false,"tempId":"aco_3470","price":"10","gt_translate_keys":["label"]},{"label":"Ruban personnalis\u00e9 sur mesure","value":"Option - 4","selected":false,"tempId":"aco_3481","price":"7","gt_translate_keys":["label"]},{"label":"Dipl\u00f4me d'apprenti parfumeur","value":"Option - 5","selected":false,"tempId":"aco_3491","price":"7","gt_translate_keys":["label"]},{"label":"Participant(s) suppl\u00e9mentaire(s)","value":"Option - 6","selected":false,"tempId":"aco_3501","price":"85","gt_translate_keys":["label"]},{"label":"R\u00e9servation en soir\u00e9e \u00e0 partir de 19h30","value":"Option - 3","selected":false,"tempId":"aco_397","price":"50","gt_translate_keys":["label"]},{"label":"R\u00e9servation en Week-end","value":"Option - 7","selected":false,"tempId":"aco_3646","price":"75","gt_translate_keys":["label"]}],"layOut":"","error":false,"checkUi":"","priceOptions":"different_for_all","pricingType":"multiply","use_as_fee":true,"enable_quantity":true,"quantity_label":"","min_quantity":"1","gt_translate_keys":["label","quantity_label"],"price_dependency":false,"cl_dependency":["text_964e71c60bc3b3"],"value":""}],[{"active":true,"col":6,"relations":[{"operator":false,"rules":[{"operator":"AND","rules":{"cl_field":"checkgroup_8834543426","cl_relation":"is","cl_val":"Option - 7"}}]}],"cl_rule":"show","enableCl":true,"price":"","enablePrice":false,"className":"","label_position":"default","desc_position":"default","type":"text","subtype":"text","required":true,"elementId":"text_964e71c60bc3b3","label":"Adresse Postale (Nom\/Pr\u00e9nom, adresse, code postal, ville, pays)","name":"text_964e71c60bc3b3","value":"","error":false,"description":"Exemple: Henri Dupont, 7 rue des Francs Bourgeois, 75004, Paris, France.","gt_translate_keys":["label","description","value"],"price_dependency":false,"cl_dependency":false}],[{"active":true,"col":6,"relations":false,"cl_rule":"show","enableCl":false,"price":"","enablePrice":false,"className":"","label_position":"default","desc_position":"default","type":"text","subtype":"text","required":false,"elementId":"text_5025844054","label":"Commentaires\/Consignes","name":"text_5025844054","value":"","description":"Fa\u00eetes-nous part de la moindre remarque, notre \u00e9quipe r\u00e9pondra au mieux \u00e0 vos attentes.","error":false,"gt_translate_keys":["label","description","value"],"price_dependency":false,"cl_dependency":false}]]}},"config":{"price_override":"","enable_recaptcha":false,"bind_quantity":false,"quantity_bind_formula":false,"disp_summ_show_option_price":true,"disp_summ_show_product_price":true,"disp_summ_show_total_price":true,"disp_summ_show_fee":false,"disp_summ_show_discount":false,"summary_title":"","options_total_label":"Prix des options","total_label":"Total","options_product_label":"Prix du produit","fee_label":"Frais","discount_label":"Remise","has_price":true,"has_quantity_formula":false},"mc_unit":1,"tax_rate":1,"tax_rate_real":0.2,"discount":{"percentage":0,"fixed":0},"design":{"conf":{"LabelPosition":"above","DescPosition":"above","UploadField":"custom_1","QuantityFieldStyle":"default"},"css":{"LeftLabelWidth":"120px"}},"formulas":[],"lookuptables":[],"clones":false,"cartKey":false}},"_links":{"self":[{"href":"https:\/\/studiodesparfums-paris.fr\/en_us\/wp-json\/wp\/v2\/product\/858829","targetHints":{"allow":["GET"]}}],"collection":[{"href":"https:\/\/studiodesparfums-paris.fr\/en_us\/wp-json\/wp\/v2\/product"}],"about":[{"href":"https:\/\/studiodesparfums-paris.fr\/en_us\/wp-json\/wp\/v2\/types\/product"}],"version-history":[{"count":1,"href":"https:\/\/studiodesparfums-paris.fr\/en_us\/wp-json\/wp\/v2\/product\/858829\/revisions"}],"predecessor-version":[{"id":885774,"href":"https:\/\/studiodesparfums-paris.fr\/en_us\/wp-json\/wp\/v2\/product\/858829\/revisions\/885774"}],"wp:featuredmedia":[{"embeddable":true,"href":"https:\/\/studiodesparfums-paris.fr\/en_us\/wp-json\/wp\/v2\/media\/849855"}],"wp:attachment":[{"href":"https:\/\/studiodesparfums-paris.fr\/en_us\/wp-json\/wp\/v2\/media?parent=858829"}],"wp:term":[{"taxonomy":"product_brand","embeddable":true,"href":"https:\/\/studiodesparfums-paris.fr\/en_us\/wp-json\/wp\/v2\/product_brand?post=858829"},{"taxonomy":"product_cat","embeddable":true,"href":"https:\/\/studiodesparfums-paris.fr\/en_us\/wp-json\/wp\/v2\/product_cat?post=858829"},{"taxonomy":"product_tag","embeddable":true,"href":"https:\/\/studiodesparfums-paris.fr\/en_us\/wp-json\/wp\/v2\/product_tag?post=858829"}],"curies":[{"name":"wp","href":"https:\/\/api.w.org\/{rel}","templated":true}]}}