{"id":857370,"date":"2024-09-25T10:37:52","date_gmt":"2024-09-25T08:37:52","guid":{"rendered":"https:\/\/studiodesparfums-paris.fr\/?post_type=product&#038;p=857370"},"modified":"2025-04-22T11:46:27","modified_gmt":"2025-04-22T09:46:27","slug":"nez-a-nez-reservation","status":"publish","type":"product","link":"https:\/\/studiodesparfums-paris.fr\/en_us\/boutique\/nez-a-nez-reservation\/","title":{"rendered":"Nose to Nose"},"content":{"rendered":"<p><b>Atelier Priv\u00e9 : Cr\u00e9ez votre parfum sur mesure<\/b><\/p>\n<p>Vivez une\u00a0<b>exp\u00e9rience olfactive personnalis\u00e9e<\/b>\u00a0avec cet atelier priv\u00e9, guid\u00e9 par nos\u00a0<b>parfumeurs passionn\u00e9s<\/b>. Apr\u00e8s une introduction interactive \u00e0 la\u00a0<b>perfumery<\/b>, vous explorerez les\u00a0<b>top, heart and bottom notes<\/b>\u00a0qui composent la pyramide olfactive.<\/p>\n<p><b>On the agenda:<\/b><b><br \/>\n<\/b>\u2013 S\u00e9lection et d\u00e9couverte de diverses essences propos\u00e9es par Le Studio des Parfums<br \/>\n\u2013 Conseils personnalis\u00e9s pour ajuster et harmoniser votre fragrance<br \/>\n-\u00a0<b>Repartez avec deux flacons de 50 ml<\/b>\u00a0de vos cr\u00e9ations uniques<\/p>\n<p><b>Un moment privil\u00e9gi\u00e9<\/b>\u00a0pour concevoir des parfums qui vous ressemblent, dans un cadre intime et raffin\u00e9.<\/p>","protected":false},"excerpt":{"rendered":"<p>Let yourself be seduced by this <strong>private workshop<\/strong> where you can create your own tailor-made perfumes. As a duo, enjoy an evening of \"Nose to Nose\" with our perfumer. Discover the magical world of perfumery and leave with your own 2 eaux de parfum. <strong>50ml<\/strong>.<\/p>","protected":false},"featured_media":849855,"template":"","meta":{"_acf_changed":false,"_seopress_robots_primary_cat":"none","_seopress_titles_title":"Atelier Nocturne \"Nez \u00e0 Nez\" - Le Studio des Parfums","_seopress_titles_desc":"Partagez une soir\u00e9e d'exception avec notre atelier nocturne \"Nez \u00e0 Nez\". Accompagn\u00e9 d'un parfumeur et de votre partenaire, d\u00e9couvrez l'art de la cr\u00e9ation.","_seopress_robots_index":""},"product_brand":[],"product_cat":[75,119],"product_tag":[],"class_list":{"0":"post-857370","1":"product","2":"type-product","3":"status-publish","4":"has-post-thumbnail","6":"product_cat-atelier-en-presentiel","7":"product_cat-pour-soi","8":"wcpa_has_options","10":"first","11":"instock","12":"virtual","13":"sold-individually","14":"taxable","15":"purchasable","16":"product-type-booking"},"booking_location":"","booking_location_type":"","booking_duration":1,"booking_duration_unit":"day","booking_buffer":0,"booking_cost":340,"booking_resources":[],"acf":[],"wcpa_form_fields":{"wcpaData":{"product":{"product_price":340,"price_html":"<span class=\"woocommerce-Price-amount amount\"><bdi>340<span class=\"woocommerce-Price-currencySymbol\">&euro;<\/span><\/bdi><\/span>","original_product_price":340,"price_including_tax":340,"price_excluding_tax":283.333333,"product_id":{"parent":857370,"variation":false},"is_variable":false,"stock_status":"instock","stock_quantity":null,"parent_sku":"805395-2-1","product_attributes":[],"custom_fields":[],"is_taxable":true,"product_name":"Nez \u00e0 Nez","hasImage":false},"fields":{"sec_964e71c60bc365":{"extra":{"key":"sec_964e71c60bc365","section_id":"sec_964e71c60bc365","name":"Default","status":1,"cl_rule":"show","enableCl":false,"relations":[],"toggle":true,"title_tag":"h3","show_title":false,"showPrice":"default","form_id":821918,"form_rules":{"exclude_from_discount":false,"fee_label":"Frais","disp_hide_options_price":false,"disp_show_section_price":false,"disp_show_field_price":true,"layout_option":"standard","pric_use_as_fee":false,"process_fee_as":"woo_fee"},"layout_option":"standard"},"fields":[[{"active":true,"col":6,"relations":false,"cl_rule":"show","enableCl":false,"price":"","enablePrice":true,"className":"","label_position":"default","desc_position":"default","type":"checkbox-group","required":false,"elementId":"checkgroup_8834543426","label":"Sublimez votre atelier en choisissant des options exclusives (cliquez ci-dessous) :","name":"checkgroup_8834543426","values":[{"label":"Une coupe de champagne - Sparkling flower","value":"Option - 1","selected":false,"tempId":"aco_3469","price":"12","gt_translate_keys":["label"]},{"label":"Un vaporisateur de voyage au choix","value":"Option - 2","selected":false,"tempId":"aco_3470","price":"10","gt_translate_keys":["label"]},{"label":"Ruban personnalis\u00e9 sur mesure","value":"Option - 4","selected":false,"tempId":"aco_3481","price":"7","gt_translate_keys":["label"]},{"label":"Dipl\u00f4me d'apprenti parfumeur","value":"Option - 5","selected":false,"tempId":"aco_3491","price":"7","gt_translate_keys":["label"]},{"label":"Participant(s) suppl\u00e9mentaire(s)","value":"Option - 6","selected":false,"tempId":"aco_3501","price":"85","gt_translate_keys":["label"]},{"label":"R\u00e9servation en soir\u00e9e \u00e0 partir de 19h30","value":"Option - 3","selected":false,"tempId":"aco_397","price":"50","gt_translate_keys":["label"]},{"label":"R\u00e9servation en Week-end","value":"Option - 7","selected":false,"tempId":"aco_3646","price":"75","gt_translate_keys":["label"]}],"layOut":"","error":false,"checkUi":"","priceOptions":"different_for_all","pricingType":"multiply","use_as_fee":true,"enable_quantity":true,"quantity_label":"","min_quantity":"1","gt_translate_keys":["label","quantity_label"],"price_dependency":false,"cl_dependency":["text_964e71c60bc3b3"],"value":""}],[{"active":true,"col":6,"relations":[{"operator":false,"rules":[{"operator":"AND","rules":{"cl_field":"checkgroup_8834543426","cl_relation":"is","cl_val":"Option - 7"}}]}],"cl_rule":"show","enableCl":true,"price":"","enablePrice":false,"className":"","label_position":"default","desc_position":"default","type":"text","subtype":"text","required":true,"elementId":"text_964e71c60bc3b3","label":"Adresse Postale (Nom\/Pr\u00e9nom, adresse, code postal, ville, pays)","name":"text_964e71c60bc3b3","value":"","error":false,"description":"Exemple: Henri Dupont, 7 rue des Francs Bourgeois, 75004, Paris, France.","gt_translate_keys":["label","description","value"],"price_dependency":false,"cl_dependency":false}],[{"active":true,"col":6,"relations":false,"cl_rule":"show","enableCl":false,"price":"","enablePrice":false,"className":"","label_position":"default","desc_position":"default","type":"text","subtype":"text","required":false,"elementId":"text_5025844054","label":"Commentaires\/Consignes","name":"text_5025844054","value":"","description":"Fa\u00eetes-nous part de la moindre remarque, notre \u00e9quipe r\u00e9pondra au mieux \u00e0 vos attentes.","error":false,"gt_translate_keys":["label","description","value"],"price_dependency":false,"cl_dependency":false}]]},"sec_564dfa27b59f19":{"extra":{"key":"sec_564dfa27b59f19","section_id":"sec_564dfa27b59f19","name":"Default","status":1,"cl_rule":"show","enableCl":false,"relations":[],"toggle":true,"title_tag":"h3","show_title":false,"showPrice":"default","form_id":808886,"form_rules":{"exclude_from_discount":false,"fee_label":"Frais","disp_hide_options_price":false,"disp_show_section_price":false,"disp_show_field_price":true,"layout_option":"standard","pric_use_as_fee":false,"process_fee_as":"woo_fee"},"layout_option":"standard"},"fields":[[{"type":"checkbox-group","required":true,"elementId":"wcpa-checkbox-group-1689956920155","label":"Conditions particuli\u00e8res","description":"","desc_type":true,"priceOptions":"different_for_all","pricingType":"fixed","name":"checkbox-group-1689956920155","min_options":"1","cl_rule":"show","col":6,"values":[{"label":"Les r\u00e9servations qui ont lieu les week-end et jours f\u00e9ri\u00e9s ne sont ni annulables, ni d\u00e9pla\u00e7ables (sauf justification valable). Les r\u00e9servations ayant lieu en semaine sont, elles, d\u00e9pla\u00e7ables jusqu\u2019\u00e0 48h avant la date de r\u00e9servation.","value":"option-1","price":"","pimage":"","pimage_id":"","pthumb":"","tempId":"aco_2775","gt_translate_keys":["label"]},{"label":"Les retards de plus de 10 minutes ne seront pas accept\u00e9s. Toutefois, si vous nous informez \u00e0 l'avance d'une situation impr\u00e9vue, nous pourrons envisager de reprogrammer votre atelier.","value":"Option - 8","selected":false,"tempId":"aco_2795","gt_translate_keys":["label"]}],"relations":false,"active":true,"tooltip":"Veuillez accepter en cochant cette case","layOut":"","checkUi":"","error":false,"hideFieldIn_cart":true,"hideFieldIn_order":true,"gt_translate_keys":["label","description","tooltip"],"price_dependency":false,"cl_dependency":false,"value":""}]]}},"config":{"price_override":"","enable_recaptcha":false,"bind_quantity":false,"quantity_bind_formula":false,"disp_summ_show_option_price":true,"disp_summ_show_product_price":true,"disp_summ_show_total_price":true,"disp_summ_show_fee":false,"disp_summ_show_discount":false,"summary_title":"","options_total_label":"Prix des options","total_label":"Total","options_product_label":"Prix du produit","fee_label":"Frais","discount_label":"Discount","has_price":true,"has_quantity_formula":false},"mc_unit":1,"tax_rate":1,"tax_rate_real":0.2,"discount":{"percentage":0,"fixed":0},"design":{"conf":{"LabelPosition":"above","DescPosition":"above","UploadField":"custom_1","QuantityFieldStyle":"default"},"css":{"LeftLabelWidth":"120px"}},"formulas":[],"lookuptables":[],"clones":false,"cartKey":false}},"_links":{"self":[{"href":"https:\/\/studiodesparfums-paris.fr\/en_us\/wp-json\/wp\/v2\/product\/857370","targetHints":{"allow":["GET"]}}],"collection":[{"href":"https:\/\/studiodesparfums-paris.fr\/en_us\/wp-json\/wp\/v2\/product"}],"about":[{"href":"https:\/\/studiodesparfums-paris.fr\/en_us\/wp-json\/wp\/v2\/types\/product"}],"version-history":[{"count":0,"href":"https:\/\/studiodesparfums-paris.fr\/en_us\/wp-json\/wp\/v2\/product\/857370\/revisions"}],"wp:featuredmedia":[{"embeddable":true,"href":"https:\/\/studiodesparfums-paris.fr\/en_us\/wp-json\/wp\/v2\/media\/849855"}],"wp:attachment":[{"href":"https:\/\/studiodesparfums-paris.fr\/en_us\/wp-json\/wp\/v2\/media?parent=857370"}],"wp:term":[{"taxonomy":"product_brand","embeddable":true,"href":"https:\/\/studiodesparfums-paris.fr\/en_us\/wp-json\/wp\/v2\/product_brand?post=857370"},{"taxonomy":"product_cat","embeddable":true,"href":"https:\/\/studiodesparfums-paris.fr\/en_us\/wp-json\/wp\/v2\/product_cat?post=857370"},{"taxonomy":"product_tag","embeddable":true,"href":"https:\/\/studiodesparfums-paris.fr\/en_us\/wp-json\/wp\/v2\/product_tag?post=857370"}],"curies":[{"name":"wp","href":"https:\/\/api.w.org\/{rel}","templated":true}]}}