{"id":857368,"date":"2024-09-25T10:24:22","date_gmt":"2024-09-25T08:24:22","guid":{"rendered":"https:\/\/studiodesparfums-paris.fr\/?post_type=product&#038;p=857368"},"modified":"2025-04-22T11:48:55","modified_gmt":"2025-04-22T09:48:55","slug":"nez-a-nez-prestige-reservation","status":"publish","type":"product","link":"https:\/\/studiodesparfums-paris.fr\/en_us\/boutique\/nez-a-nez-prestige-reservation\/","title":{"rendered":"Nez \u00e0 Nez Prestige"},"content":{"rendered":"<p><b>Atelier Priv\u00e9 : Cr\u00e9ez vos parfums sur mesure<\/b><\/p>\n<p>Plongez dans l\u2019univers de la parfumerie avec cet atelier priv\u00e9, anim\u00e9 par nos\u00a0<b>parfumeurs passionn\u00e9s.<\/b>\u00a0Apr\u00e8s une introduction interactive, vous explorerez les notes de\u00a0<b>fond, de c\u0153ur et de t\u00eate<\/b>, formant la pyramide olfactive, et d\u00e9couvrirez une large gamme de senteurs.<\/p>\n<p>On the agenda:<br \/>\n\u2013 S\u00e9lection des essences et conseils personnalis\u00e9s pour cr\u00e9er votre parfum unique<br \/>\n\u2013 Accompagnement expert pour \u00e9quilibrer et doser les diff\u00e9rentes notes<br \/>\n-<b>\u00a0Repartez avec deux flacons de 50 ml\u00a0<\/b>de vos cr\u00e9ations sur mesure<\/p>\n<p><b>Un voyage sensoriel intime,<\/b>\u00a0pour concevoir des parfums qui vous ressemblent, dans un cadre raffin\u00e9 et chaleureux.<\/p>","protected":false},"excerpt":{"rendered":"<p class=\"translation-block\">Let yourself be enchanted by this private perfume creation workshop, where together you'll create your own customized fragrances. As a duo, enjoy an exclusive \u2018Nez \u00e0 Nez\u2019 evening with our perfumer, accompanied by champagne and a more concentrated perfume organ, for an exceptional olfactory experience.<\/p>","protected":false},"featured_media":806702,"template":"","meta":{"_acf_changed":false,"_seopress_robots_primary_cat":"none","_seopress_titles_title":"Nez \u00e0 Nez Prestige \u2013 Parfum sur mesure en duo - Le Studio des Parfums","_seopress_titles_desc":"Participez \u00e0 l'atelier Nez \u00e0 Nez Prestige et cr\u00e9ez votre parfum sur mesure en duo avec champagne inclus. Repartez avec deux eaux de parfum uniques de 50 ml.","_seopress_robots_index":""},"product_brand":[],"product_cat":[75,119],"product_tag":[],"class_list":{"0":"post-857368","1":"product","2":"type-product","3":"status-publish","4":"has-post-thumbnail","6":"product_cat-atelier-en-presentiel","7":"product_cat-pour-soi","8":"wcpa_has_options","10":"first","11":"instock","12":"virtual","13":"sold-individually","14":"taxable","15":"purchasable","16":"product-type-booking"},"booking_location":"","booking_location_type":"","booking_duration":1,"booking_duration_unit":"day","booking_buffer":0,"booking_cost":420,"booking_resources":[],"acf":[],"wcpa_form_fields":{"wcpaData":{"product":{"product_price":420,"price_html":"<span class=\"woocommerce-Price-amount amount\"><bdi>420<span class=\"woocommerce-Price-currencySymbol\">&euro;<\/span><\/bdi><\/span>","original_product_price":420,"price_including_tax":420,"price_excluding_tax":350,"product_id":{"parent":857368,"variation":false},"is_variable":false,"stock_status":"instock","stock_quantity":null,"parent_sku":"805395-2-2-1","product_attributes":[],"custom_fields":[],"is_taxable":true,"product_name":"Nez \u00e0 Nez Prestige","hasImage":false},"fields":{"sec_066ebf6d22ed6b":{"extra":{"key":"sec_066ebf6d22ed6b","section_id":"sec_066ebf6d22ed6b","name":"Default","status":1,"cl_rule":"show","enableCl":false,"relations":[],"toggle":true,"title_tag":"h3","show_title":false,"showPrice":"default","form_id":857070,"form_rules":{"exclude_from_discount":false,"fee_label":"Frais","disp_hide_options_price":false,"disp_show_section_price":false,"disp_show_field_price":true,"layout_option":"standard","pric_use_as_fee":false,"process_fee_as":"woo_fee"},"layout_option":"standard"},"fields":[[{"active":true,"col":6,"relations":false,"cl_rule":"show","enableCl":false,"price":"","enablePrice":true,"className":"","label_position":"default","desc_position":"default","type":"checkbox-group","required":false,"elementId":"checkbox-group_466ebf6d22edd5","label":"Sublimez votre atelier en choisissant des options exclusives (cliquez ci-dessous) :","name":"checkbox-group_466ebf6d22edd5","values":[{"label":"Un vaporisateur de voyage au choix","value":"Option - 2","selected":false,"tempId":"aco_3470","price":"10","gt_translate_keys":["label"]},{"label":"Ruban personnalis\u00e9 sur mesure","value":"Option - 4","selected":false,"tempId":"aco_3481","price":"7","gt_translate_keys":["label"]},{"label":"Dipl\u00f4me d'apprenti parfumeur","value":"Option - 5","selected":false,"tempId":"aco_3491","price":"7","gt_translate_keys":["label"]},{"label":"Participant(s) suppl\u00e9mentaire(s)","value":"Option - 6","selected":false,"tempId":"aco_3501","price":"85","gt_translate_keys":["label"]},{"label":"R\u00e9servation en soir\u00e9e \u00e0 partir de 19h30","value":"Option - 3","selected":false,"tempId":"aco_397","price":"50","gt_translate_keys":["label"]},{"label":"R\u00e9servation en Week-end","value":"Option - 7","selected":false,"tempId":"aco_3646","price":"75","gt_translate_keys":["label"]}],"layOut":"","error":false,"checkUi":"","priceOptions":"different_for_all","pricingType":"multiply","use_as_fee":true,"enable_quantity":true,"quantity_label":"","min_quantity":"1","gt_translate_keys":["label","quantity_label"],"price_dependency":false,"cl_dependency":["text_466ebf6d22edf2"],"value":""}],[{"active":true,"col":6,"relations":[{"operator":false,"rules":[{"operator":"AND","rules":{"cl_field":"checkbox-group_466ebf6d22edd5","cl_relation":"is","cl_val":"Option - 7"}}]}],"cl_rule":"show","enableCl":true,"price":"","enablePrice":false,"className":"","label_position":"default","desc_position":"default","type":"text","subtype":"text","required":true,"elementId":"text_466ebf6d22edf2","label":"Adresse Postale (Nom\/Pr\u00e9nom, adresse, code postal, ville, pays)","name":"text_466ebf6d22edf2","value":"","error":false,"description":"Exemple: Henri Dupont, 7 rue des Francs Bourgeois, 75004, Paris, France.","gt_translate_keys":["label","description","value"],"price_dependency":false,"cl_dependency":false}],[{"active":true,"col":6,"relations":false,"cl_rule":"show","enableCl":false,"price":"","enablePrice":false,"className":"","label_position":"default","desc_position":"default","type":"text","subtype":"text","required":false,"elementId":"text_166ebf6d22ee05","label":"Commentaires\/Consignes","name":"text_166ebf6d22ee05","value":"","description":"Fa\u00eetes-nous part de la moindre remarque, notre \u00e9quipe r\u00e9pondra au mieux \u00e0 vos attentes.","error":false,"gt_translate_keys":["label","description","value"],"price_dependency":false,"cl_dependency":false}]]},"sec_564dfa27b59f19":{"extra":{"key":"sec_564dfa27b59f19","section_id":"sec_564dfa27b59f19","name":"Default","status":1,"cl_rule":"show","enableCl":false,"relations":[],"toggle":true,"title_tag":"h3","show_title":false,"showPrice":"default","form_id":808886,"form_rules":{"exclude_from_discount":false,"fee_label":"Frais","disp_hide_options_price":false,"disp_show_section_price":false,"disp_show_field_price":true,"layout_option":"standard","pric_use_as_fee":false,"process_fee_as":"woo_fee"},"layout_option":"standard"},"fields":[[{"type":"checkbox-group","required":true,"elementId":"wcpa-checkbox-group-1689956920155","label":"Conditions particuli\u00e8res","description":"","desc_type":true,"priceOptions":"different_for_all","pricingType":"fixed","name":"checkbox-group-1689956920155","min_options":"1","cl_rule":"show","col":6,"values":[{"label":"Les r\u00e9servations qui ont lieu les week-end et jours f\u00e9ri\u00e9s ne sont ni annulables, ni d\u00e9pla\u00e7ables (sauf justification valable). Les r\u00e9servations ayant lieu en semaine sont, elles, d\u00e9pla\u00e7ables jusqu\u2019\u00e0 48h avant la date de r\u00e9servation.","value":"option-1","price":"","pimage":"","pimage_id":"","pthumb":"","tempId":"aco_2775","gt_translate_keys":["label"]},{"label":"Les retards de plus de 10 minutes ne seront pas accept\u00e9s. Toutefois, si vous nous informez \u00e0 l'avance d'une situation impr\u00e9vue, nous pourrons envisager de reprogrammer votre atelier.","value":"Option - 8","selected":false,"tempId":"aco_2795","gt_translate_keys":["label"]}],"relations":false,"active":true,"tooltip":"Veuillez accepter en cochant cette case","layOut":"","checkUi":"","error":false,"hideFieldIn_cart":true,"hideFieldIn_order":true,"gt_translate_keys":["label","description","tooltip"],"price_dependency":false,"cl_dependency":false,"value":""}]]}},"config":{"price_override":"","enable_recaptcha":false,"bind_quantity":false,"quantity_bind_formula":false,"disp_summ_show_option_price":true,"disp_summ_show_product_price":true,"disp_summ_show_total_price":true,"disp_summ_show_fee":false,"disp_summ_show_discount":false,"summary_title":"","options_total_label":"Prix des options","total_label":"Total","options_product_label":"Prix du produit","fee_label":"Frais","discount_label":"Remise","has_price":true,"has_quantity_formula":false},"mc_unit":1,"tax_rate":1,"tax_rate_real":0.2,"discount":{"percentage":0,"fixed":0},"design":{"conf":{"LabelPosition":"above","DescPosition":"above","UploadField":"custom_1","QuantityFieldStyle":"default"},"css":{"LeftLabelWidth":"120px"}},"formulas":[],"lookuptables":[],"clones":false,"cartKey":false}},"_links":{"self":[{"href":"https:\/\/studiodesparfums-paris.fr\/en_us\/wp-json\/wp\/v2\/product\/857368","targetHints":{"allow":["GET"]}}],"collection":[{"href":"https:\/\/studiodesparfums-paris.fr\/en_us\/wp-json\/wp\/v2\/product"}],"about":[{"href":"https:\/\/studiodesparfums-paris.fr\/en_us\/wp-json\/wp\/v2\/types\/product"}],"version-history":[{"count":0,"href":"https:\/\/studiodesparfums-paris.fr\/en_us\/wp-json\/wp\/v2\/product\/857368\/revisions"}],"wp:featuredmedia":[{"embeddable":true,"href":"https:\/\/studiodesparfums-paris.fr\/en_us\/wp-json\/wp\/v2\/media\/806702"}],"wp:attachment":[{"href":"https:\/\/studiodesparfums-paris.fr\/en_us\/wp-json\/wp\/v2\/media?parent=857368"}],"wp:term":[{"taxonomy":"product_brand","embeddable":true,"href":"https:\/\/studiodesparfums-paris.fr\/en_us\/wp-json\/wp\/v2\/product_brand?post=857368"},{"taxonomy":"product_cat","embeddable":true,"href":"https:\/\/studiodesparfums-paris.fr\/en_us\/wp-json\/wp\/v2\/product_cat?post=857368"},{"taxonomy":"product_tag","embeddable":true,"href":"https:\/\/studiodesparfums-paris.fr\/en_us\/wp-json\/wp\/v2\/product_tag?post=857368"}],"curies":[{"name":"wp","href":"https:\/\/api.w.org\/{rel}","templated":true}]}}