{"id":856972,"date":"2024-09-18T18:15:31","date_gmt":"2024-09-18T16:15:31","guid":{"rendered":"https:\/\/studiodesparfums-paris.fr\/?post_type=product&#038;p=856972"},"modified":"2025-10-06T10:42:15","modified_gmt":"2025-10-06T08:42:15","slug":"bon-cadeau-odyssee-parfumee-30-ml","status":"publish","type":"product","link":"https:\/\/studiodesparfums-paris.fr\/en_us\/boutique\/bon-cadeau-odyssee-parfumee-30-ml\/","title":{"rendered":"Gift Voucher \u2013 Odyss\u00e9e Parfum\u00e9e 30 ML"},"content":{"rendered":"<div data-elementor-type=\"product-post\" data-elementor-id=\"856972\" class=\"elementor elementor-856972\" data-elementor-post-type=\"product\">\n\t\t\t\t\t\t<section class=\"elementor-section elementor-top-section elementor-element elementor-element-62639ede elementor-section-boxed elementor-section-height-default elementor-section-height-default\" data-id=\"62639ede\" data-element_type=\"section\" data-e-type=\"section\">\n\t\t\t\t\t\t<div class=\"elementor-container elementor-column-gap-default\">\n\t\t\t\t\t<div class=\"elementor-column elementor-col-100 elementor-top-column elementor-element elementor-element-1e2cdff9\" data-id=\"1e2cdff9\" data-element_type=\"column\" data-e-type=\"column\">\n\t\t\t<div class=\"elementor-widget-wrap elementor-element-populated\">\n\t\t\t\t\t\t<div class=\"elementor-element elementor-element-3bca8697 elementor-widget elementor-widget-text-editor\" data-id=\"3bca8697\" data-element_type=\"widget\" data-e-type=\"widget\" data-widget_type=\"text-editor.default\">\n\t\t\t\t<div class=\"elementor-widget-container\">\n\t\t\t\t\t\t\t\t\tThroughout the creation process, the recipient of the voucher will benefit from the expert advice and know-how of our perfumers, who will guide them in their choices, as well as in the dosage and harmony of their fragrance.\n\nAt the end of the experience, he or she will leave with their own tailor-made perfume, presented in a beautiful bottle: the eternal symbol of this journey to the heart of French perfumery.\t\t\t\t\t\t\t\t<\/div>\n\t\t\t\t<\/div>\n\t\t\t\t\t<\/div>\n\t\t<\/div>\n\t\t\t\t\t<\/div>\n\t\t<\/section>\n\t\t\t\t<\/div>","protected":false},"excerpt":{"rendered":"<p class=\"translation-block\">Treat a loved one to an unforgettable experience with the Odyss\u00e9e Parfum\u00e9e workshop, a one-hour olfactory journey into the world of bespoke perfume creation. The Studio des Parfums offers gift vouchers valid for 1 year, available in digital or printed versions. Immerse your guest in the secrets of perfumery and the art of olfactory composition. At the end of this one-hour workshop, your loved one will leave with an exclusive 30 ml perfume, created by them and reflecting their unique personality.<\/p>","protected":false},"featured_media":854057,"template":"","meta":{"_acf_changed":false,"_seopress_robots_primary_cat":"none","_seopress_titles_title":"Id\u00e9e cadeau No\u00ebl - Odyss\u00e9e Parfum\u00e9e - Le Studio des Parfums","_seopress_titles_desc":"Comblez vos proches pour No\u00ebl avec un bon cadeau atelier parfum \"Odyss\u00e9e Parfum\u00e9e\". Votre invit\u00e9 repartira avec un parfum personnalis\u00e9 en format 30ml.","_seopress_robots_index":""},"product_brand":[],"product_cat":[75,118],"product_tag":[],"class_list":{"0":"post-856972","1":"product","2":"type-product","3":"status-publish","4":"has-post-thumbnail","6":"product_cat-atelier-en-presentiel","7":"product_cat-pour-offrir","8":"product_shipping_class-bon-cadeau-virtuel","9":"wcpa_has_options","11":"first","12":"instock","13":"shipping-taxable","14":"purchasable","15":"product-type-wgm_gift_card"},"booking_location":null,"booking_location_type":null,"booking_duration":null,"booking_duration_unit":null,"booking_buffer":null,"booking_cost":null,"booking_resources":null,"acf":[],"wcpa_form_fields":{"wcpaData":{"product":{"product_price":95,"price_html":"<span class=\"woocommerce-Price-amount amount\"><bdi>95<span class=\"woocommerce-Price-currencySymbol\">&euro;<\/span><\/bdi><\/span>","original_product_price":95,"price_including_tax":95,"price_excluding_tax":95,"product_id":{"parent":856972,"variation":false},"is_variable":false,"stock_status":"instock","stock_quantity":null,"parent_sku":"805440-1-3-1","product_attributes":[],"custom_fields":[],"is_taxable":true,"product_name":"Bon Cadeau \u2013 Odyss\u00e9e Parfum\u00e9e 30 ML","hasImage":false},"fields":{"sec_564e72b669f72e":{"extra":{"key":"sec_564e72b669f72e","section_id":"sec_564e72b669f72e","name":"Default","status":1,"cl_rule":"show","enableCl":false,"relations":[],"toggle":true,"title_tag":"h3","show_title":false,"showPrice":"default","form_id":821953,"form_rules":{"exclude_from_discount":false,"fee_label":"Frais","disp_hide_options_price":false,"disp_show_section_price":false,"disp_show_field_price":true,"layout_option":"standard","pric_use_as_fee":false,"process_fee_as":"woo_fee"},"layout_option":"standard"},"fields":[[{"active":true,"col":6,"relations":false,"cl_rule":"show","enableCl":false,"price":"","enablePrice":true,"className":"","label_position":"default","desc_position":"default","type":"checkbox-group","required":false,"elementId":"checkgroup_8407917182","label":"Sublimez votre atelier en choisissant des options exclusives (cliquez ci-dessous) :","name":"checkgroup_8407917182","values":[{"label":"Envoi \u00e0 domicile du bon cadeau (avec cachet de cire) ","value":"Option - 6","selected":false,"tempId":"aco_186","price":"7","gt_translate_keys":["label"]},{"label":"Retrait en boutique","value":"Option - 3","selected":false,"tempId":"aco_414","price":"0","gt_translate_keys":["label"]},{"label":"Une coupe de champagne - Sparkling flower","value":"Option - 1","selected":false,"tempId":"aco_127","price":"12","gt_translate_keys":["label"]},{"label":"Un vaporisateur de voyage au choix","value":"Option - 2","selected":false,"tempId":"aco_128","price":"10","gt_translate_keys":["label"]},{"label":"Ruban personnalis\u00e9 sur mesure","value":"Option - 4","selected":false,"tempId":"aco_166","price":"7","gt_translate_keys":["label"]},{"label":"Dipl\u00f4me d'apprenti parfumeur","value":"Option - 5","selected":false,"tempId":"aco_176","price":"7","gt_translate_keys":["label"]}],"layOut":"","error":false,"checkUi":"","priceOptions":"different_for_all","pricingType":"multiply","use_as_fee":true,"enable_quantity":true,"quantity_label":"","min_quantity":"0","min_options":"0","minQuantityError":"Vous devez choisir obligatoirement une option parmi les propositions affich\u00e9es.","gt_translate_keys":["label","quantity_label","minQuantityError"],"price_dependency":false,"cl_dependency":["text_964e72b669f77d"],"value":""}],[{"active":true,"col":6,"relations":[{"operator":false,"rules":[{"operator":"AND","rules":{"cl_field":"checkgroup_8407917182","cl_relation":"is","cl_val":"Option - 6"}}]}],"cl_rule":"show","enableCl":true,"price":"0","enablePrice":true,"className":"","label_position":"default","desc_position":"default","type":"text","subtype":"text","required":false,"elementId":"text_964e72b669f77d","label":"Adresse Postale (Nom\/Pr\u00e9nom, adresse, code postal, ville, pays)","name":"text_964e72b669f77d","value":"","error":false,"description":"Exemple: Henri Dupont, 7 rue des Francs Bourgeois, 75004, Paris, France.","pricingType":"fixed","use_as_fee":true,"gt_translate_keys":["label","description","value"],"price_dependency":false,"cl_dependency":false}],[{"active":true,"col":6,"relations":false,"cl_rule":"show","enableCl":false,"price":"","enablePrice":false,"className":"","label_position":"default","desc_position":"default","type":"text","subtype":"text","required":false,"elementId":"text_2691602418","label":"Commentaires\/Consignes","name":"text_2691602418","value":"","error":false,"description":"N'h\u00e9sitez pas \u00e0 laisser un message personnalis\u00e9 \u00e0 votre invit\u00e9. <br \/>\n<br \/>\nFa\u00eetes-nous part de la moindre remarque, notre \u00e9quipe r\u00e9pondra au mieux \u00e0 vos attentes.","gt_translate_keys":["label","description","value"],"price_dependency":false,"cl_dependency":false}]]}},"config":{"price_override":"","enable_recaptcha":false,"bind_quantity":false,"quantity_bind_formula":false,"disp_summ_show_option_price":true,"disp_summ_show_product_price":true,"disp_summ_show_total_price":true,"disp_summ_show_fee":false,"disp_summ_show_discount":false,"summary_title":"","options_total_label":"Prix des options","total_label":"Total","options_product_label":"Prix du produit","fee_label":"Frais","discount_label":"Discount","has_price":true,"has_quantity_formula":false},"mc_unit":1,"tax_rate":1,"tax_rate_real":1,"discount":{"percentage":0,"fixed":0},"design":{"conf":{"LabelPosition":"above","DescPosition":"above","UploadField":"custom_1","QuantityFieldStyle":"default"},"css":{"LeftLabelWidth":"120px"}},"formulas":[],"lookuptables":[],"clones":false,"cartKey":false}},"_links":{"self":[{"href":"https:\/\/studiodesparfums-paris.fr\/en_us\/wp-json\/wp\/v2\/product\/856972","targetHints":{"allow":["GET"]}}],"collection":[{"href":"https:\/\/studiodesparfums-paris.fr\/en_us\/wp-json\/wp\/v2\/product"}],"about":[{"href":"https:\/\/studiodesparfums-paris.fr\/en_us\/wp-json\/wp\/v2\/types\/product"}],"version-history":[{"count":3,"href":"https:\/\/studiodesparfums-paris.fr\/en_us\/wp-json\/wp\/v2\/product\/856972\/revisions"}],"predecessor-version":[{"id":892949,"href":"https:\/\/studiodesparfums-paris.fr\/en_us\/wp-json\/wp\/v2\/product\/856972\/revisions\/892949"}],"wp:featuredmedia":[{"embeddable":true,"href":"https:\/\/studiodesparfums-paris.fr\/en_us\/wp-json\/wp\/v2\/media\/854057"}],"wp:attachment":[{"href":"https:\/\/studiodesparfums-paris.fr\/en_us\/wp-json\/wp\/v2\/media?parent=856972"}],"wp:term":[{"taxonomy":"product_brand","embeddable":true,"href":"https:\/\/studiodesparfums-paris.fr\/en_us\/wp-json\/wp\/v2\/product_brand?post=856972"},{"taxonomy":"product_cat","embeddable":true,"href":"https:\/\/studiodesparfums-paris.fr\/en_us\/wp-json\/wp\/v2\/product_cat?post=856972"},{"taxonomy":"product_tag","embeddable":true,"href":"https:\/\/studiodesparfums-paris.fr\/en_us\/wp-json\/wp\/v2\/product_tag?post=856972"}],"curies":[{"name":"wp","href":"https:\/\/api.w.org\/{rel}","templated":true}]}}