{"id":856942,"date":"2024-09-18T16:40:18","date_gmt":"2024-09-18T14:40:18","guid":{"rendered":"https:\/\/studiodesparfums-paris.fr\/?post_type=product&#038;p=856942"},"modified":"2025-09-18T16:36:09","modified_gmt":"2025-09-18T14:36:09","slug":"bon-cadeau-nez-a-nez","status":"publish","type":"product","link":"https:\/\/studiodesparfums-paris.fr\/en_us\/boutique\/bon-cadeau-nez-a-nez\/","title":{"rendered":"Bon cadeau &#8211; \u00ab\u00a0Nez \u00e0 Nez\u00a0\u00bb"},"content":{"rendered":"<p>This private workshop begins with an interactive introduction to the world of perfumery by our passionate perfumers. You will then smell the many notes proposed by Le Studio des Parfums: base notes, heart notes and top notes, making up the olfactory pyramid. Throughout the experience, you'll benefit from the expert advice and know-how of our perfumers, who will guide you in the dosage and harmony of your fragrance. At the end of this experience, you'll leave with 2 made-to-measure perfumes, presented in a beautiful 50ml bottle: the eternal symbol of this journey to the heart of French perfumery.<\/p>","protected":false},"excerpt":{"rendered":"<p>Treat your loved one to a private made-to-measure perfume creation workshop for 2 for Valentine's Day! Le Studio des Parfums offers gift vouchers valid for 1 year, available in digital or printed versions, so that your guest can discover what goes on behind the scenes in the perfume industry. Your loved ones will leave with 2 bottles of <strong>50ml<\/strong> designed by them to reflect their personality.<\/p>","protected":false},"featured_media":809616,"template":"","meta":{"_acf_changed":false,"_seopress_robots_primary_cat":"none","_seopress_titles_title":"Bon cadeau atelier parfum - Nez \u00e0 Nez -Le Studio des Parfums","_seopress_titles_desc":"Id\u00e9e cadeau Saint-Valentin - Femme - Homme. Valable 1 an, cette carte cadeau permet de cr\u00e9er votre parfum sur mesure \u00e0 Paris. Atelier priv\u00e9, accompagn\u00e9 d'un Nez.","_seopress_robots_index":""},"product_brand":[],"product_cat":[75,118],"product_tag":[],"class_list":{"0":"post-856942","1":"product","2":"type-product","3":"status-publish","4":"has-post-thumbnail","6":"product_cat-atelier-en-presentiel","7":"product_cat-pour-offrir","8":"product_shipping_class-bon-cadeau-virtuel","9":"wcpa_has_options","11":"first","12":"instock","13":"shipping-taxable","14":"purchasable","15":"product-type-wgm_gift_card"},"booking_location":null,"booking_location_type":null,"booking_duration":null,"booking_duration_unit":null,"booking_buffer":null,"booking_cost":null,"booking_resources":null,"acf":[],"wcpa_form_fields":{"wcpaData":{"product":{"product_price":340,"price_html":"<span class=\"woocommerce-Price-amount amount\"><bdi>340<span class=\"woocommerce-Price-currencySymbol\">&euro;<\/span><\/bdi><\/span>","original_product_price":340,"price_including_tax":340,"price_excluding_tax":340,"product_id":{"parent":856942,"variation":false},"is_variable":false,"stock_status":"instock","stock_quantity":null,"parent_sku":"809015-2","product_attributes":[],"custom_fields":[],"is_taxable":true,"product_name":"Bon cadeau - \"Nez \u00e0 Nez\"","hasImage":false},"fields":{"sec_864e72a1b0df4a":{"extra":{"key":"sec_864e72a1b0df4a","section_id":"sec_864e72a1b0df4a","name":"Default","status":1,"cl_rule":"show","enableCl":false,"relations":[],"toggle":true,"title_tag":"h3","show_title":false,"showPrice":"default","form_id":821940,"form_rules":{"exclude_from_discount":false,"fee_label":"Frais","disp_hide_options_price":false,"disp_show_section_price":false,"disp_show_field_price":true,"layout_option":"standard","pric_use_as_fee":false,"process_fee_as":"woo_fee"},"layout_option":"standard"},"fields":[[{"active":true,"col":6,"relations":false,"cl_rule":"show","enableCl":false,"price":"","enablePrice":true,"className":"","label_position":"default","desc_position":"default","type":"checkbox-group","required":false,"elementId":"checkgroup_1922431534","label":"Sublimez votre atelier en choisissant des options exclusives (cliquez ci-dessous) :","name":"checkgroup_1922431534","values":[{"label":"Envoi \u00e0 domicile du bon cadeau (avec cachet de cire) ","value":"Option - 7","selected":false,"tempId":"aco_2405","price":"7","gt_translate_keys":["label"]},{"label":"Retrait en boutique","value":"Option - 3","selected":false,"tempId":"aco_2411","price":"0","gt_translate_keys":["label"]},{"label":"Une coupe de champagne - Sparkling flower","value":"Option - 1","selected":false,"tempId":"aco_2406","price":"12","gt_translate_keys":["label"]},{"label":"Un vaporisateur de voyage au choix","value":"Option - 2","selected":false,"tempId":"aco_2407","price":"10","gt_translate_keys":["label"]},{"label":"Ruban personnalis\u00e9 sur mesure","value":"Option - 4","selected":false,"tempId":"aco_2408","price":"7","gt_translate_keys":["label"]},{"label":"Dipl\u00f4me d'apprenti parfumeur","value":"Option - 5","selected":false,"tempId":"aco_2409","price":"7","gt_translate_keys":["label"]},{"label":"Participant(s) suppl\u00e9mentaire(s)","value":"Option - 6","selected":false,"tempId":"aco_2410","price":"85","gt_translate_keys":["label"]}],"layOut":"","error":false,"checkUi":"","priceOptions":"different_for_all","pricingType":"multiply","use_as_fee":true,"enable_quantity":true,"quantity_label":"","min_quantity":"0","gt_translate_keys":["label","quantity_label"],"price_dependency":false,"cl_dependency":["text_364e72a1b0df9c"],"value":""}],[{"active":true,"col":6,"relations":[{"operator":false,"rules":[{"operator":"AND","rules":{"cl_field":"checkgroup_1922431534","cl_relation":"is","cl_val":"Option - 7"}}]}],"cl_rule":"show","enableCl":true,"price":"","enablePrice":false,"className":"","label_position":"default","desc_position":"default","type":"text","subtype":"text","required":false,"elementId":"text_364e72a1b0df9c","label":"Adresse Postale (Nom\/Pr\u00e9nom, adresse, code postal, ville, pays)","name":"text_364e72a1b0df9c","value":"","error":false,"description":"Exemple: Henri Dupont, 7 rue des Francs Bourgeois, 75004, Paris, France.","gt_translate_keys":["label","description","value"],"price_dependency":false,"cl_dependency":false}],[{"active":true,"col":6,"relations":false,"cl_rule":"show","enableCl":false,"price":"","enablePrice":false,"className":"","label_position":"default","desc_position":"default","type":"text","subtype":"text","required":false,"elementId":"text_4064353358","label":"Commentaires\/Consignes","name":"text_4064353358","value":"","description":"Fa\u00eetes-nous part de la moindre remarque, notre \u00e9quipe r\u00e9pondra au mieux \u00e0 vos attentes.","error":false,"gt_translate_keys":["label","description","value"],"price_dependency":false,"cl_dependency":false}]]}},"config":{"price_override":"","enable_recaptcha":false,"bind_quantity":false,"quantity_bind_formula":false,"disp_summ_show_option_price":true,"disp_summ_show_product_price":true,"disp_summ_show_total_price":true,"disp_summ_show_fee":false,"disp_summ_show_discount":false,"summary_title":"","options_total_label":"Prix des options","total_label":"Total","options_product_label":"Prix du produit","fee_label":"Frais","discount_label":"Remise","has_price":true,"has_quantity_formula":false},"mc_unit":1,"tax_rate":1,"tax_rate_real":1,"discount":{"percentage":0,"fixed":0},"design":{"conf":{"LabelPosition":"above","DescPosition":"above","UploadField":"custom_1","QuantityFieldStyle":"default"},"css":{"LeftLabelWidth":"120px"}},"formulas":[],"lookuptables":[],"clones":false,"cartKey":false}},"_links":{"self":[{"href":"https:\/\/studiodesparfums-paris.fr\/en_us\/wp-json\/wp\/v2\/product\/856942","targetHints":{"allow":["GET"]}}],"collection":[{"href":"https:\/\/studiodesparfums-paris.fr\/en_us\/wp-json\/wp\/v2\/product"}],"about":[{"href":"https:\/\/studiodesparfums-paris.fr\/en_us\/wp-json\/wp\/v2\/types\/product"}],"version-history":[{"count":2,"href":"https:\/\/studiodesparfums-paris.fr\/en_us\/wp-json\/wp\/v2\/product\/856942\/revisions"}],"predecessor-version":[{"id":891019,"href":"https:\/\/studiodesparfums-paris.fr\/en_us\/wp-json\/wp\/v2\/product\/856942\/revisions\/891019"}],"wp:featuredmedia":[{"embeddable":true,"href":"https:\/\/studiodesparfums-paris.fr\/en_us\/wp-json\/wp\/v2\/media\/809616"}],"wp:attachment":[{"href":"https:\/\/studiodesparfums-paris.fr\/en_us\/wp-json\/wp\/v2\/media?parent=856942"}],"wp:term":[{"taxonomy":"product_brand","embeddable":true,"href":"https:\/\/studiodesparfums-paris.fr\/en_us\/wp-json\/wp\/v2\/product_brand?post=856942"},{"taxonomy":"product_cat","embeddable":true,"href":"https:\/\/studiodesparfums-paris.fr\/en_us\/wp-json\/wp\/v2\/product_cat?post=856942"},{"taxonomy":"product_tag","embeddable":true,"href":"https:\/\/studiodesparfums-paris.fr\/en_us\/wp-json\/wp\/v2\/product_tag?post=856942"}],"curies":[{"name":"wp","href":"https:\/\/api.w.org\/{rel}","templated":true}]}}