{"id":856928,"date":"2024-09-18T16:30:56","date_gmt":"2024-09-18T14:30:56","guid":{"rendered":"https:\/\/studiodesparfums-paris.fr\/?post_type=product&#038;p=856928"},"modified":"2025-10-06T10:51:38","modified_gmt":"2025-10-06T08:51:38","slug":"bon-cadeau-duo-passion-2x50ml","status":"publish","type":"product","link":"https:\/\/studiodesparfums-paris.fr\/en_us\/boutique\/bon-cadeau-duo-passion-2x50ml\/","title":{"rendered":"Bon Cadeau &#8211; Duo Passion 2x50mL"},"content":{"rendered":"<p>Cet atelier de parfum personnalis\u00e9 permettra \u00e0 vos invit\u00e9.es de d\u00e9couvrir en immersion l\u2019univers confidentiel des parfums de niche. L\u2019atelier d\u00e9butera sur une introduction interactive au monde de la parfumerie, initi\u00e9e par nos parfumeurs passionn\u00e9s. Vos invit\u00e9.es sentiront par la suite, les nombreuses notes propos\u00e9es par Le Studio des Parfums dans les diff\u00e9rentes cat\u00e9gories de notes de fond, notes de c\u0153ur et notes de t\u00eate qui leur seront expliqu\u00e9es lors de l\u2019introduction. Les personnes qui recevront le bon b\u00e9n\u00e9ficieront, tout au long du processus de cr\u00e9ation, de conseils avis\u00e9s et du savoir-faire de nos parfumeurs, qui sauront les accompagner dans leur choix, ainsi que dans le dosage et dans l\u2019harmonie de leurs fragrances. \u00c0 l\u2019issue de cette exp\u00e9rience, ils repartiront avec deux parfums sur mesure de 50mL, pr\u00e9sent\u00e9s dans un joli flacon : symbole \u00e9ternel de ce voyage au c\u0153ur de la Parfumerie Fran\u00e7aise.<\/p>","protected":false},"excerpt":{"rendered":"<p>Treat your loved one to a made-to-measure perfume creation workshop for 2 for Valentine's Day! The Studio des Parfums offers gift vouchers valid for 1 year, available in digital or printed versions, so that your guest can discover what goes on behind the scenes in the perfume industry. Your loved ones will leave with 2 bottles of <strong>50ml<\/strong> that reflect his or her personality.<\/p>","protected":false},"featured_media":810156,"template":"","meta":{"_acf_changed":false,"_seopress_robots_primary_cat":"none","_seopress_titles_title":"Id\u00e9e cadeau Saint-Valentin - Duo Passion - Le Studio des Parfums","_seopress_titles_desc":"Comblez votre proche en lui offrant un bon cadeau \"atelier duo passion\" pour la Saint-Valentin. Une id\u00e9e cadeau unique et in\u00e9dite en duo.","_seopress_robots_index":""},"product_brand":[],"product_cat":[75,118],"product_tag":[],"class_list":{"0":"post-856928","1":"product","2":"type-product","3":"status-publish","4":"has-post-thumbnail","6":"product_cat-atelier-en-presentiel","7":"product_cat-pour-offrir","8":"product_shipping_class-bon-cadeau-virtuel","9":"wcpa_has_options","11":"first","12":"instock","13":"shipping-taxable","14":"purchasable","15":"product-type-wgm_gift_card"},"booking_location":null,"booking_location_type":null,"booking_duration":null,"booking_duration_unit":null,"booking_buffer":null,"booking_cost":null,"booking_resources":null,"acf":[],"wcpa_form_fields":{"wcpaData":{"product":{"product_price":275,"price_html":"<span class=\"woocommerce-Price-amount amount\"><bdi>275<span class=\"woocommerce-Price-currencySymbol\">&euro;<\/span><\/bdi><\/span>","original_product_price":275,"price_including_tax":275,"price_excluding_tax":275,"product_id":{"parent":856928,"variation":false},"is_variable":false,"stock_status":"instock","stock_quantity":null,"parent_sku":"805440-1-1-1","product_attributes":[],"custom_fields":[],"is_taxable":true,"product_name":"Bon Cadeau - Duo Passion 2x50mL","hasImage":false},"fields":{"sec_564e72b669f72e":{"extra":{"key":"sec_564e72b669f72e","section_id":"sec_564e72b669f72e","name":"Default","status":1,"cl_rule":"show","enableCl":false,"relations":[],"toggle":true,"title_tag":"h3","show_title":false,"showPrice":"default","form_id":821953,"form_rules":{"exclude_from_discount":false,"fee_label":"Frais","disp_hide_options_price":false,"disp_show_section_price":false,"disp_show_field_price":true,"layout_option":"standard","pric_use_as_fee":false,"process_fee_as":"woo_fee"},"layout_option":"standard"},"fields":[[{"active":true,"col":6,"relations":false,"cl_rule":"show","enableCl":false,"price":"","enablePrice":true,"className":"","label_position":"default","desc_position":"default","type":"checkbox-group","required":false,"elementId":"checkgroup_8407917182","label":"Sublimez votre atelier en choisissant des options exclusives (cliquez ci-dessous) :","name":"checkgroup_8407917182","values":[{"label":"Envoi \u00e0 domicile du bon cadeau (avec cachet de cire) ","value":"Option - 6","selected":false,"tempId":"aco_186","price":"7","gt_translate_keys":["label"]},{"label":"Retrait en boutique","value":"Option - 3","selected":false,"tempId":"aco_414","price":"0","gt_translate_keys":["label"]},{"label":"Une coupe de champagne - Sparkling flower","value":"Option - 1","selected":false,"tempId":"aco_127","price":"12","gt_translate_keys":["label"]},{"label":"Un vaporisateur de voyage au choix","value":"Option - 2","selected":false,"tempId":"aco_128","price":"10","gt_translate_keys":["label"]},{"label":"Ruban personnalis\u00e9 sur mesure","value":"Option - 4","selected":false,"tempId":"aco_166","price":"7","gt_translate_keys":["label"]},{"label":"Dipl\u00f4me d'apprenti parfumeur","value":"Option - 5","selected":false,"tempId":"aco_176","price":"7","gt_translate_keys":["label"]}],"layOut":"","error":false,"checkUi":"","priceOptions":"different_for_all","pricingType":"multiply","use_as_fee":true,"enable_quantity":true,"quantity_label":"","min_quantity":"0","min_options":"0","minQuantityError":"Vous devez choisir obligatoirement une option parmi les propositions affich\u00e9es.","gt_translate_keys":["label","quantity_label","minQuantityError"],"price_dependency":false,"cl_dependency":["text_964e72b669f77d"],"value":""}],[{"active":true,"col":6,"relations":[{"operator":false,"rules":[{"operator":"AND","rules":{"cl_field":"checkgroup_8407917182","cl_relation":"is","cl_val":"Option - 6"}}]}],"cl_rule":"show","enableCl":true,"price":"0","enablePrice":true,"className":"","label_position":"default","desc_position":"default","type":"text","subtype":"text","required":false,"elementId":"text_964e72b669f77d","label":"Adresse Postale (Nom\/Pr\u00e9nom, adresse, code postal, ville, pays)","name":"text_964e72b669f77d","value":"","error":false,"description":"Exemple: Henri Dupont, 7 rue des Francs Bourgeois, 75004, Paris, France.","pricingType":"fixed","use_as_fee":true,"gt_translate_keys":["label","description","value"],"price_dependency":false,"cl_dependency":false}],[{"active":true,"col":6,"relations":false,"cl_rule":"show","enableCl":false,"price":"","enablePrice":false,"className":"","label_position":"default","desc_position":"default","type":"text","subtype":"text","required":false,"elementId":"text_2691602418","label":"Commentaires\/Consignes","name":"text_2691602418","value":"","error":false,"description":"N'h\u00e9sitez pas \u00e0 laisser un message personnalis\u00e9 \u00e0 votre invit\u00e9. <br \/>\n<br \/>\nFa\u00eetes-nous part de la moindre remarque, notre \u00e9quipe r\u00e9pondra au mieux \u00e0 vos attentes.","gt_translate_keys":["label","description","value"],"price_dependency":false,"cl_dependency":false}]]}},"config":{"price_override":"","enable_recaptcha":false,"bind_quantity":false,"quantity_bind_formula":false,"disp_summ_show_option_price":true,"disp_summ_show_product_price":true,"disp_summ_show_total_price":true,"disp_summ_show_fee":false,"disp_summ_show_discount":false,"summary_title":"","options_total_label":"Prix des options","total_label":"Total","options_product_label":"Prix du produit","fee_label":"Frais","discount_label":"Discount","has_price":true,"has_quantity_formula":false},"mc_unit":1,"tax_rate":1,"tax_rate_real":1,"discount":{"percentage":0,"fixed":0},"design":{"conf":{"LabelPosition":"above","DescPosition":"above","UploadField":"custom_1","QuantityFieldStyle":"default"},"css":{"LeftLabelWidth":"120px"}},"formulas":[],"lookuptables":[],"clones":false,"cartKey":false}},"_links":{"self":[{"href":"https:\/\/studiodesparfums-paris.fr\/en_us\/wp-json\/wp\/v2\/product\/856928","targetHints":{"allow":["GET"]}}],"collection":[{"href":"https:\/\/studiodesparfums-paris.fr\/en_us\/wp-json\/wp\/v2\/product"}],"about":[{"href":"https:\/\/studiodesparfums-paris.fr\/en_us\/wp-json\/wp\/v2\/types\/product"}],"version-history":[{"count":4,"href":"https:\/\/studiodesparfums-paris.fr\/en_us\/wp-json\/wp\/v2\/product\/856928\/revisions"}],"predecessor-version":[{"id":891419,"href":"https:\/\/studiodesparfums-paris.fr\/en_us\/wp-json\/wp\/v2\/product\/856928\/revisions\/891419"}],"wp:featuredmedia":[{"embeddable":true,"href":"https:\/\/studiodesparfums-paris.fr\/en_us\/wp-json\/wp\/v2\/media\/810156"}],"wp:attachment":[{"href":"https:\/\/studiodesparfums-paris.fr\/en_us\/wp-json\/wp\/v2\/media?parent=856928"}],"wp:term":[{"taxonomy":"product_brand","embeddable":true,"href":"https:\/\/studiodesparfums-paris.fr\/en_us\/wp-json\/wp\/v2\/product_brand?post=856928"},{"taxonomy":"product_cat","embeddable":true,"href":"https:\/\/studiodesparfums-paris.fr\/en_us\/wp-json\/wp\/v2\/product_cat?post=856928"},{"taxonomy":"product_tag","embeddable":true,"href":"https:\/\/studiodesparfums-paris.fr\/en_us\/wp-json\/wp\/v2\/product_tag?post=856928"}],"curies":[{"name":"wp","href":"https:\/\/api.w.org\/{rel}","templated":true}]}}