{"id":820434,"date":"2023-08-18T12:06:57","date_gmt":"2023-08-18T10:06:57","guid":{"rendered":"https:\/\/studiodesparfums-paris.fr\/?post_type=product&#038;p=820434"},"modified":"2024-01-16T11:43:54","modified_gmt":"2024-01-16T10:43:54","slug":"ruban-personnalise-sur-mesure","status":"publish","type":"product","link":"https:\/\/studiodesparfums-paris.fr\/en_us\/boutique\/ruban-personnalise-sur-mesure\/","title":{"rendered":"Personalised ribbon"},"content":{"rendered":"<p>Several colours are available while stocks last.<\/p>","protected":false},"excerpt":{"rendered":"<p>Customise your perfume with our personalised ribbon. You can write any message you like, and we'll print it out for you in shop. Your message can refer to an olfactory desire, your first name, a loved one and much more. This ribbon can also be used on a key ring or bracelet.<\/p>","protected":false},"featured_media":811781,"template":"","meta":{"_acf_changed":false,"_seopress_robots_primary_cat":"none","_seopress_titles_title":"Option  Ruban personnalis\u00e9 - Le Studio des Parfums","_seopress_titles_desc":"Le Studio des Parfums vous propose plusieurs options exclusives. Optez pour notre d\u00e9licat ruban personnalisable. Possibilit\u00e9 d&#039;inscrire votre pr\u00e9nom, ou date.","_seopress_robots_index":""},"product_brand":[],"product_cat":[124,77],"product_tag":[],"class_list":{"0":"post-820434","1":"product","2":"type-product","3":"status-publish","4":"has-post-thumbnail","6":"product_cat-options","7":"product_cat-nos-produits","9":"first","10":"instock","11":"taxable","12":"shipping-taxable","13":"purchasable","14":"product-type-simple"},"booking_location":null,"booking_location_type":null,"booking_duration":null,"booking_duration_unit":null,"booking_buffer":null,"booking_cost":null,"booking_resources":null,"acf":[],"wcpa_form_fields":null,"_links":{"self":[{"href":"https:\/\/studiodesparfums-paris.fr\/en_us\/wp-json\/wp\/v2\/product\/820434","targetHints":{"allow":["GET"]}}],"collection":[{"href":"https:\/\/studiodesparfums-paris.fr\/en_us\/wp-json\/wp\/v2\/product"}],"about":[{"href":"https:\/\/studiodesparfums-paris.fr\/en_us\/wp-json\/wp\/v2\/types\/product"}],"version-history":[{"count":1,"href":"https:\/\/studiodesparfums-paris.fr\/en_us\/wp-json\/wp\/v2\/product\/820434\/revisions"}],"predecessor-version":[{"id":925775,"href":"https:\/\/studiodesparfums-paris.fr\/en_us\/wp-json\/wp\/v2\/product\/820434\/revisions\/925775"}],"wp:featuredmedia":[{"embeddable":true,"href":"https:\/\/studiodesparfums-paris.fr\/en_us\/wp-json\/wp\/v2\/media\/811781"}],"wp:attachment":[{"href":"https:\/\/studiodesparfums-paris.fr\/en_us\/wp-json\/wp\/v2\/media?parent=820434"}],"wp:term":[{"taxonomy":"product_brand","embeddable":true,"href":"https:\/\/studiodesparfums-paris.fr\/en_us\/wp-json\/wp\/v2\/product_brand?post=820434"},{"taxonomy":"product_cat","embeddable":true,"href":"https:\/\/studiodesparfums-paris.fr\/en_us\/wp-json\/wp\/v2\/product_cat?post=820434"},{"taxonomy":"product_tag","embeddable":true,"href":"https:\/\/studiodesparfums-paris.fr\/en_us\/wp-json\/wp\/v2\/product_tag?post=820434"}],"curies":[{"name":"wp","href":"https:\/\/api.w.org\/{rel}","templated":true}]}}