{"id":820407,"date":"2023-08-18T11:59:07","date_gmt":"2023-08-18T09:59:07","guid":{"rendered":"https:\/\/studiodesparfums-paris.fr\/?post_type=product&#038;p=820407"},"modified":"2023-12-22T17:31:24","modified_gmt":"2023-12-22T16:31:24","slug":"diplome-dapprenti-parfumeur","status":"publish","type":"product","link":"https:\/\/studiodesparfums-paris.fr\/en_us\/boutique\/diplome-dapprenti-parfumeur\/","title":{"rendered":"Dipl\u00f4me d&rsquo;apprenti parfumeur"},"content":{"rendered":"<p>This diploma does not lead to a qualification.<\/p>","protected":false},"excerpt":{"rendered":"<p>Complete your olfactory workshop by choosing our apprentice perfumer diploma. It will be printed in your name and signed by one of our expert perfumers.<\/p>","protected":false},"featured_media":836334,"template":"","meta":{"_acf_changed":false,"_seopress_robots_primary_cat":"none","_seopress_titles_title":"Dipl\u00f4me d&#039;apprenti parfumeur option - Le Studio des Parfums","_seopress_titles_desc":"Sublimez votre atelier de cr\u00e9ation de parfum gr\u00e2ce \u00e0 cette id\u00e9e cadeau &quot;dipl\u00f4me d&#039;apprenti&quot;. Cette option est personnalisable : \u00e9crivez votre nom et la date.","_seopress_robots_index":""},"product_brand":[],"product_cat":[124,77],"product_tag":[],"class_list":{"0":"post-820407","1":"product","2":"type-product","3":"status-publish","4":"has-post-thumbnail","6":"product_cat-options","7":"product_cat-nos-produits","9":"first","10":"instock","11":"taxable","12":"shipping-taxable","13":"purchasable","14":"product-type-simple"},"booking_location":null,"booking_location_type":null,"booking_duration":null,"booking_duration_unit":null,"booking_buffer":null,"booking_cost":null,"booking_resources":null,"acf":[],"wcpa_form_fields":null,"_links":{"self":[{"href":"https:\/\/studiodesparfums-paris.fr\/en_us\/wp-json\/wp\/v2\/product\/820407","targetHints":{"allow":["GET"]}}],"collection":[{"href":"https:\/\/studiodesparfums-paris.fr\/en_us\/wp-json\/wp\/v2\/product"}],"about":[{"href":"https:\/\/studiodesparfums-paris.fr\/en_us\/wp-json\/wp\/v2\/types\/product"}],"version-history":[{"count":1,"href":"https:\/\/studiodesparfums-paris.fr\/en_us\/wp-json\/wp\/v2\/product\/820407\/revisions"}],"predecessor-version":[{"id":925784,"href":"https:\/\/studiodesparfums-paris.fr\/en_us\/wp-json\/wp\/v2\/product\/820407\/revisions\/925784"}],"wp:featuredmedia":[{"embeddable":true,"href":"https:\/\/studiodesparfums-paris.fr\/en_us\/wp-json\/wp\/v2\/media\/836334"}],"wp:attachment":[{"href":"https:\/\/studiodesparfums-paris.fr\/en_us\/wp-json\/wp\/v2\/media?parent=820407"}],"wp:term":[{"taxonomy":"product_brand","embeddable":true,"href":"https:\/\/studiodesparfums-paris.fr\/en_us\/wp-json\/wp\/v2\/product_brand?post=820407"},{"taxonomy":"product_cat","embeddable":true,"href":"https:\/\/studiodesparfums-paris.fr\/en_us\/wp-json\/wp\/v2\/product_cat?post=820407"},{"taxonomy":"product_tag","embeddable":true,"href":"https:\/\/studiodesparfums-paris.fr\/en_us\/wp-json\/wp\/v2\/product_tag?post=820407"}],"curies":[{"name":"wp","href":"https:\/\/api.w.org\/{rel}","templated":true}]}}