{"id":811859,"date":"2023-08-07T15:21:54","date_gmt":"2023-08-07T13:21:54","guid":{"rendered":"https:\/\/devweb.studiodesparfums-paris.fr\/?post_type=product&#038;p=811859"},"modified":"2024-03-27T11:59:05","modified_gmt":"2024-03-27T10:59:05","slug":"option-coupe-de-champagne","status":"publish","type":"product","link":"https:\/\/studiodesparfums-paris.fr\/en_us\/boutique\/option-coupe-de-champagne\/","title":{"rendered":"Glass of champagne"},"content":{"rendered":"<p><span style=\"font-weight: 400;\">A unique experiment begun 8 years ago, the creation of a champagne conceived by the association of a winemaker and a perfumer. The creators of this precious beverage selected a chardonnay grape variety, a precious \"blanc de blanc\".<\/span><\/p>\n<p><span style=\"font-weight: 400;\">The tasting of this unique champagne will be guided and illustrated by the perfumer. Let yourself be carried away by an enchanted carousel of bubbles, created like a perfume. Several notes from the world of perfumery are naturally present in this champagne. Can you recognize them?<\/span><\/p>","protected":false},"excerpt":{"rendered":"<p>Make this olfactory experience even more sparkling by tasting our champagne during your creation. This blanc de blanc was created by the Studio's creator and a winemaker.<\/p>","protected":false},"featured_media":849056,"template":"","meta":{"_acf_changed":false,"_seopress_robots_primary_cat":"none","_seopress_titles_title":"Option - Champagne P\u00e9tillant - Le Studio des Parfums","_seopress_titles_desc":"D\u00e9couvrez l&#039;association des spiritueux et de la parfumerie dans ce champagne sign\u00e9 le Studio des Parfums. D\u00e9gustez ce champagne lors de votre atelier de parfums","_seopress_robots_index":""},"product_brand":[],"product_cat":[124,77],"product_tag":[],"class_list":{"0":"post-811859","1":"product","2":"type-product","3":"status-publish","4":"has-post-thumbnail","6":"product_cat-options","7":"product_cat-nos-produits","9":"first","10":"instock","11":"taxable","12":"shipping-taxable","13":"purchasable","14":"product-type-simple"},"booking_location":null,"booking_location_type":null,"booking_duration":null,"booking_duration_unit":null,"booking_buffer":null,"booking_cost":null,"booking_resources":null,"acf":[],"wcpa_form_fields":null,"_links":{"self":[{"href":"https:\/\/studiodesparfums-paris.fr\/en_us\/wp-json\/wp\/v2\/product\/811859","targetHints":{"allow":["GET"]}}],"collection":[{"href":"https:\/\/studiodesparfums-paris.fr\/en_us\/wp-json\/wp\/v2\/product"}],"about":[{"href":"https:\/\/studiodesparfums-paris.fr\/en_us\/wp-json\/wp\/v2\/types\/product"}],"version-history":[{"count":1,"href":"https:\/\/studiodesparfums-paris.fr\/en_us\/wp-json\/wp\/v2\/product\/811859\/revisions"}],"predecessor-version":[{"id":925797,"href":"https:\/\/studiodesparfums-paris.fr\/en_us\/wp-json\/wp\/v2\/product\/811859\/revisions\/925797"}],"wp:featuredmedia":[{"embeddable":true,"href":"https:\/\/studiodesparfums-paris.fr\/en_us\/wp-json\/wp\/v2\/media\/849056"}],"wp:attachment":[{"href":"https:\/\/studiodesparfums-paris.fr\/en_us\/wp-json\/wp\/v2\/media?parent=811859"}],"wp:term":[{"taxonomy":"product_brand","embeddable":true,"href":"https:\/\/studiodesparfums-paris.fr\/en_us\/wp-json\/wp\/v2\/product_brand?post=811859"},{"taxonomy":"product_cat","embeddable":true,"href":"https:\/\/studiodesparfums-paris.fr\/en_us\/wp-json\/wp\/v2\/product_cat?post=811859"},{"taxonomy":"product_tag","embeddable":true,"href":"https:\/\/studiodesparfums-paris.fr\/en_us\/wp-json\/wp\/v2\/product_tag?post=811859"}],"curies":[{"name":"wp","href":"https:\/\/api.w.org\/{rel}","templated":true}]}}