{"id":811855,"date":"2023-08-07T15:20:01","date_gmt":"2023-08-07T13:20:01","guid":{"rendered":"https:\/\/devweb.studiodesparfums-paris.fr\/?post_type=product&#038;p=811855"},"modified":"2024-01-16T11:55:17","modified_gmt":"2024-01-16T10:55:17","slug":"option-impression-et-envoi-a-domicile","status":"publish","type":"product","link":"https:\/\/studiodesparfums-paris.fr\/en_us\/boutique\/option-impression-et-envoi-a-domicile\/","title":{"rendered":"Print gift voucher and deliver"},"content":{"rendered":"<p>Nos bons cadeaux en format imprimables peuvent \u00eatre r\u00e9cup\u00e9r\u00e9s en boutique ou bien exp\u00e9dier par voie postale. Il vous suffit de mentionner l&rsquo;adresse \u00e0 laquelle vous souhaitez recevoir le bon cadeau.<\/p>","protected":false},"excerpt":{"rendered":"<p>Nos bons cadeaux en format imprimables peuvent \u00eatre r\u00e9cup\u00e9r\u00e9s en boutique ou bien exp\u00e9dier par voie postale. Il vous suffit de mentionner l&rsquo;adresse \u00e0 laquelle vous souhaitez recevoir le bon cadedau.Pour un v\u00e9ritable cadeau d\u2019exception, offrez une exp\u00e9rience parfum\u00e9e gr\u00e2ce \u00e0 nos bons cadeaux. Imprim\u00e9 sur un v\u00e9ritable papier de v\u00e9lin, et cachet\u00e9 \u00e0 la main, votre invit\u00e9 profitera d\u2019un moment hors du temps, en plein c\u0153ur du Marais.<\/p>","protected":false},"featured_media":811780,"template":"","meta":{"_acf_changed":false,"_seopress_robots_primary_cat":"none","_seopress_titles_title":"Carte cadeau parfums sur mesure - Le Studio des Parfums","_seopress_titles_desc":"Comblez votre proche en lui offrant une carte cadeau personnalisable pour qu&#039;il puisse r\u00e9aliser son propre parfum sur mesure \u00e0 Paris. Une id\u00e9e cadeau originale","_seopress_robots_index":""},"product_brand":[],"product_cat":[124,77],"product_tag":[],"class_list":{"0":"post-811855","1":"product","2":"type-product","3":"status-publish","4":"has-post-thumbnail","6":"product_cat-options","7":"product_cat-nos-produits","8":"wcpa_has_options","10":"first","11":"instock","12":"taxable","13":"shipping-taxable","14":"purchasable","15":"product-type-simple"},"booking_location":null,"booking_location_type":null,"booking_duration":null,"booking_duration_unit":null,"booking_buffer":null,"booking_cost":null,"booking_resources":null,"acf":[],"wcpa_form_fields":{"wcpaData":{"product":{"product_price":7,"price_html":"<span class=\"woocommerce-Price-amount amount\"><bdi>7<span class=\"woocommerce-Price-currencySymbol\">&euro;<\/span><\/bdi><\/span>","original_product_price":7,"price_including_tax":7,"price_excluding_tax":5.833333,"product_id":{"parent":811855,"variation":false},"is_variable":false,"stock_status":"instock","stock_quantity":null,"parent_sku":"","product_attributes":[],"custom_fields":[],"is_taxable":true,"product_name":"Option impression et envoi \u00e0 domicile","hasImage":false},"fields":{"sec_964df577a52c57":{"extra":{"key":"sec_964df577a52c57","section_id":"sec_964df577a52c57","name":"Default","status":1,"cl_rule":"show","enableCl":false,"relations":[],"toggle":true,"title_tag":"h3","show_title":false,"showPrice":"default","form_id":820549,"form_rules":{"exclude_from_discount":false,"fee_label":"Frais","disp_hide_options_price":false,"disp_show_section_price":false,"disp_show_field_price":true,"layout_option":"standard","pric_use_as_fee":false,"process_fee_as":"woo_fee"},"layout_option":"standard"},"fields":[[{"active":true,"col":6,"relations":false,"cl_rule":"show","enableCl":false,"price":"","enablePrice":false,"className":"","label_position":"default","desc_position":"default","type":"text","subtype":"text","required":true,"elementId":"text_3585558401","label":"Adresse invit\u00e9 (Nom\/pr\u00e9nom, adresse, code postal, ville, pays)","name":"text_3585558401","value":"","error":false,"tooltip":"Exemple : Arnaud Dupont, 7 rue des francs bourgeois, 75004, Paris, France)","gt_translate_keys":["label","value","tooltip"],"price_dependency":false,"cl_dependency":false}]]}},"config":{"price_override":"","enable_recaptcha":false,"bind_quantity":false,"quantity_bind_formula":false,"disp_summ_show_option_price":true,"disp_summ_show_product_price":true,"disp_summ_show_total_price":true,"disp_summ_show_fee":false,"disp_summ_show_discount":false,"summary_title":"","options_total_label":"Prix des options","total_label":"Total","options_product_label":"Prix du produit","fee_label":"Frais","discount_label":"Remise","has_price":true,"has_quantity_formula":false},"mc_unit":1,"tax_rate":1,"tax_rate_real":0.2,"discount":{"percentage":0,"fixed":0},"design":{"conf":{"LabelPosition":"above","DescPosition":"above","UploadField":"custom_1","QuantityFieldStyle":"default"},"css":{"LeftLabelWidth":"120px"}},"formulas":[],"lookuptables":[],"clones":false,"cartKey":false}},"_links":{"self":[{"href":"https:\/\/studiodesparfums-paris.fr\/en_us\/wp-json\/wp\/v2\/product\/811855","targetHints":{"allow":["GET"]}}],"collection":[{"href":"https:\/\/studiodesparfums-paris.fr\/en_us\/wp-json\/wp\/v2\/product"}],"about":[{"href":"https:\/\/studiodesparfums-paris.fr\/en_us\/wp-json\/wp\/v2\/types\/product"}],"version-history":[{"count":1,"href":"https:\/\/studiodesparfums-paris.fr\/en_us\/wp-json\/wp\/v2\/product\/811855\/revisions"}],"predecessor-version":[{"id":925804,"href":"https:\/\/studiodesparfums-paris.fr\/en_us\/wp-json\/wp\/v2\/product\/811855\/revisions\/925804"}],"wp:featuredmedia":[{"embeddable":true,"href":"https:\/\/studiodesparfums-paris.fr\/en_us\/wp-json\/wp\/v2\/media\/811780"}],"wp:attachment":[{"href":"https:\/\/studiodesparfums-paris.fr\/en_us\/wp-json\/wp\/v2\/media?parent=811855"}],"wp:term":[{"taxonomy":"product_brand","embeddable":true,"href":"https:\/\/studiodesparfums-paris.fr\/en_us\/wp-json\/wp\/v2\/product_brand?post=811855"},{"taxonomy":"product_cat","embeddable":true,"href":"https:\/\/studiodesparfums-paris.fr\/en_us\/wp-json\/wp\/v2\/product_cat?post=811855"},{"taxonomy":"product_tag","embeddable":true,"href":"https:\/\/studiodesparfums-paris.fr\/en_us\/wp-json\/wp\/v2\/product_tag?post=811855"}],"curies":[{"name":"wp","href":"https:\/\/api.w.org\/{rel}","templated":true}]}}