{"id":811851,"date":"2023-08-07T15:10:54","date_gmt":"2023-08-07T13:10:54","guid":{"rendered":"https:\/\/devweb.studiodesparfums-paris.fr\/?post_type=product&#038;p=811851"},"modified":"2024-04-29T16:37:34","modified_gmt":"2024-04-29T14:37:34","slug":"vaporisateur-de-voyage-au-choix","status":"publish","type":"product","link":"https:\/\/studiodesparfums-paris.fr\/en_us\/boutique\/vaporisateur-de-voyage-au-choix\/","title":{"rendered":"Travel Vaporiser (10\u20ac)"},"content":{"rendered":"<div data-elementor-type=\"product-post\" data-elementor-id=\"811851\" class=\"elementor elementor-811851\" data-elementor-post-type=\"product\">\n\t\t\t\t<div class=\"elementor-element elementor-element-23952828 e-flex e-con-boxed e-con e-parent\" data-id=\"23952828\" data-element_type=\"container\" data-e-type=\"container\">\n\t\t\t\t\t<div class=\"e-con-inner\">\n\t\t\t\t<div class=\"elementor-element elementor-element-213f7c08 elementor-widget elementor-widget-text-editor\" data-id=\"213f7c08\" data-element_type=\"widget\" data-e-type=\"widget\" data-widget_type=\"text-editor.default\">\n\t\t\t\t<div class=\"elementor-widget-container\">\n\t\t\t\t\t\t\t\t\t<p><span style=\"font-weight: 400;\">Le vaporisateur de parfum\u00a0 est sp\u00e9cialement con\u00e7u pour r\u00e9pondre \u00e0 vos besoins de parfumage. Avec sa capacit\u00e9 de 10 ml, ce mini-vaporisateur vous offre la libert\u00e9 de rafra\u00eechir votre parfum en un instant, que ce soit lors d&rsquo;un d\u00e9placement professionnel, d&rsquo;une escapade urbaine ou d&rsquo;une aventure en plein air. <\/span><span style=\"font-weight: 400;\">Dot\u00e9 d&rsquo;un design \u00e9l\u00e9gant et ergonomique, ce vaporisateur se glisse ais\u00e9ment dans votre sac \u00e0 main, votre poche ou votre bagage \u00e0 main.\u00a0<\/span><\/p><p><span style=\"font-weight: 400;\">Son format compact et l\u00e9ger en fait un compagnon de voyage discret et pratique, parfait pour une utilisation quotidienne ou occasionnelle. De plus, sa recharge facile vous permet de le remplir rapidement et sans effort, assurant ainsi une exp\u00e9rience de parfumage sans interruption. Avec ce vaporisateur rechargeable, vous contribuez \u00e0 r\u00e9duire votre empreinte environnementale tout en profitant d&rsquo;une solution pratique et \u00e9conomique sur le long terme.<\/span><\/p><p><b>Main Features<\/b><\/p><ul><li style=\"font-weight: 400;\" aria-level=\"1\"><span style=\"font-weight: 400;\">Capacity: 10 ml<\/span><\/li><li style=\"font-weight: 400;\" aria-level=\"1\"><span style=\"font-weight: 400;\">Rechargeable for long-lasting use<\/span><\/li><li style=\"font-weight: 400;\" aria-level=\"1\"><span style=\"font-weight: 400;\">Compact, portable design<\/span><\/li><li style=\"font-weight: 400;\" aria-level=\"1\"><span style=\"font-weight: 400;\">Easy to fill and use<\/span><\/li><li style=\"font-weight: 400;\" aria-level=\"1\"><span style=\"font-weight: 400;\">High-quality materials for long service life<\/span><\/li><li style=\"font-weight: 400;\" aria-level=\"1\"><span style=\"font-weight: 400;\">Available in several elegant colors<\/span><\/li><\/ul>\t\t\t\t\t\t\t\t<\/div>\n\t\t\t\t<\/div>\n\t\t\t\t\t<\/div>\n\t\t\t\t<\/div>\n\t\t\t\t<\/div>","protected":false},"excerpt":{"rendered":"<p><span style=\"font-weight: 400;\">Le vaporisateur de parfum est votre compagnon incontournable pour rester parfum\u00e9 en d\u00e9placement. Compact, pratique et rechargeable, ce vaporisateur parfum vous permet de transporter votre fragrance pr\u00e9f\u00e9r\u00e9e partout o\u00f9 vous allez, sans encombrement ni souci. Imaginez-vous pouvoir emporter votre parfum favori partout avec vous, sans avoir \u00e0 vous encombrer de flacons volumineux et fragiles. C&rsquo;est d\u00e9sormais possible gr\u00e2ce au vaporisateur de parfum rechargeable pour voyage.<\/span><\/p>","protected":false},"featured_media":836357,"template":"","meta":{"_acf_changed":false,"_seopress_robots_primary_cat":"none","_seopress_titles_title":"Vaporisateur de parfum voyage - Le Studio des Parfums","_seopress_titles_desc":"Emportez votre parfum sur mesure avec nos vaporisateurs de parfum. Disponibles dans plusieurs coloris et rechargeables. Disponibles en boutique et en ligne.","_seopress_robots_index":""},"product_brand":[],"product_cat":[124,77],"product_tag":[],"class_list":{"0":"post-811851","1":"product","2":"type-product","3":"status-publish","4":"has-post-thumbnail","6":"product_cat-options","7":"product_cat-nos-produits","9":"first","10":"instock","11":"taxable","12":"shipping-taxable","13":"purchasable","14":"product-type-simple"},"booking_location":null,"booking_location_type":null,"booking_duration":null,"booking_duration_unit":null,"booking_buffer":null,"booking_cost":null,"booking_resources":null,"acf":[],"wcpa_form_fields":null,"_links":{"self":[{"href":"https:\/\/studiodesparfums-paris.fr\/en_us\/wp-json\/wp\/v2\/product\/811851","targetHints":{"allow":["GET"]}}],"collection":[{"href":"https:\/\/studiodesparfums-paris.fr\/en_us\/wp-json\/wp\/v2\/product"}],"about":[{"href":"https:\/\/studiodesparfums-paris.fr\/en_us\/wp-json\/wp\/v2\/types\/product"}],"version-history":[{"count":0,"href":"https:\/\/studiodesparfums-paris.fr\/en_us\/wp-json\/wp\/v2\/product\/811851\/revisions"}],"wp:featuredmedia":[{"embeddable":true,"href":"https:\/\/studiodesparfums-paris.fr\/en_us\/wp-json\/wp\/v2\/media\/836357"}],"wp:attachment":[{"href":"https:\/\/studiodesparfums-paris.fr\/en_us\/wp-json\/wp\/v2\/media?parent=811851"}],"wp:term":[{"taxonomy":"product_brand","embeddable":true,"href":"https:\/\/studiodesparfums-paris.fr\/en_us\/wp-json\/wp\/v2\/product_brand?post=811851"},{"taxonomy":"product_cat","embeddable":true,"href":"https:\/\/studiodesparfums-paris.fr\/en_us\/wp-json\/wp\/v2\/product_cat?post=811851"},{"taxonomy":"product_tag","embeddable":true,"href":"https:\/\/studiodesparfums-paris.fr\/en_us\/wp-json\/wp\/v2\/product_tag?post=811851"}],"curies":[{"name":"wp","href":"https:\/\/api.w.org\/{rel}","templated":true}]}}