{"id":810289,"date":"2023-07-31T17:43:50","date_gmt":"2023-07-31T15:43:50","guid":{"rendered":"https:\/\/devweb.studiodesparfums-paris.fr\/?post_type=product&#038;p=810289"},"modified":"2024-09-20T13:22:05","modified_gmt":"2024-09-20T11:22:05","slug":"creation-passion-100-ml-reservation","status":"publish","type":"product","link":"https:\/\/studiodesparfums-paris.fr\/en_us\/boutique\/creation-passion-100-ml-reservation\/","title":{"rendered":"Cr\u00e9ation Passion &#8211; 100 mL  &#8211; reservation"},"content":{"rendered":"<p>Immerse yourself in this process of discovering the different stages of creating a perfume. Guided by our expert nose perfumers within a mini group you will discover the world of perfumery and experience the art of making perfume.<br \/>\nThe workshop will begin with an introduction to the world of perfumery by our passionate perfumers.<br \/>\nYou will then experience the scent of the different notes offered by Le Studio des Parfums in the different categories of base notes, heart notes and top notes.<br \/>\nWith their knowledge and passion our perfumers will guide and help you throughout the process of creating a custom perfume.<br \/>\nFrom the hundred plus notes of our perfume organ, select your favorites to create  your own signature perfume.<br \/>\nYou'll have access to a wide variety of high-quality ingredients, thoughtfully chosen for their richness and authenticity. From delicate floral scents to deep woody notes, your fragrance will become a genuine masterpiece of sensory art. It will be exclusively designed by you, for you.<br \/>\nAt the end of this experience, you will have your tailor-made perfume, presented in a pretty bottle \u2013 an eternal journey to the heart of French perfumery.<\/p>","protected":false},"excerpt":{"rendered":"<p>Just like a first experience in the world of perfumery, this mini group creation workshop will allow you to become familiar with the French perfumery and discover scents.<\/p>\n<p>Unleash your creative spirit and let yourself be transported by our hundreds of intoxicating notes, and leave with your own 100mL eau de parfum.<\/p>","protected":false},"featured_media":807417,"template":"","meta":{"_acf_changed":false,"_seopress_robots_primary_cat":"none","_seopress_titles_title":"Atelier parfum - Cr\u00e9ation Passion - Le Studio des Parfums","_seopress_titles_desc":"En mini groupe, r\u00e9alisez votre propre parfum sur mesure en 100ml, \u00e0 Paris. Gr\u00e2ce \u00e0 notre atelier parfum \"Cr\u00e9ation Passion\" d\u00e9couvrez l'univers de la parfumerie.","_seopress_robots_index":""},"product_brand":[],"product_cat":[75,119],"product_tag":[],"class_list":{"0":"post-810289","1":"product","2":"type-product","3":"status-publish","4":"has-post-thumbnail","6":"product_cat-atelier-en-presentiel","7":"product_cat-pour-soi","8":"wcpa_has_options","10":"first","11":"instock","12":"virtual","13":"sold-individually","14":"taxable","15":"purchasable","16":"product-type-booking"},"booking_location":"","booking_location_type":"","booking_duration":2,"booking_duration_unit":"hour","booking_buffer":0,"booking_cost":230,"booking_resources":[],"acf":[],"wcpa_form_fields":{"wcpaData":{"product":{"product_price":230,"price_html":"From: <span class=\"woocommerce-Price-amount amount\"><bdi>230<span class=\"woocommerce-Price-currencySymbol\">&euro;<\/span><\/bdi><\/span>","original_product_price":230,"price_including_tax":230,"price_excluding_tax":191.666667,"product_id":{"parent":810289,"variation":false},"is_variable":false,"stock_status":"instock","stock_quantity":null,"parent_sku":"805393-1","product_attributes":[],"custom_fields":[],"is_taxable":true,"product_name":"Cr\u00e9ation Passion - 100 mL  - reservation","hasImage":false},"fields":{"sec_564df86cd586fb":{"extra":{"key":"sec_564df86cd586fb","section_id":"sec_564df86cd586fb","name":"Default","status":1,"cl_rule":"show","enableCl":false,"relations":[],"toggle":true,"title_tag":"h3","show_title":false,"showPrice":"default","form_id":805457,"form_rules":{"exclude_from_discount":false,"fee_label":"Frais","disp_hide_options_price":false,"disp_show_section_price":false,"disp_show_field_price":true,"layout_option":"standard","pric_use_as_fee":false,"process_fee_as":"woo_fee"},"layout_option":"standard"},"fields":[[{"active":true,"col":6,"relations":false,"cl_rule":"show","enableCl":false,"price":"","enablePrice":true,"className":"","label_position":"default","desc_position":"default","type":"checkbox-group","required":false,"elementId":"checkgroup_3674691310","label":"Sublimez votre atelier en choisissant des options exclusives (cliquez ci-dessous) :","name":"checkgroup_3674691310","values":[{"label":"Une coupe de champagne - Sparkling flower","value":"Option - 1","selected":false,"tempId":"aco_1353","price":"12","gt_translate_keys":["label"]},{"label":"Un vaporisateur de voyage au choix","value":"Option - 2","selected":false,"tempId":"aco_1354","price":"10","gt_translate_keys":["label"]},{"label":"Ruban personnalis\u00e9 sur mesure","value":"Option - 4","selected":false,"tempId":"aco_1365","price":"7","gt_translate_keys":["label"]},{"label":"Dipl\u00f4me d'apprenti parfumeur","value":"Option - 5","selected":false,"tempId":"aco_1375","price":"7","gt_translate_keys":["label"]}],"layOut":"","error":false,"checkUi":"","priceOptions":"different_for_all","pricingType":"multiply","use_as_fee":true,"enable_quantity":true,"quantity_label":"","gt_translate_keys":["label","quantity_label"],"price_dependency":false,"cl_dependency":["text_3965545854"],"value":""}],[{"active":true,"col":6,"relations":[{"operator":false,"rules":[{"operator":"AND","rules":{"cl_field":"checkgroup_3674691310","cl_relation":"is","cl_val":"Option - 6"}}]}],"cl_rule":"show","enableCl":true,"price":"","enablePrice":false,"className":"","label_position":"default","desc_position":"default","type":"text","subtype":"text","required":true,"elementId":"text_3965545854","label":"Adresse Postale (Nom\/Pr\u00e9nom, adresse, code postal, ville, pays)","name":"text_3965545854","value":"","error":false,"description":"Exemple: Henri Dupont, 7 rue des francs bourgeois, 75004, Paris, France.","gt_translate_keys":["label","description","value"],"price_dependency":false,"cl_dependency":false}],[{"active":true,"col":6,"relations":false,"cl_rule":"show","enableCl":false,"price":"","enablePrice":false,"className":"","label_position":"default","desc_position":"default","type":"text","subtype":"text","required":false,"elementId":"text_9927890202","label":"Commentaires\/Consignes","name":"text_9927890202","value":"","description":"Fa\u00eetes-nous part de la moindre remarque, notre \u00e9quipe r\u00e9pondra au mieux \u00e0 vos attentes.","error":false,"gt_translate_keys":["label","description","value"],"price_dependency":false,"cl_dependency":false}]]},"sec_564dfa27b59f19":{"extra":{"key":"sec_564dfa27b59f19","section_id":"sec_564dfa27b59f19","name":"Default","status":1,"cl_rule":"show","enableCl":false,"relations":[],"toggle":true,"title_tag":"h3","show_title":false,"showPrice":"default","form_id":808886,"form_rules":{"exclude_from_discount":false,"fee_label":"Frais","disp_hide_options_price":false,"disp_show_section_price":false,"disp_show_field_price":true,"layout_option":"standard","pric_use_as_fee":false,"process_fee_as":"woo_fee"},"layout_option":"standard"},"fields":[[{"type":"checkbox-group","required":true,"elementId":"wcpa-checkbox-group-1689956920155","label":"Conditions particuli\u00e8res","description":"","desc_type":true,"priceOptions":"different_for_all","pricingType":"fixed","name":"checkbox-group-1689956920155","min_options":"1","cl_rule":"show","col":6,"values":[{"label":"Les r\u00e9servations qui ont lieu les week-end et jours f\u00e9ri\u00e9s ne sont ni annulables, ni d\u00e9pla\u00e7ables (sauf justification valable). Les r\u00e9servations ayant lieu en semaine sont, elles, d\u00e9pla\u00e7ables jusqu\u2019\u00e0 48h avant la date de r\u00e9servation.","value":"option-1","price":"","pimage":"","pimage_id":"","pthumb":"","tempId":"aco_2775","gt_translate_keys":["label"]},{"label":"Les retards de plus de 10 minutes ne seront pas accept\u00e9s. Toutefois, si vous nous informez \u00e0 l'avance d'une situation impr\u00e9vue, nous pourrons envisager de reprogrammer votre atelier.","value":"Option - 8","selected":false,"tempId":"aco_2795","gt_translate_keys":["label"]}],"relations":false,"active":true,"tooltip":"Veuillez accepter en cochant cette case","layOut":"","checkUi":"","error":false,"hideFieldIn_cart":true,"hideFieldIn_order":true,"gt_translate_keys":["label","description","tooltip"],"price_dependency":false,"cl_dependency":false,"value":""}]]}},"config":{"price_override":"","enable_recaptcha":false,"bind_quantity":false,"quantity_bind_formula":false,"disp_summ_show_option_price":true,"disp_summ_show_product_price":true,"disp_summ_show_total_price":true,"disp_summ_show_fee":false,"disp_summ_show_discount":false,"summary_title":"","options_total_label":"Prix des options","total_label":"Total","options_product_label":"Prix du produit","fee_label":"Frais","discount_label":"Discount","has_price":true,"has_quantity_formula":false},"mc_unit":1,"tax_rate":1,"tax_rate_real":0.2,"discount":{"percentage":0,"fixed":0},"design":{"conf":{"LabelPosition":"above","DescPosition":"above","UploadField":"custom_1","QuantityFieldStyle":"default"},"css":{"LeftLabelWidth":"120px"}},"formulas":[],"lookuptables":[],"clones":false,"cartKey":false}},"_links":{"self":[{"href":"https:\/\/studiodesparfums-paris.fr\/en_us\/wp-json\/wp\/v2\/product\/810289","targetHints":{"allow":["GET"]}}],"collection":[{"href":"https:\/\/studiodesparfums-paris.fr\/en_us\/wp-json\/wp\/v2\/product"}],"about":[{"href":"https:\/\/studiodesparfums-paris.fr\/en_us\/wp-json\/wp\/v2\/types\/product"}],"version-history":[{"count":0,"href":"https:\/\/studiodesparfums-paris.fr\/en_us\/wp-json\/wp\/v2\/product\/810289\/revisions"}],"wp:featuredmedia":[{"embeddable":true,"href":"https:\/\/studiodesparfums-paris.fr\/en_us\/wp-json\/wp\/v2\/media\/807417"}],"wp:attachment":[{"href":"https:\/\/studiodesparfums-paris.fr\/en_us\/wp-json\/wp\/v2\/media?parent=810289"}],"wp:term":[{"taxonomy":"product_brand","embeddable":true,"href":"https:\/\/studiodesparfums-paris.fr\/en_us\/wp-json\/wp\/v2\/product_brand?post=810289"},{"taxonomy":"product_cat","embeddable":true,"href":"https:\/\/studiodesparfums-paris.fr\/en_us\/wp-json\/wp\/v2\/product_cat?post=810289"},{"taxonomy":"product_tag","embeddable":true,"href":"https:\/\/studiodesparfums-paris.fr\/en_us\/wp-json\/wp\/v2\/product_tag?post=810289"}],"curies":[{"name":"wp","href":"https:\/\/api.w.org\/{rel}","templated":true}]}}