{"id":809908,"date":"2023-07-28T15:38:45","date_gmt":"2023-07-28T13:38:45","guid":{"rendered":"https:\/\/devweb.studiodesparfums-paris.fr\/?post_type=product&#038;p=809908"},"modified":"2025-04-21T17:04:09","modified_gmt":"2025-04-21T15:04:09","slug":"recommande-100-ml","status":"publish","type":"product","link":"https:\/\/studiodesparfums-paris.fr\/en_us\/boutique\/recommande-100-ml\/","title":{"rendered":"Reorder 100ml"},"content":{"rendered":"<p>You have created a perfume at our studio, and we thank you for your trust.<br \/>\nYou can reorder 100ml of perfume based on the same formula.<\/p>\n<p>Do not forget to fill in all the information about your past creation, such as \"Date of creation, Creation number, Number of the perfume\" which can be found easily.<\/p>\n<p>Reorder processing time (excluding delivery): 5 to 7 days<\/p>","protected":false},"excerpt":{"rendered":"<p>Want to reorder your perfume?<\/p>\n<p>You attended our perfume workshop at Le Studio des Parfums. Now you can order your 100ml perfume based on the same formula.<\/p>\n<p>If you are not able to fill in all the mandatory fields, don't hesitate to get in touch with us at 0140299084, or by email at info@sdp-paris.com<\/p>","protected":false},"featured_media":871212,"template":"","meta":{"_acf_changed":false,"_seopress_robots_primary_cat":"none","_seopress_titles_title":"Recharge de parfum - 100ml - Le Studio des Parfums","_seopress_titles_desc":"Vous avez cr\u00e9\u00e9 un parfum sur mesure au Studio des Parfums et souhaitez recommander votre recharge de parfum en 100mL ? C'est tout \u00e0 fait possible ! Achat online","_seopress_robots_index":""},"product_brand":[],"product_cat":[114],"product_tag":[],"class_list":{"0":"post-809908","1":"product","2":"type-product","3":"status-publish","4":"has-post-thumbnail","6":"product_cat-recommander-son-parfum","7":"product_shipping_class-livraison-reco-100ml","8":"wcpa_has_options","10":"first","11":"instock","12":"taxable","13":"shipping-taxable","14":"purchasable","15":"product-type-simple"},"booking_location":null,"booking_location_type":null,"booking_duration":null,"booking_duration_unit":null,"booking_buffer":null,"booking_cost":null,"booking_resources":null,"acf":[],"wcpa_form_fields":{"wcpaData":{"product":{"product_price":130,"price_html":"<span class=\"woocommerce-Price-amount amount\"><bdi>130<span class=\"woocommerce-Price-currencySymbol\">&euro;<\/span><\/bdi><\/span>","original_product_price":130,"price_including_tax":130,"price_excluding_tax":108.333333,"product_id":{"parent":809908,"variation":false},"is_variable":false,"stock_status":"instock","stock_quantity":null,"parent_sku":"805362","product_attributes":[],"custom_fields":[],"is_taxable":true,"product_name":"Recommande 100ml","hasImage":false},"fields":{"sec_365802c2a87cd5":{"extra":{"key":"sec_365802c2a87cd5","section_id":"sec_365802c2a87cd5","name":"Default","status":1,"cl_rule":"show","enableCl":false,"relations":[],"toggle":true,"title_tag":"h3","show_title":false,"showPrice":"default","form_id":808171,"form_rules":{"exclude_from_discount":false,"fee_label":"Frais","disp_hide_options_price":false,"disp_show_section_price":false,"disp_show_field_price":true,"layout_option":"standard","pric_use_as_fee":false,"process_fee_as":"woo_fee"},"layout_option":"standard"},"fields":[[{"type":"text","required":true,"elementId":"wcpa-text-1689694559539","label":"Pour qui est cette recommande ?","description":"","desc_type":true,"pricingType":"fixed","name":"text-1689694559539","subtype":"text","cl_rule":"show","col":6,"relations":[{"operator":false,"rules":[{"operator":"AND","rules":{"cl_field":"","cl_relation":"","cl_val":""}}]}],"active":true,"tooltip":"Pour vous ou pour un proche","error":false,"value":"","enableCl":false,"gt_translate_keys":["label","description","value","tooltip"],"price_dependency":false,"cl_dependency":false}],[{"label":"Destinataire du parfum : Nom et Pr\u00e9nom","active":true,"required":true,"elementId":"text-2974312352","description":"","tooltip":"La personne dont le parfum est recommand\u00e9","name":"text-2974312352","relations":false,"subtype":"text","pricingType":"fixed","cl_rule":"show","col":6,"type":"text","gt_translate_keys":["label","description","tooltip"],"price_dependency":false,"cl_dependency":false,"value":""}],[{"type":"date","elementId":"wcpa-date-1689694874969","label":"Date de la cr\u00e9ation","description":"","desc_type":true,"pricingType":"fixed","name":"date-1689694874969","min_date":"None","max_date":"None","cl_rule":"show","col":6,"relations":false,"active":true,"tooltip":"Le jour de votre atelier","picker_mode":"single","error":false,"gt_translate_keys":["label","description","tooltip"],"price_dependency":false,"cl_dependency":false,"value":""}],[{"type":"text","required":true,"elementId":"wcpa-text-1689694822106","label":"Num\u00e9ro de cr\u00e9ation :","description":"","desc_type":true,"pricingType":"fixed","name":"text-1689694822104","subtype":"text","cl_rule":"show","col":6,"relations":false,"active":true,"tooltip":"Pr\u00e9sent sur l'\u00e9tiquette de votre parfum","gt_translate_keys":["label","description","tooltip"],"price_dependency":false,"cl_dependency":false,"value":""}],[{"type":"text","elementId":"wcpa-text-1689694838209","label":"Commentaire","description":"","desc_type":true,"pricingType":"fixed","name":"text-1689694838207","subtype":"text","cl_rule":"show","col":6,"relations":false,"active":true,"tooltip":"N'h\u00e9sitez pas \u00e0 faire part de vos demandes","error":false,"gt_translate_keys":["label","description","tooltip"],"price_dependency":false,"cl_dependency":false,"value":""}]]}},"config":{"price_override":"","enable_recaptcha":false,"bind_quantity":false,"quantity_bind_formula":false,"disp_summ_show_option_price":true,"disp_summ_show_product_price":true,"disp_summ_show_total_price":true,"disp_summ_show_fee":false,"disp_summ_show_discount":false,"summary_title":"","options_total_label":"Prix des options","total_label":"Total","options_product_label":"Prix du produit","fee_label":"Frais","discount_label":"Discount","has_price":true,"has_quantity_formula":false},"mc_unit":1,"tax_rate":1,"tax_rate_real":0.2,"discount":{"percentage":0,"fixed":0},"design":{"conf":{"LabelPosition":"above","DescPosition":"above","UploadField":"custom_1","QuantityFieldStyle":"default"},"css":{"LeftLabelWidth":"120px"}},"formulas":[],"lookuptables":[],"clones":false,"cartKey":false}},"_links":{"self":[{"href":"https:\/\/studiodesparfums-paris.fr\/en_us\/wp-json\/wp\/v2\/product\/809908","targetHints":{"allow":["GET"]}}],"collection":[{"href":"https:\/\/studiodesparfums-paris.fr\/en_us\/wp-json\/wp\/v2\/product"}],"about":[{"href":"https:\/\/studiodesparfums-paris.fr\/en_us\/wp-json\/wp\/v2\/types\/product"}],"version-history":[{"count":0,"href":"https:\/\/studiodesparfums-paris.fr\/en_us\/wp-json\/wp\/v2\/product\/809908\/revisions"}],"wp:featuredmedia":[{"embeddable":true,"href":"https:\/\/studiodesparfums-paris.fr\/en_us\/wp-json\/wp\/v2\/media\/871212"}],"wp:attachment":[{"href":"https:\/\/studiodesparfums-paris.fr\/en_us\/wp-json\/wp\/v2\/media?parent=809908"}],"wp:term":[{"taxonomy":"product_brand","embeddable":true,"href":"https:\/\/studiodesparfums-paris.fr\/en_us\/wp-json\/wp\/v2\/product_brand?post=809908"},{"taxonomy":"product_cat","embeddable":true,"href":"https:\/\/studiodesparfums-paris.fr\/en_us\/wp-json\/wp\/v2\/product_cat?post=809908"},{"taxonomy":"product_tag","embeddable":true,"href":"https:\/\/studiodesparfums-paris.fr\/en_us\/wp-json\/wp\/v2\/product_tag?post=809908"}],"curies":[{"name":"wp","href":"https:\/\/api.w.org\/{rel}","templated":true}]}}