{"id":806821,"date":"2023-07-10T19:06:18","date_gmt":"2023-07-10T17:06:18","guid":{"rendered":"https:\/\/devweb.studiodesparfums-paris.fr\/?post_type=product&#038;p=806821"},"modified":"2024-01-16T13:02:54","modified_gmt":"2024-01-16T12:02:54","slug":"bon-cadeau-lylo","status":"publish","type":"product","link":"https:\/\/studiodesparfums-paris.fr\/en_us\/boutique\/bon-cadeau-lylo\/","title":{"rendered":"Gift voucher - Online perfume workshop"},"content":{"rendered":"<p>Discover our workshop carried out exclusively online and discover the unknown world of niche perfumes.<\/p>\n<p>Cet atelier d&rsquo;1h, permettra \u00e0 notre parfumeur de tracer le profil olfactif de votre invit\u00e9. Cette exp\u00e9rience se fait sous forme d&rsquo;\u00e9changes. Le parfumeur lui pose quelques questions afin de conna\u00eetre son identit\u00e9 et r\u00e9aliser un parfum diff\u00e9rent de tous : le sien. Ce moment privil\u00e9gi\u00e9 et unique sera l\u2019occasion pour lui d\u2019en conna\u00eetre davantage sur sa propre personnalit\u00e9 et ses go\u00fbts. \u00c0 la suite cet \u00e9change, 3 \u00e9chantillons sont cr\u00e9\u00e9s et lui sont soumis.<\/p>\n<p>Pour information, nous pouvons lui exp\u00e9dier les \u00e9chantillons, ou bien ces derniers peuvent \u00eatre r\u00e9cup\u00e9r\u00e9s dans notre boutique, au c\u0153ur du Marais. Lorsque l&rsquo;\u00e9chantillon pr\u00e9f\u00e9r\u00e9 sera choisi, nous r\u00e9alisons ce dernier en format <strong>30mL<\/strong>. We will keep your guest\u2019s formula and associate it with their creation number so that they can reorder their fragrance in future.<\/p>","protected":false},"excerpt":{"rendered":"<p>Vous souhaitez offrir une exp\u00e9rience en ligne \u00e0 votre proche ?\u200b Le Studio des Parfums vous propose de faire d\u00e9couvrir \u00e0 la personne de votre choix les secrets de la cr\u00e9ation d\u2019un parfum au cours d&rsquo;un atelier r\u00e9alis\u00e9 exclusivement \u00e0 distance.<\/p>\n<p>During this 1-hour private virtual consultation with one of our expert perfumers, your guest will discover our olfactory perfume with us.<\/p>\n<p>&nbsp;<\/p>","protected":false},"featured_media":806494,"template":"","meta":{"_acf_changed":false,"_seopress_robots_primary_cat":"none","_seopress_titles_title":"Bon cadeau atelier parfum - En ligne - Le Studio des Parfums","_seopress_titles_desc":"Offrez une carte cadeau \u00e0 l&#039;un de vos proches. Valable 1 an, cette carte permet de cr\u00e9er \u00e0 distance son parfum en ligne, \u00e0 l&#039;aide d&#039;un parfumeur en visio.","_seopress_robots_index":""},"product_brand":[],"product_cat":[74,120],"product_tag":[],"class_list":{"0":"post-806821","1":"product","2":"type-product","3":"status-publish","4":"has-post-thumbnail","6":"product_cat-atelier-en-ligne","7":"product_cat-pour-offrir-atelier-en-ligne","8":"product_shipping_class-bon-cadeau-virtuel","10":"first","11":"instock","12":"virtual","13":"purchasable","14":"product-type-wgm_gift_card"},"booking_location":null,"booking_location_type":null,"booking_duration":null,"booking_duration_unit":null,"booking_buffer":null,"booking_cost":null,"booking_resources":null,"acf":[],"wcpa_form_fields":null,"_links":{"self":[{"href":"https:\/\/studiodesparfums-paris.fr\/en_us\/wp-json\/wp\/v2\/product\/806821","targetHints":{"allow":["GET"]}}],"collection":[{"href":"https:\/\/studiodesparfums-paris.fr\/en_us\/wp-json\/wp\/v2\/product"}],"about":[{"href":"https:\/\/studiodesparfums-paris.fr\/en_us\/wp-json\/wp\/v2\/types\/product"}],"version-history":[{"count":0,"href":"https:\/\/studiodesparfums-paris.fr\/en_us\/wp-json\/wp\/v2\/product\/806821\/revisions"}],"wp:featuredmedia":[{"embeddable":true,"href":"https:\/\/studiodesparfums-paris.fr\/en_us\/wp-json\/wp\/v2\/media\/806494"}],"wp:attachment":[{"href":"https:\/\/studiodesparfums-paris.fr\/en_us\/wp-json\/wp\/v2\/media?parent=806821"}],"wp:term":[{"taxonomy":"product_brand","embeddable":true,"href":"https:\/\/studiodesparfums-paris.fr\/en_us\/wp-json\/wp\/v2\/product_brand?post=806821"},{"taxonomy":"product_cat","embeddable":true,"href":"https:\/\/studiodesparfums-paris.fr\/en_us\/wp-json\/wp\/v2\/product_cat?post=806821"},{"taxonomy":"product_tag","embeddable":true,"href":"https:\/\/studiodesparfums-paris.fr\/en_us\/wp-json\/wp\/v2\/product_tag?post=806821"}],"curies":[{"name":"wp","href":"https:\/\/api.w.org\/{rel}","templated":true}]}}