{"id":805450,"date":"2023-06-30T15:17:07","date_gmt":"2023-06-30T13:17:07","guid":{"rendered":"https:\/\/devweb.studiodesparfums-paris.fr\/?post_type=product&#038;p=805450"},"modified":"2025-01-03T12:56:10","modified_gmt":"2025-01-03T11:56:10","slug":"coffret-de-creation","status":"publish","type":"product","link":"https:\/\/studiodesparfums-paris.fr\/en_us\/boutique\/coffret-de-creation\/","title":{"rendered":"\"Le Classique\" Creation Box"},"content":{"rendered":"<p><span style=\"font-weight: 400;\">You are not in Paris and want to experience the many facets of French Perfumery? Our team of expert perfumers have created a perfume creation kit just for you that allows you to create your custom perfume at home.\u00a0<\/span><\/p>\n<p><span style=\"font-weight: 400;\">This perfume creation kit contains :<\/span><\/p>\n<ul>\n<li style=\"font-weight: 400;\" aria-level=\"1\"><span style=\"font-weight: 400;\">30 exclusive notes created by our perfumers<\/span><\/li>\n<li style=\"font-weight: 400;\" aria-level=\"1\"><span style=\"font-weight: 400;\">6 empty creation bottles<\/span><\/li>\n<li style=\"font-weight: 400;\" aria-level=\"1\"><span style=\"font-weight: 400;\">6 customizable labels<\/span><\/li>\n<li style=\"font-weight: 400;\" aria-level=\"1\"><span style=\"font-weight: 400;\">1 travel spray bottle (10ml)<\/span><\/li>\n<li style=\"font-weight: 400;\" aria-level=\"1\"><span style=\"font-weight: 400;\">A blotter<\/span><\/li>\n<li style=\"font-weight: 400;\" aria-level=\"1\"><span style=\"font-weight: 400;\">An online guide to help you through the creation process\u00a0<\/span><\/li>\n<li style=\"font-weight: 400;\" aria-level=\"1\"><span style=\"font-weight: 400;\">6 creation forms<\/span><\/li>\n<\/ul>\n<p><span style=\"font-weight: 400;\">Once you've crafted your final creation, transfer it into a 10ml spray bottle for immediate use. If you desire a larger volume, look for a special note in your kit containing a 10% discount code to order a larger volume of your creation. For that, share your completed creation sheet with us, and we'll happily create and deliver it to you.\u00a0<\/span><\/p>\n<p><span style=\"font-weight: 400;\">Par ailleurs, si vous souhaitez \u00eatre accompagn\u00e9(e) par l\u2019un de nos parfumeurs, il vous suffit de cocher l&rsquo;option \u201cAccompagnement en ligne priv\u00e9\u201d ou \u201cAccompagnement en ligne en mini-groupe\u201d. Ces options vous permettent de b\u00e9n\u00e9ficier d\u2019un entretien en vid\u00e9o, avec l\u2019un de nos parfumeurs. Il s\u2019agit d\u2019un moment privil\u00e9gi\u00e9, r\u00e9alis\u00e9 en semaine, o\u00f9 vous serez accompagn\u00e9 par notre expert, \u00e0 distance. Ce dernier vous accompagnera dans le processus cr\u00e9atif de la parfumerie, et vous guidera dans la constitution de votre signature olfactive.<\/span><\/p>","protected":false},"excerpt":{"rendered":"<p>Enjoy a unique experience by creating your own made-to-measure perfume from the comfort of your own home.<\/p>\n<p>Slip into the shoes of a professional with our at-home perfume creation kit. <strong>30 essences<\/strong> from the Haute Parfumerie Fran\u00e7aise. Formulate your own bespoke creations from the comfort of your own home.<\/p>\n<p>Write your story and decode your olfactory identity.<\/p>","protected":false},"featured_media":806701,"template":"","meta":{"_acf_changed":false,"_seopress_robots_primary_cat":"none","_seopress_titles_title":"Kit cr\u00e9er son parfum - Le Classique Le Studio des Parfums","_seopress_titles_desc":"Cr\u00e9ez vous m\u00eame votre propre parfum sur mesure depuis chez vous. Ce kit de cr\u00e9ation Le Classique et ses 30 essences vous permet de cr\u00e9er une multitude d'accords","_seopress_robots_index":""},"product_brand":[],"product_cat":[76],"product_tag":[],"class_list":{"0":"post-805450","1":"product","2":"type-product","3":"status-publish","4":"has-post-thumbnail","6":"product_cat-coffrets","7":"product_shipping_class-livraison-coffret-le-classique","8":"wcpa_has_options","10":"first","11":"instock","12":"taxable","13":"shipping-taxable","14":"purchasable","15":"product-type-simple"},"booking_location":null,"booking_location_type":null,"booking_duration":null,"booking_duration_unit":null,"booking_buffer":null,"booking_cost":null,"booking_resources":null,"acf":[],"wcpa_form_fields":{"wcpaData":{"product":{"product_price":175,"price_html":"<span class=\"woocommerce-Price-amount amount\"><bdi>175<span class=\"woocommerce-Price-currencySymbol\">&euro;<\/span><\/bdi><\/span>","original_product_price":175,"price_including_tax":175,"price_excluding_tax":145.833333,"product_id":{"parent":805450,"variation":false},"is_variable":false,"stock_status":"instock","stock_quantity":null,"parent_sku":"805450","product_attributes":[],"custom_fields":[],"is_taxable":true,"product_name":"Coffret de cr\u00e9ation Le Classique","hasImage":false},"fields":{"sec_569d6f110d6686":{"extra":{"key":"sec_569d6f110d6686","section_id":"sec_569d6f110d6686","name":"D\u00e9faut","status":1,"cl_rule":"show","enableCl":false,"relations":[],"toggle":true,"title_tag":"h3","show_title":false,"showPrice":"default","form_id":808200,"form_rules":{"exclude_from_discount":false,"fee_label":"Fee","disp_hide_options_price":false,"disp_show_section_price":false,"disp_show_field_price":true,"layout_option":"standard","pric_use_as_fee":false,"process_fee_as":"woo_fee"},"layout_option":"standard"},"fields":[[{"type":"radio-group","elementId":"wcpa-radio-group-1689868351900","label":"Options d'ateliers :","enablePrice":true,"priceOptions":"different_for_all","pricingType":"fixed","use_as_fee":true,"name":"radio-group-1689868351900","options_tooltip":true,"enable_product_image":true,"enableClearSelection":true,"cl_rule":"show","col":6,"values":[{"label":"Atelier vid\u00e9o en groupe","value":"Option1","price":"15","pimage":"","pimage_id":"","pthumb":"","tooltip":"Notre kit est con\u00e7u pour \u00eatre facilement r\u00e9alisable seul(e) depuis chez vous. N\u00e9anmoins si vous souhaitez \u00eatre accompagn\u00e9(e) \u00e0 distance, en groupe, par l\u2019un de nos parfumeurs, il vous suffit de cocher cette option. La dur\u00e9e de l'atelier en groupe est de 45 min. ","gt_translate_keys":["label","tooltip"]},{"label":"Atelier vid\u00e9o individuel","value":"Option2","price":"35","pimage":"","pimage_id":"","pthumb":"","tooltip":"Si vous souhaitez opter pour un accompagnement individuel avec un parfumeur, veuillez cocher cette option. La dur\u00e9e de l'atelier privatis\u00e9 est de 1 heure","gt_translate_keys":["label","tooltip"]}],"relations":false,"active":true,"tooltip":"","layOut":"","gt_translate_keys":["label","tooltip"],"price_dependency":false,"cl_dependency":false,"value":""}]]}},"config":{"price_override":"","enable_recaptcha":false,"bind_quantity":false,"quantity_bind_formula":false,"disp_summ_show_option_price":true,"disp_summ_show_product_price":true,"disp_summ_show_total_price":true,"disp_summ_show_fee":false,"disp_summ_show_discount":false,"summary_title":"","options_total_label":"Options Price","total_label":"Total","options_product_label":"Product Price","fee_label":"Fee","discount_label":"Discount","has_price":true,"has_quantity_formula":false},"mc_unit":1,"tax_rate":1,"tax_rate_real":0.2,"discount":{"percentage":0,"fixed":0},"design":{"conf":{"LabelPosition":"above","DescPosition":"above","UploadField":"custom_1","QuantityFieldStyle":"default"},"css":{"LeftLabelWidth":"120px"}},"formulas":[],"lookuptables":[],"clones":false,"cartKey":false}},"_links":{"self":[{"href":"https:\/\/studiodesparfums-paris.fr\/en_us\/wp-json\/wp\/v2\/product\/805450","targetHints":{"allow":["GET"]}}],"collection":[{"href":"https:\/\/studiodesparfums-paris.fr\/en_us\/wp-json\/wp\/v2\/product"}],"about":[{"href":"https:\/\/studiodesparfums-paris.fr\/en_us\/wp-json\/wp\/v2\/types\/product"}],"version-history":[{"count":0,"href":"https:\/\/studiodesparfums-paris.fr\/en_us\/wp-json\/wp\/v2\/product\/805450\/revisions"}],"wp:featuredmedia":[{"embeddable":true,"href":"https:\/\/studiodesparfums-paris.fr\/en_us\/wp-json\/wp\/v2\/media\/806701"}],"wp:attachment":[{"href":"https:\/\/studiodesparfums-paris.fr\/en_us\/wp-json\/wp\/v2\/media?parent=805450"}],"wp:term":[{"taxonomy":"product_brand","embeddable":true,"href":"https:\/\/studiodesparfums-paris.fr\/en_us\/wp-json\/wp\/v2\/product_brand?post=805450"},{"taxonomy":"product_cat","embeddable":true,"href":"https:\/\/studiodesparfums-paris.fr\/en_us\/wp-json\/wp\/v2\/product_cat?post=805450"},{"taxonomy":"product_tag","embeddable":true,"href":"https:\/\/studiodesparfums-paris.fr\/en_us\/wp-json\/wp\/v2\/product_tag?post=805450"}],"curies":[{"name":"wp","href":"https:\/\/api.w.org\/{rel}","templated":true}]}}