{"id":805052,"date":"2023-06-29T11:38:22","date_gmt":"2023-06-29T09:38:22","guid":{"rendered":"https:\/\/devweb.studiodesparfums-paris.fr\/?post_type=product&#038;p=805052"},"modified":"2023-12-11T11:37:16","modified_gmt":"2023-12-11T10:37:16","slug":"bougie-rose-et-figue","status":"publish","type":"product","link":"https:\/\/studiodesparfums-paris.fr\/en_us\/boutique\/bougie-rose-et-figue\/","title":{"rendered":"Scented Candle \u00ab\u00a0Rose et Figue\u00a0\u00bb"},"content":{"rendered":"","protected":false},"excerpt":{"rendered":"<p>An interplay between the queen of flowers, the rose, and the fig, which imparts a fruity and sunny nuance to your candle.<\/p>","protected":false},"featured_media":831283,"template":"","meta":{"_acf_changed":false,"_seopress_robots_primary_cat":"none","_seopress_titles_title":"Bougie parfum\u00e9e &quot;Rose et Figue&quot; - Le Studio des Parfums","_seopress_titles_desc":"A l&#039;approche des f\u00eates, enchantez votre int\u00e9rieur gr\u00e2ce \u00e0 notre bougie naturelle &quot;Rose et Figue&quot;. Nos bougies s&#039;inscrivent dans une d\u00e9marche \u00e9co-responsable. ","_seopress_robots_index":""},"product_brand":[],"product_cat":[72],"product_tag":[],"class_list":{"0":"post-805052","1":"product","2":"type-product","3":"status-publish","4":"has-post-thumbnail","6":"product_cat-nos-bougies-parfumees","7":"product_shipping_class-livraison-bougies","8":"wcpa_has_options","10":"first","11":"instock","12":"taxable","13":"shipping-taxable","14":"purchasable","15":"product-type-simple"},"booking_location":null,"booking_location_type":null,"booking_duration":null,"booking_duration_unit":null,"booking_buffer":null,"booking_cost":null,"booking_resources":null,"acf":[],"wcpa_form_fields":{"wcpaData":{"product":{"product_price":35,"price_html":"<span class=\"woocommerce-Price-amount amount\"><bdi>35<span class=\"woocommerce-Price-currencySymbol\">&euro;<\/span><\/bdi><\/span>","original_product_price":35,"price_including_tax":35,"price_excluding_tax":29.166667,"product_id":{"parent":805052,"variation":false},"is_variable":false,"stock_status":"instock","stock_quantity":null,"parent_sku":"","product_attributes":[],"custom_fields":[],"is_taxable":true,"product_name":"Bougie parfum\u00e9e \"Rose et Figue\"","hasImage":false},"fields":{"sec_569d75067e839f":{"extra":{"key":"sec_569d75067e839f","section_id":"sec_569d75067e839f","name":"Default","status":1,"cl_rule":"show","enableCl":false,"relations":[],"toggle":true,"title_tag":"h3","show_title":false,"showPrice":"default","form_id":809916,"form_rules":{"exclude_from_discount":false,"fee_label":"Frais","disp_hide_options_price":false,"disp_show_section_price":false,"disp_show_field_price":true,"layout_option":"standard","pric_use_as_fee":false,"process_fee_as":"woo_fee"},"layout_option":"standard"},"fields":[[{"type":"checkbox-group","elementId":"wcpa-checkbox-group-64c3cc8f8843c","label":"Accessoires :","desc_type":true,"enablePrice":true,"priceOptions":"different_for_all","pricingType":"fixed","is_show_price":true,"name":"checkbox-group-64c3cc8f88459","options_tooltip":true,"enable_product_image":true,"cl_rule":"show","col":6,"values":[{"label":"Coupe m\u00e8che","value":"Option1","price":"10","pimage":"","pimage_id":"","pthumb":"","tooltip":"Cet accessoire permet de couper r\u00e9guli\u00e8rement la m\u00e8che de votre bougie afin d\u2019\u00e9viter qu\u2019elle ne fume.","gt_translate_keys":["label","tooltip"]},{"label":"\u00c9teignoir","value":"Option2","price":"10","pimage":"","pimage_id":"","pthumb":"","tooltip":"Cet accessoire permettra d\u2019\u00e9teindre votre bougie en toute s\u00e9curit\u00e9.","gt_translate_keys":["label","tooltip"]},{"label":"Opercule \/ Couvercle","value":"Option3","price":"40","pimage":"","pimage_id":"","pthumb":"","tooltip":"Gr\u00e2ce \u00e0 ce couvercle, conservez l\u2019intensit\u00e9 de votre bougie ainsi que son d\u00e9licat parfum. ","gt_translate_keys":["label","tooltip"]},{"label":"Coffret cadeau","value":"Option4","price":"6","pimage":"","pimage_id":"","pthumb":"","tooltip":"Vous souhaitez parfaire votre cadeau ? Personnalisez le avec notre option cadeau","gt_translate_keys":["label","tooltip"]},{"label":"Kit complet d\u2019entretien","value":"Option5","price":"25","pimage":"","pimage_id":"","pthumb":"","tooltip":"Surprenez votre invit\u00e9 en lui offrant ce kit complet pour entretenir votre bougie","gt_translate_keys":["label","tooltip"]}],"relations":false,"active":true,"tooltip":"","description":"","layOut":"","gt_translate_keys":["label","description","tooltip"],"price_dependency":false,"cl_dependency":["wcpa-number-64c3cc8f88471","wcpa-number-64c3cc8f8849d","wcpa-number-64c3cc8f884c8","wcpa-number-64c3cc8f884f3","wcpa-number-64c3cc8f8851e"],"value":""}],[{"type":"number","required":true,"elementId":"wcpa-number-64c3cc8f88471","label":"Coupe m\u00e8che","description":"","desc_type":true,"value":"1","enablePrice":true,"pricingType":"multiply","price":"10","min":"1","max":"10","step":"1","name":"number-64c3cc8f88487","enableCl":true,"cl_rule":"show","cl_val":"Option1","col":6,"relations":[{"operator":false,"rules":[{"operator":false,"rules":{"cl_field":"wcpa-checkbox-group-64c3cc8f8843c","cl_relation":"is","cl_val":"Option1"}}]}],"active":true,"tooltip":"Cet accessoire permet de couper r\u00e9guli\u00e8rement la m\u00e8che de votre bougie afin d\u2019\u00e9viter qu\u2019elle ne fume.","gt_translate_keys":["label","description","value","tooltip"],"price_dependency":false,"cl_dependency":false}],[{"type":"number","required":true,"elementId":"wcpa-number-64c3cc8f8849d","label":"\u00c9teignoir","description":"","desc_type":true,"value":"1","enablePrice":true,"pricingType":"multiply","price":"10","min":"1","max":"10","step":"1","name":"number-64c3cc8f884b3","enableCl":true,"cl_rule":"show","cl_val":"Option2","col":6,"relations":[{"operator":false,"rules":[{"operator":false,"rules":{"cl_field":"wcpa-checkbox-group-64c3cc8f8843c","cl_relation":"is","cl_val":"Option2"}}]}],"active":true,"tooltip":"Cet accessoire permettra d\u2019\u00e9teindre votre bougie en toute s\u00e9curit\u00e9.","gt_translate_keys":["label","description","value","tooltip"],"price_dependency":false,"cl_dependency":false}],[{"type":"number","required":true,"elementId":"wcpa-number-64c3cc8f884c8","label":"Opercule \/ Couvercle","description":"","desc_type":true,"value":"1","enablePrice":true,"pricingType":"multiply","price":"40","min":"1","max":"10","step":"1","name":"number-64c3cc8f884dd","enableCl":true,"cl_rule":"show","cl_val":"Option3","col":6,"relations":[{"operator":false,"rules":[{"operator":false,"rules":{"cl_field":"wcpa-checkbox-group-64c3cc8f8843c","cl_relation":"is","cl_val":"Option3"}}]}],"active":true,"tooltip":"Gr\u00e2ce \u00e0 ce couvercle, conservez l\u2019intensit\u00e9 de votre bougie ainsi que son d\u00e9licat parfum.","gt_translate_keys":["label","description","value","tooltip"],"price_dependency":false,"cl_dependency":false}],[{"type":"number","required":true,"elementId":"wcpa-number-64c3cc8f884f3","label":"Coffret cadeau","description":"","desc_type":true,"value":"1","enablePrice":true,"pricingType":"multiply","price":"6","min":"1","max":"10","step":"1","name":"number-64c3cc8f88508","enableCl":true,"cl_rule":"show","cl_val":"Option4","col":6,"relations":[{"operator":false,"rules":[{"operator":false,"rules":{"cl_field":"wcpa-checkbox-group-64c3cc8f8843c","cl_relation":"is","cl_val":"Option4"}}]}],"active":true,"tooltip":"Vous souhaitez parfaire votre cadeau ? Personnalisez le avec notre option cadeau","gt_translate_keys":["label","description","value","tooltip"],"price_dependency":false,"cl_dependency":false}],[{"type":"number","required":true,"elementId":"wcpa-number-64c3cc8f8851e","label":"Kit complet d\u2019entretien","description":"","desc_type":true,"value":"1","enablePrice":true,"pricingType":"multiply","price":"25","min":"1","max":"10","step":"1","name":"number-64c3cc8f88533","enableCl":true,"cl_rule":"show","cl_val":"Option5","col":6,"relations":[{"operator":false,"rules":[{"operator":false,"rules":{"cl_field":"wcpa-checkbox-group-64c3cc8f8843c","cl_relation":"is","cl_val":"Option5"}}]}],"active":true,"tooltip":"Surprenez votre invit\u00e9 en lui offrant ce kit complet pour entretenir votre bougie","gt_translate_keys":["label","description","value","tooltip"],"price_dependency":false,"cl_dependency":false}]]}},"config":{"price_override":"","enable_recaptcha":false,"bind_quantity":false,"quantity_bind_formula":false,"disp_summ_show_option_price":true,"disp_summ_show_product_price":true,"disp_summ_show_total_price":true,"disp_summ_show_fee":false,"disp_summ_show_discount":false,"summary_title":"","options_total_label":"Prix des options","total_label":"Total","options_product_label":"Prix du produit","fee_label":"Frais","discount_label":"Discount","has_price":true,"has_quantity_formula":false},"mc_unit":1,"tax_rate":1,"tax_rate_real":0.2,"discount":{"percentage":0,"fixed":0},"design":{"conf":{"LabelPosition":"above","DescPosition":"above","UploadField":"custom_1","QuantityFieldStyle":"default"},"css":{"LeftLabelWidth":"120px"}},"formulas":[],"lookuptables":[],"clones":false,"cartKey":false}},"_links":{"self":[{"href":"https:\/\/studiodesparfums-paris.fr\/en_us\/wp-json\/wp\/v2\/product\/805052","targetHints":{"allow":["GET"]}}],"collection":[{"href":"https:\/\/studiodesparfums-paris.fr\/en_us\/wp-json\/wp\/v2\/product"}],"about":[{"href":"https:\/\/studiodesparfums-paris.fr\/en_us\/wp-json\/wp\/v2\/types\/product"}],"version-history":[{"count":1,"href":"https:\/\/studiodesparfums-paris.fr\/en_us\/wp-json\/wp\/v2\/product\/805052\/revisions"}],"predecessor-version":[{"id":878617,"href":"https:\/\/studiodesparfums-paris.fr\/en_us\/wp-json\/wp\/v2\/product\/805052\/revisions\/878617"}],"wp:featuredmedia":[{"embeddable":true,"href":"https:\/\/studiodesparfums-paris.fr\/en_us\/wp-json\/wp\/v2\/media\/831283"}],"wp:attachment":[{"href":"https:\/\/studiodesparfums-paris.fr\/en_us\/wp-json\/wp\/v2\/media?parent=805052"}],"wp:term":[{"taxonomy":"product_brand","embeddable":true,"href":"https:\/\/studiodesparfums-paris.fr\/en_us\/wp-json\/wp\/v2\/product_brand?post=805052"},{"taxonomy":"product_cat","embeddable":true,"href":"https:\/\/studiodesparfums-paris.fr\/en_us\/wp-json\/wp\/v2\/product_cat?post=805052"},{"taxonomy":"product_tag","embeddable":true,"href":"https:\/\/studiodesparfums-paris.fr\/en_us\/wp-json\/wp\/v2\/product_tag?post=805052"}],"curies":[{"name":"wp","href":"https:\/\/api.w.org\/{rel}","templated":true}]}}