{"id":856899,"date":"2024-09-18T16:10:13","date_gmt":"2024-09-18T14:10:13","guid":{"rendered":"https:\/\/studiodesparfums-paris.fr\/?page_id=856899"},"modified":"2026-04-08T15:51:29","modified_gmt":"2026-04-08T13:51:29","slug":"retrouver-un-parfum-disparuv2","status":"publish","type":"page","link":"https:\/\/studiodesparfums-paris.fr\/en_us\/retrouver-un-parfum-disparuv2\/","title":{"rendered":"Replica Perfume"},"content":{"rendered":"\t\t<div data-elementor-type=\"wp-page\" data-elementor-id=\"856899\" class=\"elementor elementor-856899\" data-elementor-post-type=\"page\">\n\t\t\t\t<div class=\"elementor-element elementor-element-e086704 e-flex e-con-boxed e-con e-parent\" data-id=\"e086704\" data-element_type=\"container\" data-e-type=\"container\">\n\t\t\t\t\t<div class=\"e-con-inner\">\n\t\t<div class=\"elementor-element elementor-element-05b8ca8 e-con-full e-flex e-con e-child\" data-id=\"05b8ca8\" data-element_type=\"container\" data-e-type=\"container\">\n\t\t\t\t<div class=\"elementor-element elementor-element-a312708 elementor-widget__width-initial elementor-widget-divider--view-line elementor-widget elementor-widget-divider\" data-id=\"a312708\" data-element_type=\"widget\" data-e-type=\"widget\" data-widget_type=\"divider.default\">\n\t\t\t\t<div class=\"elementor-widget-container\">\n\t\t\t\t\t\t\t<div class=\"elementor-divider\">\n\t\t\t<span class=\"elementor-divider-separator\">\n\t\t\t\t\t\t<\/span>\n\t\t<\/div>\n\t\t\t\t\t\t<\/div>\n\t\t\t\t<\/div>\n\t\t\t\t<div class=\"elementor-element elementor-element-0ee7535 elementor-widget__width-initial elementor-widget elementor-widget-heading\" data-id=\"0ee7535\" data-element_type=\"widget\" data-e-type=\"widget\" data-widget_type=\"heading.default\">\n\t\t\t\t<div class=\"elementor-widget-container\">\n\t\t\t\t\t<h2 class=\"elementor-heading-title elementor-size-default\">RETROUVER UN PARFUM DISPARU<\/h2>\t\t\t\t<\/div>\n\t\t\t\t<\/div>\n\t\t\t\t<div class=\"elementor-element elementor-element-ce70d4c elementor-widget__width-initial elementor-widget-divider--view-line elementor-widget elementor-widget-divider\" data-id=\"ce70d4c\" data-element_type=\"widget\" data-e-type=\"widget\" data-widget_type=\"divider.default\">\n\t\t\t\t<div class=\"elementor-widget-container\">\n\t\t\t\t\t\t\t<div class=\"elementor-divider\">\n\t\t\t<span class=\"elementor-divider-separator\">\n\t\t\t\t\t\t<\/span>\n\t\t<\/div>\n\t\t\t\t\t\t<\/div>\n\t\t\t\t<\/div>\n\t\t\t\t<\/div>\n\t\t<div class=\"elementor-element elementor-element-63545d4 e-con-full e-flex e-con e-child\" data-id=\"63545d4\" data-element_type=\"container\" data-e-type=\"container\">\n\t\t\t\t<div class=\"elementor-element elementor-element-1fca0d6 elementor-widget elementor-widget-text-editor\" data-id=\"1fca0d6\" data-element_type=\"widget\" data-e-type=\"widget\" data-widget_type=\"text-editor.default\">\n\t\t\t\t<div class=\"elementor-widget-container\">\n\t\t\t\t\t\t\t\t\t<p style=\"text-align: center;\"><strong>Votre parfum n\u2019est plus disponible sur le march\u00e9\u00a0?<\/strong><\/p><p style=\"text-align: center;\">Depuis 2006, Le Studio des Parfums est sp\u00e9cialis\u00e9 dans la cr\u00e9ation de parfums sur mesure. Dans l\u2019optique de toujours satisfaire notre client\u00e8le, nous avons d\u00e9velopp\u00e9 la\u00a0<strong>recomposition de parfums disparus<\/strong>. Ces recr\u00e9ations ne sont destin\u00e9es qu\u2019\u00e0 un usage personnel et non commercialisables.<\/p><p style=\"text-align: center;\">En effet, si vous souhaitez que notre \u00e9quipe recompose votre fragrance au Nez, il suffit que vous nous remettiez un \u00e9chantillon du parfum en question, et nous nous ferons un plaisir de jouer de nos mati\u00e8res premi\u00e8res pour vous le recomposer. Pendant ce process, plusieurs rendez-vous sont pr\u00e9vus pour vous montrer le rendu, et conna\u00eetre vos envies pour retrouver l\u2019\u00e9motion suscit\u00e9e.<\/p><p style=\"text-align: center;\">Le d\u00e9lai moyen pour une reproduction est de <strong>8\u00a0mois\u00a0\u00a0<\/strong>(en fonction des stocks, de la demande et de la complexit\u00e9 du parfum).<\/p><p style=\"text-align: center;\">Nous faisons tout notre possible pour \u00eatre le plus proche de l\u2019original, afin de vous procurer l\u2019\u00e9motion que vous avez tant aim\u00e9 dans ce jus. Nos limites se dessinent \u00e0 la fronti\u00e8re de la r\u00e9glementation. En effet, certaines mati\u00e8res premi\u00e8res autrefois utilis\u00e9es sont interdits d\u2019usage, nous ne travaillons donc pas avec celles-ci.\u00a0<\/p><p style=\"text-align: center;\">Nous proposons un contretype de\u00a0<strong>50mL<\/strong>\u00a0au prix de\u00a0<strong>350\u20ac<\/strong>\u00a0(acompte de 200\u20ac lors du d\u00e9p\u00f4t et 150\u20ac \u00e0 la fin du processus).<\/p>\t\t\t\t\t\t\t\t<\/div>\n\t\t\t\t<\/div>\n\t\t\t\t<div class=\"elementor-element elementor-element-afa91da elementor-widget-divider--view-line elementor-widget elementor-widget-divider\" data-id=\"afa91da\" data-element_type=\"widget\" data-e-type=\"widget\" data-widget_type=\"divider.default\">\n\t\t\t\t<div class=\"elementor-widget-container\">\n\t\t\t\t\t\t\t<div class=\"elementor-divider\">\n\t\t\t<span class=\"elementor-divider-separator\">\n\t\t\t\t\t\t<\/span>\n\t\t<\/div>\n\t\t\t\t\t\t<\/div>\n\t\t\t\t<\/div>\n\t\t\t\t<\/div>\n\t\t<div class=\"elementor-element elementor-element-e8db7cb e-con-full e-flex e-con e-child\" data-id=\"e8db7cb\" data-element_type=\"container\" data-e-type=\"container\">\n\t\t<div class=\"elementor-element elementor-element-957ccfa e-con-full e-flex e-con e-child\" data-id=\"957ccfa\" data-element_type=\"container\" data-e-type=\"container\">\n\t\t\t\t<div class=\"elementor-element elementor-element-a4c695b elementor-widget elementor-widget-text-editor\" data-id=\"a4c695b\" data-element_type=\"widget\" data-e-type=\"widget\" data-widget_type=\"text-editor.default\">\n\t\t\t\t<div class=\"elementor-widget-container\">\n\t\t\t\t\t\t\t\t\t<p style=\"text-align: center;\">Veuillez remplir ce formulaire afin que nous puissions traiter votre demande recomposition de parfum disparu..<\/p>\t\t\t\t\t\t\t\t<\/div>\n\t\t\t\t<\/div>\n\t\t\t\t<div class=\"elementor-element elementor-element-f29f3d8 elementor-widget elementor-widget-htcontactform-addons\" data-id=\"f29f3d8\" data-element_type=\"widget\" data-e-type=\"widget\" data-widget_type=\"htcontactform-addons.default\">\n\t\t\t\t<div class=\"elementor-widget-container\">\n\t\t\t\t\t            <div class=\"htcontact-form-wrapper\" >\n                \n<div class=\"wpcf7 no-js\" id=\"wpcf7-f808462-o1\" lang=\"fr-FR\" dir=\"ltr\" data-wpcf7-id=\"808462\">\n<div class=\"screen-reader-response\"><p role=\"status\" aria-live=\"polite\" aria-atomic=\"true\"><\/p> <ul><\/ul><\/div>\n<form action=\"\/en_us\/wp-json\/wp\/v2\/pages\/856899#wpcf7-f808462-o1\" method=\"post\" class=\"wpcf7-form init\" aria-label=\"Formulaire de contact\" enctype=\"multipart\/form-data\" novalidate=\"novalidate\" data-status=\"init\">\n<fieldset class=\"hidden-fields-container\"><input type=\"hidden\" name=\"_wpcf7\" value=\"808462\" \/><input type=\"hidden\" name=\"_wpcf7_version\" value=\"6.1.5\" \/><input type=\"hidden\" name=\"_wpcf7_locale\" value=\"fr_FR\" \/><input type=\"hidden\" name=\"_wpcf7_unit_tag\" value=\"wpcf7-f808462-o1\" \/><input type=\"hidden\" name=\"_wpcf7_container_post\" value=\"0\" \/><input type=\"hidden\" name=\"_wpcf7_posted_data_hash\" value=\"\" \/><input type=\"hidden\" name=\"_extcf7_conditional_options\" value=\"{&quot;form_id&quot;:808462,&quot;conditions&quot;:[]}\" \/><input type=\"hidden\" name=\"_extcf7_redirect_options\" value=\"{&quot;form_id&quot;:808462,&quot;redirect_options&quot;:&quot;&quot;}\" \/><input type=\"hidden\" name=\"_wpcf7_recaptcha_response\" value=\"\" \/>\n<\/fieldset>\n<p><label> Nom\/pr\u00e9nom<br \/>\n<span class=\"wpcf7-form-control-wrap\" data-name=\"your-name\"><input size=\"40\" maxlength=\"400\" class=\"wpcf7-form-control wpcf7-text wpcf7-validates-as-required\" autocomplete=\"name\" aria-required=\"true\" aria-invalid=\"false\" value=\"\" type=\"text\" name=\"your-name\" \/><\/span> <\/label>\n<\/p>\n<p><label> E-mail<br \/>\n<span class=\"wpcf7-form-control-wrap\" data-name=\"your-email\"><input size=\"40\" maxlength=\"400\" class=\"wpcf7-form-control wpcf7-email wpcf7-validates-as-required wpcf7-text wpcf7-validates-as-email\" autocomplete=\"email\" aria-required=\"true\" aria-invalid=\"false\" value=\"\" type=\"email\" name=\"your-email\" \/><\/span> <\/label>\n<\/p>\n<p><label> Num\u00e9ro de t\u00e9l\u00e9phone<br \/>\n<span class=\"wpcf7-form-control-wrap your_intl_tel\"><input class=\"wpcf7-form-control wpcf7-intl_tel wpcf7-intl-tel\" aria-invalid=\"false\" value=\"\" type=\"tel\" name=\"your_intl_tel-cf7it-national\" \/><input name=\"your_intl_tel\" type=\"hidden\" class=\"wpcf7-intl-tel-full\" \/><input type=\"hidden\" name=\"your_intl_tel-cf7it-country-name\" class=\"wpcf7-intl-tel-country-name\" \/><input type=\"hidden\" name=\"your_intl_tel-cf7it-country-code\" class=\"wpcf7-intl-tel-country-code\" \/><input type=\"hidden\" name=\"your_intl_tel-cf7it-country-iso2\" class=\"wpcf7-intl-tel-country-iso2\" \/><\/span> <\/label>\n<\/p>\n<p><label> Nom et marque du parfum<br \/>\n<span class=\"wpcf7-form-control-wrap\" data-name=\"your-parfum\"><input size=\"40\" maxlength=\"400\" class=\"wpcf7-form-control wpcf7-text wpcf7-validates-as-required\" aria-required=\"true\" aria-invalid=\"false\" value=\"\" type=\"text\" name=\"your-parfum\" \/><\/span> <\/label>\n<\/p>\n<p><label> Message additionnel<br \/>\n<span class=\"wpcf7-form-control-wrap\" data-name=\"your-message\"><textarea cols=\"40\" rows=\"10\" maxlength=\"2000\" class=\"wpcf7-form-control wpcf7-textarea\" aria-invalid=\"false\" name=\"your-message\"><\/textarea><\/span> <\/label>\n<\/p>\n<p><label> Votre flacon de parfum en photo (facultatif)<br \/>\n<span class=\"wpcf7-form-control-wrap\" data-name=\"picture_parfum\"><input size=\"40\" class=\"wpcf7-form-control wpcf7-file\" accept=\".pdf,.jpeg,.png\" aria-invalid=\"false\" type=\"file\" name=\"picture_parfum\" \/><\/span><br \/>\nFormats de fichiers support\u00e9s : PDF, JPEG, PNG<\/label>\n<\/p>\n<p><input class=\"wpcf7-form-control wpcf7-submit has-spinner\" type=\"submit\" value=\"Envoyer\" \/>\n<\/p><div class=\"wpcf7-response-output\" aria-hidden=\"true\"><\/div>\n<\/form>\n<\/div>\n            <\/div>\n\n        \t\t\t\t<\/div>\n\t\t\t\t<\/div>\n\t\t\t\t<\/div>\n\t\t<div class=\"elementor-element elementor-element-1b41ca9 e-con-full e-flex e-con e-child\" data-id=\"1b41ca9\" data-element_type=\"container\" data-e-type=\"container\">\n\t\t\t\t<div class=\"elementor-element elementor-element-6ad9710 elementor-widget elementor-widget-image\" data-id=\"6ad9710\" data-element_type=\"widget\" data-e-type=\"widget\" data-widget_type=\"image.default\">\n\t\t\t\t<div class=\"elementor-widget-container\">\n\t\t\t\t\t\t\t\t\t\t\t\t\t\t\t<img fetchpriority=\"high\" decoding=\"async\" width=\"800\" height=\"800\" src=\"https:\/\/studiodesparfums-paris.fr\/wp-content\/uploads\/2025\/04\/50ml-x-montage-1.jpeg\" class=\"attachment-large size-large wp-image-871703\" alt=\"\" srcset=\"https:\/\/studiodesparfums-paris.fr\/wp-content\/uploads\/2025\/04\/50ml-x-montage-1.jpeg 1024w, https:\/\/studiodesparfums-paris.fr\/wp-content\/uploads\/2025\/04\/50ml-x-montage-1-300x300.jpeg 300w, https:\/\/studiodesparfums-paris.fr\/wp-content\/uploads\/2025\/04\/50ml-x-montage-1-150x150.jpeg 150w, https:\/\/studiodesparfums-paris.fr\/wp-content\/uploads\/2025\/04\/50ml-x-montage-1-768x768.jpeg 768w, https:\/\/studiodesparfums-paris.fr\/wp-content\/uploads\/2025\/04\/50ml-x-montage-1-12x12.jpeg 12w, https:\/\/studiodesparfums-paris.fr\/wp-content\/uploads\/2025\/04\/50ml-x-montage-1-600x600.jpeg 600w, https:\/\/studiodesparfums-paris.fr\/wp-content\/uploads\/2025\/04\/50ml-x-montage-1-100x100.jpeg 100w\" sizes=\"(max-width: 800px) 100vw, 800px\" \/>\t\t\t\t\t\t\t\t\t\t\t\t\t\t\t<\/div>\n\t\t\t\t<\/div>\n\t\t\t\t<\/div>\n\t\t\t\t<\/div>\n\t\t\t\t\t<\/div>\n\t\t\t\t<\/div>\n\t\t<div class=\"elementor-element elementor-element-12a1f8a e-flex e-con-boxed e-con e-parent\" data-id=\"12a1f8a\" data-element_type=\"container\" data-e-type=\"container\">\n\t\t\t\t\t<div class=\"e-con-inner\">\n\t\t\t\t<div class=\"elementor-element elementor-element-256fa4d elementor-widget elementor-widget-html\" data-id=\"256fa4d\" data-element_type=\"widget\" data-e-type=\"widget\" data-widget_type=\"html.default\">\n\t\t\t\t<div class=\"elementor-widget-container\">\n\t\t\t\t\t<script type=\"application\/ld+json\">\r\n{\r\n  \"@context\": \"https:\/\/schema.org\",\r\n  \"@graph\": [\r\n\r\n    {\r\n      \"@type\": \"Service\",\r\n      \"@id\": \"https:\/\/studiodesparfums-paris.fr\/retrouver-un-parfum-disparuv2\/#service\",\r\n      \"name\": \"Retrouver un parfum disparu\",\r\n      \"description\": \"Service de recr\u00e9ation de parfum sur mesure pour retrouver une fragrance disparue ou reformuler un parfum introuvable.\",\r\n      \"image\": \"https:\/\/studiodesparfums-paris.fr\/wp-content\/uploads\/2026\/03\/img_7306.jpeg\",\r\n\r\n      \"provider\": {\r\n        \"@type\": \"Organization\",\r\n        \"name\": \"Le Studio des Parfums\",\r\n        \"url\": \"https:\/\/studiodesparfums-paris.fr\/\"\r\n      },\r\n\r\n      \"areaServed\": {\r\n        \"@type\": \"Place\",\r\n        \"name\": \"Worldwide\"\r\n      },\r\n\r\n      \"availableLanguage\": [\"fr\",\"en\"],\r\n\r\n      \"serviceType\": \"Perfume recreation service\",\r\n\r\n      \"offers\": {\r\n        \"@type\": \"Offer\",\r\n        \"url\": \"https:\/\/studiodesparfums-paris.fr\/retrouver-un-parfum-disparuv2\/\",\r\n        \"priceCurrency\": \"EUR\",\r\n        \"availability\": \"https:\/\/schema.org\/InStock\"\r\n      }\r\n    },\r\n\r\n    {\r\n      \"@type\": \"CreativeWork\",\r\n      \"@id\": \"https:\/\/studiodesparfums-paris.fr\/retrouver-un-parfum-disparuv2\/#creative\",\r\n      \"name\": \"Recr\u00e9ation de parfum personnalis\u00e9\",\r\n      \"description\": \"Reproduction olfactive d\u2019un parfum disparu ou cr\u00e9ation fid\u00e8le bas\u00e9e sur vos souvenirs et pr\u00e9f\u00e9rences.\",\r\n      \"creator\": {\r\n        \"@type\": \"Organization\",\r\n        \"name\": \"Le Studio des Parfums\"\r\n      }\r\n    },\r\n\r\n    {\r\n      \"@type\": \"Action\",\r\n      \"@id\": \"https:\/\/studiodesparfums-paris.fr\/retrouver-un-parfum-disparuv2\/#contact\",\r\n      \"name\": \"Demander une recr\u00e9ation de parfum\",\r\n      \"target\": {\r\n        \"@type\": \"EntryPoint\",\r\n        \"urlTemplate\": \"https:\/\/studiodesparfums-paris.fr\/contact\/\",\r\n        \"actionPlatform\": [\r\n          \"https:\/\/schema.org\/DesktopWebPlatform\",\r\n          \"https:\/\/schema.org\/MobileWebPlatform\"\r\n        ]\r\n      }\r\n    },\r\n\r\n    {\r\n      \"@type\": \"FAQPage\",\r\n      \"@id\": \"https:\/\/studiodesparfums-paris.fr\/retrouver-un-parfum-disparuv2\/#faq\",\r\n      \"mainEntity\": [\r\n        {\r\n          \"@type\": \"Question\",\r\n          \"name\": \"Peut-on recr\u00e9er un parfum disparu ?\",\r\n          \"acceptedAnswer\": {\r\n            \"@type\": \"Answer\",\r\n            \"text\": \"Oui, nos parfumeurs peuvent recr\u00e9er une fragrance \u00e0 partir de souvenirs ou d\u2019\u00e9chantillons.\"\r\n          }\r\n        },\r\n        {\r\n          \"@type\": \"Question\",\r\n          \"name\": \"Combien co\u00fbte la recr\u00e9ation d\u2019un parfum ?\",\r\n          \"acceptedAnswer\": {\r\n            \"@type\": \"Answer\",\r\n            \"text\": \"Le prix d\u00e9pend de la complexit\u00e9 du parfum et du niveau de personnalisation.\"\r\n          }\r\n        },\r\n        {\r\n          \"@type\": \"Question\",\r\n          \"name\": \"Combien de temps prend la recr\u00e9ation ?\",\r\n          \"acceptedAnswer\": {\r\n            \"@type\": \"Answer\",\r\n            \"text\": \"Le d\u00e9lai varie selon le projet et les ajustements n\u00e9cessaires.\"\r\n          }\r\n        }\r\n      ]\r\n    }\r\n\r\n  ]\r\n}\r\n<\/script>\t\t\t\t<\/div>\n\t\t\t\t<\/div>\n\t\t\t\t\t<\/div>\n\t\t\t\t<\/div>\n\t\t\t\t<\/div>\n\t\t","protected":false},"excerpt":{"rendered":"<p>RETROUVER UN PARFUM DISPARU Votre parfum n\u2019est plus disponible sur le march\u00e9\u00a0? Depuis 2006, Le Studio des Parfums est sp\u00e9cialis\u00e9 dans la cr\u00e9ation de parfums sur mesure. Dans l\u2019optique de toujours satisfaire notre client\u00e8le, nous avons d\u00e9velopp\u00e9 la\u00a0recomposition de parfums disparus. Ces recr\u00e9ations ne sont destin\u00e9es qu\u2019\u00e0 un usage personnel et non commercialisables. En effet, [&hellip;]<\/p>\n","protected":false},"author":18605,"featured_media":0,"parent":0,"menu_order":0,"comment_status":"closed","ping_status":"closed","template":"","meta":{"_acf_changed":false,"_seopress_robots_primary_cat":"","_seopress_titles_title":"Retrouver un parfum disparu - Le Studio des Parfums","_seopress_titles_desc":"En panne d'inspiration pour la Saint Valentin ? Offrez un bon cadeau \u00e0 votre proche lui permettant de retrouver un parfum qu'il aimait tant.","_seopress_robots_index":"","footnotes":""},"class_list":["post-856899","page","type-page","status-publish","hentry"],"acf":[],"_links":{"self":[{"href":"https:\/\/studiodesparfums-paris.fr\/en_us\/wp-json\/wp\/v2\/pages\/856899","targetHints":{"allow":["GET"]}}],"collection":[{"href":"https:\/\/studiodesparfums-paris.fr\/en_us\/wp-json\/wp\/v2\/pages"}],"about":[{"href":"https:\/\/studiodesparfums-paris.fr\/en_us\/wp-json\/wp\/v2\/types\/page"}],"author":[{"embeddable":true,"href":"https:\/\/studiodesparfums-paris.fr\/en_us\/wp-json\/wp\/v2\/users\/18605"}],"replies":[{"embeddable":true,"href":"https:\/\/studiodesparfums-paris.fr\/en_us\/wp-json\/wp\/v2\/comments?post=856899"}],"version-history":[{"count":12,"href":"https:\/\/studiodesparfums-paris.fr\/en_us\/wp-json\/wp\/v2\/pages\/856899\/revisions"}],"predecessor-version":[{"id":932128,"href":"https:\/\/studiodesparfums-paris.fr\/en_us\/wp-json\/wp\/v2\/pages\/856899\/revisions\/932128"}],"wp:attachment":[{"href":"https:\/\/studiodesparfums-paris.fr\/en_us\/wp-json\/wp\/v2\/media?parent=856899"}],"curies":[{"name":"wp","href":"https:\/\/api.w.org\/{rel}","templated":true}]}}