{"id":840497,"date":"2024-01-26T10:41:44","date_gmt":"2024-01-26T09:41:44","guid":{"rendered":"https:\/\/studiodesparfums-paris.fr\/?page_id=840497"},"modified":"2026-04-08T16:04:29","modified_gmt":"2026-04-08T14:04:29","slug":"saint-valentin","status":"publish","type":"page","link":"https:\/\/studiodesparfums-paris.fr\/en_us\/saint-valentin\/","title":{"rendered":"Parfum d&rsquo;Amour"},"content":{"rendered":"\t\t<div data-elementor-type=\"wp-page\" data-elementor-id=\"840497\" class=\"elementor elementor-840497\" data-elementor-post-type=\"page\">\n\t\t\t\t<div class=\"elementor-element elementor-element-b4cc978 e-flex e-con-boxed e-con e-parent\" data-id=\"b4cc978\" data-element_type=\"container\" data-e-type=\"container\">\n\t\t\t\t\t<div class=\"e-con-inner\">\n\t\t<div class=\"elementor-element elementor-element-e52fb25 e-con-full e-flex e-con e-child\" data-id=\"e52fb25\" data-element_type=\"container\" data-e-type=\"container\">\n\t\t<div class=\"elementor-element elementor-element-7f689b1 e-con-full e-flex e-con e-child\" data-id=\"7f689b1\" data-element_type=\"container\" data-e-type=\"container\">\n\t\t\t\t<div class=\"elementor-element elementor-element-14e8491 elementor-widget__width-initial elementor-widget-divider--view-line elementor-widget elementor-widget-divider\" data-id=\"14e8491\" data-element_type=\"widget\" data-e-type=\"widget\" data-widget_type=\"divider.default\">\n\t\t\t\t<div class=\"elementor-widget-container\">\n\t\t\t\t\t\t\t<div class=\"elementor-divider\">\n\t\t\t<span class=\"elementor-divider-separator\">\n\t\t\t\t\t\t<\/span>\n\t\t<\/div>\n\t\t\t\t\t\t<\/div>\n\t\t\t\t<\/div>\n\t\t\t\t<div class=\"elementor-element elementor-element-041c692 elementor-widget__width-initial elementor-widget elementor-widget-heading\" data-id=\"041c692\" data-element_type=\"widget\" data-e-type=\"widget\" data-widget_type=\"heading.default\">\n\t\t\t\t<div class=\"elementor-widget-container\">\n\t\t\t\t\t<h2 class=\"elementor-heading-title elementor-size-default\">Parfum d\u2019Amour\n<\/h2>\t\t\t\t<\/div>\n\t\t\t\t<\/div>\n\t\t\t\t<div class=\"elementor-element elementor-element-800b651 elementor-widget__width-initial elementor-widget-divider--view-line elementor-widget elementor-widget-divider\" data-id=\"800b651\" data-element_type=\"widget\" data-e-type=\"widget\" data-widget_type=\"divider.default\">\n\t\t\t\t<div class=\"elementor-widget-container\">\n\t\t\t\t\t\t\t<div class=\"elementor-divider\">\n\t\t\t<span class=\"elementor-divider-separator\">\n\t\t\t\t\t\t<\/span>\n\t\t<\/div>\n\t\t\t\t\t\t<\/div>\n\t\t\t\t<\/div>\n\t\t\t\t<\/div>\n\t\t\t\t<\/div>\n\t\t\t\t\t<\/div>\n\t\t\t\t<\/div>\n\t\t<div class=\"elementor-element elementor-element-2010f74 e-flex e-con-boxed e-con e-parent\" data-id=\"2010f74\" data-element_type=\"container\" data-e-type=\"container\">\n\t\t\t\t\t<div class=\"e-con-inner\">\n\t\t<div class=\"elementor-element elementor-element-e4a9fbb e-con-full e-flex e-con e-child\" data-id=\"e4a9fbb\" data-element_type=\"container\" data-e-type=\"container\">\n\t\t<div class=\"elementor-element elementor-element-9a106c6 e-con-full e-flex e-con e-child\" data-id=\"9a106c6\" data-element_type=\"container\" data-e-type=\"container\">\n\t\t<div class=\"elementor-element elementor-element-10e9494 e-con-full e-flex e-con e-child\" data-id=\"10e9494\" data-element_type=\"container\" data-e-type=\"container\">\n\t\t\t\t<div class=\"elementor-element elementor-element-becd656 elementor-widget-divider--view-line elementor-widget elementor-widget-divider\" data-id=\"becd656\" data-element_type=\"widget\" data-e-type=\"widget\" data-widget_type=\"divider.default\">\n\t\t\t\t<div class=\"elementor-widget-container\">\n\t\t\t\t\t\t\t<div class=\"elementor-divider\">\n\t\t\t<span class=\"elementor-divider-separator\">\n\t\t\t\t\t\t<\/span>\n\t\t<\/div>\n\t\t\t\t\t\t<\/div>\n\t\t\t\t<\/div>\n\t\t\t\t<div class=\"elementor-element elementor-element-08219c5 elementor-widget__width-initial elementor-widget elementor-widget-heading\" data-id=\"08219c5\" data-element_type=\"widget\" data-e-type=\"widget\" data-widget_type=\"heading.default\">\n\t\t\t\t<div class=\"elementor-widget-container\">\n\t\t\t\t\t<h2 class=\"elementor-heading-title elementor-size-default\">Parfum d\u2019amour - Le coffret<\/h2>\t\t\t\t<\/div>\n\t\t\t\t<\/div>\n\t\t\t\t<div class=\"elementor-element elementor-element-ce5c70d elementor-widget-divider--view-line elementor-widget elementor-widget-divider\" data-id=\"ce5c70d\" data-element_type=\"widget\" data-e-type=\"widget\" data-widget_type=\"divider.default\">\n\t\t\t\t<div class=\"elementor-widget-container\">\n\t\t\t\t\t\t\t<div class=\"elementor-divider\">\n\t\t\t<span class=\"elementor-divider-separator\">\n\t\t\t\t\t\t<\/span>\n\t\t<\/div>\n\t\t\t\t\t\t<\/div>\n\t\t\t\t<\/div>\n\t\t\t\t<\/div>\n\t\t\t\t<\/div>\n\t\t\t\t<div class=\"elementor-element elementor-element-0246b34 elementor-widget elementor-widget-text-editor\" data-id=\"0246b34\" data-element_type=\"widget\" data-e-type=\"widget\" data-widget_type=\"text-editor.default\">\n\t\t\t\t<div class=\"elementor-widget-container\">\n\t\t\t\t\t\t\t\t\t<p class=\"p1\"><strong>170 \u20ac<\/strong><\/p>\t\t\t\t\t\t\t\t<\/div>\n\t\t\t\t<\/div>\n\t\t\t\t<div class=\"elementor-element elementor-element-727158b elementor-widget elementor-widget-text-editor\" data-id=\"727158b\" data-element_type=\"widget\" data-e-type=\"widget\" data-widget_type=\"text-editor.default\">\n\t\t\t\t<div class=\"elementor-widget-container\">\n\t\t\t\t\t\t\t\t\t<p class=\"p1\"><span class=\"s1\">\u201cParfum d\u2019Amour &#8211; Le Coffret\u201d ouvre les portes d\u2019un univers o\u00f9 le parfum se cr\u00e9e, se partage et sent et se ressent.<\/span><\/p><p class=\"p1\"><span class=\"s1\">Ce coffret unique\u00a0renferme 36 notes olfactives, dont des accords exclusifs Saint-Valentin, sont con\u00e7us pour accompagner les instants de proximit\u00e9 et d\u2019\u00e9motion. Chaque essence invite \u00e0 l\u2019exp\u00e9rimentation, \u00e0 l\u2019\u00e9coute de ses envies et celle de de l\u2019autre : une rencontre. Les mati\u00e8res s\u2019assemblent, se r\u00e9v\u00e8lent, s\u2019\u00e9quilibrent, pour donner naissance \u00e0 des compositions singuli\u00e8res : la v\u00f4tre.<\/span><\/p><p class=\"p1\"><span class=\"s1\">Gr\u00e2ce au coffret, il est possible de r\u00e9aliser jusqu\u2019\u00e0 6 parfums, chacun porteur d\u2019une histoire, d\u2019un moment, un sentiment, une intention.<\/span><\/p><p class=\"p1\"><span class=\"s1\">Une exp\u00e9rience raffin\u00e9e et immersive, o\u00f9 le parfum devient un lien, une cr\u00e9ation intime \u00e0 vivre et \u00e0 revivre.<\/span><\/p>\t\t\t\t\t\t\t\t<\/div>\n\t\t\t\t<\/div>\n\t\t\t\t<div class=\"elementor-element elementor-element-3b82d09 elementor-align-center elementor-widget-mobile__width-initial elementor-widget elementor-widget-button\" data-id=\"3b82d09\" data-element_type=\"widget\" data-e-type=\"widget\" data-widget_type=\"button.default\">\n\t\t\t\t<div class=\"elementor-widget-container\">\n\t\t\t\t\t\t\t\t\t<div class=\"elementor-button-wrapper\">\n\t\t\t\t\t<a class=\"elementor-button elementor-button-link elementor-size-xs elementor-animation-grow\" href=\"https:\/\/studiodesparfums-paris.fr\/boutique\/parfum-damour-le-coffret\/\">\n\t\t\t\t\t\t<span class=\"elementor-button-content-wrapper\">\n\t\t\t\t\t\t\t\t\t<span class=\"elementor-button-text\">Obtenir mon coffret<\/span>\n\t\t\t\t\t<\/span>\n\t\t\t\t\t<\/a>\n\t\t\t\t<\/div>\n\t\t\t\t\t\t\t\t<\/div>\n\t\t\t\t<\/div>\n\t\t\t\t<\/div>\n\t\t<div class=\"elementor-element elementor-element-5a1cef5 e-con-full e-flex e-con e-child\" data-id=\"5a1cef5\" data-element_type=\"container\" data-e-type=\"container\">\n\t\t\t\t<div class=\"elementor-element elementor-element-6a1dd50 elementor-widget elementor-widget-image\" data-id=\"6a1dd50\" data-element_type=\"widget\" data-e-type=\"widget\" data-widget_type=\"image.default\">\n\t\t\t\t<div class=\"elementor-widget-container\">\n\t\t\t\t\t\t\t\t\t\t\t\t\t\t\t<img decoding=\"async\" src=\"https:\/\/studiodesparfums-paris.fr\/wp-content\/uploads\/2026\/02\/img_7309.jpeg\" title=\"studio de parfum paris\" alt=\"studio-de-parfum-paris\" loading=\"lazy\" \/>\t\t\t\t\t\t\t\t\t\t\t\t\t\t\t<\/div>\n\t\t\t\t<\/div>\n\t\t\t\t<\/div>\n\t\t\t\t\t<\/div>\n\t\t\t\t<\/div>\n\t\t<div class=\"elementor-element elementor-element-ea2e956 e-flex e-con-boxed e-con e-parent\" data-id=\"ea2e956\" data-element_type=\"container\" data-e-type=\"container\">\n\t\t\t\t\t<div class=\"e-con-inner\">\n\t\t<div class=\"elementor-element elementor-element-3d873df e-con-full e-flex e-con e-child\" data-id=\"3d873df\" data-element_type=\"container\" data-e-type=\"container\">\n\t\t<div class=\"elementor-element elementor-element-06b0a69 e-con-full e-flex e-con e-child\" data-id=\"06b0a69\" data-element_type=\"container\" data-e-type=\"container\">\n\t\t<div class=\"elementor-element elementor-element-6b0ff4b e-con-full e-flex e-con e-child\" data-id=\"6b0ff4b\" data-element_type=\"container\" data-e-type=\"container\">\n\t\t\t\t<div class=\"elementor-element elementor-element-0487cd4 elementor-widget-divider--view-line elementor-widget elementor-widget-divider\" data-id=\"0487cd4\" data-element_type=\"widget\" data-e-type=\"widget\" data-widget_type=\"divider.default\">\n\t\t\t\t<div class=\"elementor-widget-container\">\n\t\t\t\t\t\t\t<div class=\"elementor-divider\">\n\t\t\t<span class=\"elementor-divider-separator\">\n\t\t\t\t\t\t<\/span>\n\t\t<\/div>\n\t\t\t\t\t\t<\/div>\n\t\t\t\t<\/div>\n\t\t\t\t<div class=\"elementor-element elementor-element-3195b6d elementor-widget__width-initial elementor-widget elementor-widget-heading\" data-id=\"3195b6d\" data-element_type=\"widget\" data-e-type=\"widget\" data-widget_type=\"heading.default\">\n\t\t\t\t<div class=\"elementor-widget-container\">\n\t\t\t\t\t<h2 class=\"elementor-heading-title elementor-size-default\">Parfum d\u2019amour - Le jeu\n\n<\/h2>\t\t\t\t<\/div>\n\t\t\t\t<\/div>\n\t\t\t\t<div class=\"elementor-element elementor-element-90c9703 elementor-widget-divider--view-line elementor-widget elementor-widget-divider\" data-id=\"90c9703\" data-element_type=\"widget\" data-e-type=\"widget\" data-widget_type=\"divider.default\">\n\t\t\t\t<div class=\"elementor-widget-container\">\n\t\t\t\t\t\t\t<div class=\"elementor-divider\">\n\t\t\t<span class=\"elementor-divider-separator\">\n\t\t\t\t\t\t<\/span>\n\t\t<\/div>\n\t\t\t\t\t\t<\/div>\n\t\t\t\t<\/div>\n\t\t\t\t<\/div>\n\t\t\t\t<\/div>\n\t\t\t\t<div class=\"elementor-element elementor-element-3f874af elementor-widget elementor-widget-text-editor\" data-id=\"3f874af\" data-element_type=\"widget\" data-e-type=\"widget\" data-widget_type=\"text-editor.default\">\n\t\t\t\t<div class=\"elementor-widget-container\">\n\t\t\t\t\t\t\t\t\t<p style=\"text-align: center;\"><strong>195\u20ac<\/strong><\/p><p style=\"text-align: center;\"><strong><br \/><\/strong>Prix lancement jusqu\u2019au 28\/02 au lieu de 240 \u20ac\u00a0<\/p><p class=\"p1\"><span class=\"s1\">Dans une atmosph\u00e8re feutr\u00e9e, les cartes sont dispos\u00e9es avec soin.<\/span><\/p><p class=\"p1\"><span class=\"s1\">Le jeu de 36 cartes invite \u00e0 prendre le temps, \u00e0 dialoguer, \u00e0 \u00e9couter.<\/span><\/p><p class=\"p1\"><span class=\"s1\">\u00c0 travers trois familles de facettes olfactives t\u00eate, c\u0153ur et fond\u00a0le parfum se construit progressivement, au rythme des r\u00e9ponses et des \u00e9changes.<\/span><\/p><p class=\"p1\"><span class=\"s1\">L\u2019exp\u00e9rience peut se vivre seul ou \u00e0 deux.<\/span><\/p><p class=\"p1\"><span class=\"s1\">Elle ouvre un espace de partage, o\u00f9 la cr\u00e9ation devient un langage commun.<\/span><\/p><p class=\"p1\"><span class=\"s1\">Le parfum compos\u00e9 refl\u00e8te l\u2019instant, la relation, l\u2019\u00e9motion partag\u00e9e.<\/span><\/p>\t\t\t\t\t\t\t\t<\/div>\n\t\t\t\t<\/div>\n\t\t\t\t<div class=\"elementor-element elementor-element-947def1 elementor-align-center elementor-widget-mobile__width-initial elementor-widget elementor-widget-button\" data-id=\"947def1\" data-element_type=\"widget\" data-e-type=\"widget\" data-widget_type=\"button.default\">\n\t\t\t\t<div class=\"elementor-widget-container\">\n\t\t\t\t\t\t\t\t\t<div class=\"elementor-button-wrapper\">\n\t\t\t\t\t<a class=\"elementor-button elementor-button-link elementor-size-xs elementor-animation-grow\" href=\"https:\/\/studiodesparfums-paris.fr\/boutique\/parfum-damour-le-jeu\/\">\n\t\t\t\t\t\t<span class=\"elementor-button-content-wrapper\">\n\t\t\t\t\t\t\t\t\t<span class=\"elementor-button-text\">Obtenir le jeu<\/span>\n\t\t\t\t\t<\/span>\n\t\t\t\t\t<\/a>\n\t\t\t\t<\/div>\n\t\t\t\t\t\t\t\t<\/div>\n\t\t\t\t<\/div>\n\t\t\t\t<\/div>\n\t\t<div class=\"elementor-element elementor-element-30a0f47 e-con-full e-flex e-con e-child\" data-id=\"30a0f47\" data-element_type=\"container\" data-e-type=\"container\">\n\t\t\t\t<div class=\"elementor-element elementor-element-1b879e6 elementor-widget elementor-widget-image\" data-id=\"1b879e6\" data-element_type=\"widget\" data-e-type=\"widget\" data-widget_type=\"image.default\">\n\t\t\t\t<div class=\"elementor-widget-container\">\n\t\t\t\t\t\t\t\t\t\t\t\t\t\t\t<img decoding=\"async\" src=\"https:\/\/studiodesparfums-paris.fr\/wp-content\/uploads\/2026\/02\/img_7310.jpeg\" title=\"studio parfum\" alt=\"studio de parfum\" loading=\"lazy\" \/>\t\t\t\t\t\t\t\t\t\t\t\t\t\t\t<\/div>\n\t\t\t\t<\/div>\n\t\t\t\t<\/div>\n\t\t\t\t\t<\/div>\n\t\t\t\t<\/div>\n\t\t<div class=\"elementor-element elementor-element-103f733 e-flex e-con-boxed e-con e-parent\" data-id=\"103f733\" data-element_type=\"container\" data-e-type=\"container\">\n\t\t\t\t\t<div class=\"e-con-inner\">\n\t\t<div class=\"elementor-element elementor-element-a6828a2 e-con-full e-flex e-con e-child\" data-id=\"a6828a2\" data-element_type=\"container\" data-e-type=\"container\">\n\t\t<div class=\"elementor-element elementor-element-ebbc2c4 e-con-full e-flex e-con e-child\" data-id=\"ebbc2c4\" data-element_type=\"container\" data-e-type=\"container\">\n\t\t<div class=\"elementor-element elementor-element-03c68c7 e-con-full e-flex e-con e-child\" data-id=\"03c68c7\" data-element_type=\"container\" data-e-type=\"container\">\n\t\t\t\t<div class=\"elementor-element elementor-element-128f040 elementor-widget-divider--view-line elementor-widget elementor-widget-divider\" data-id=\"128f040\" data-element_type=\"widget\" data-e-type=\"widget\" data-widget_type=\"divider.default\">\n\t\t\t\t<div class=\"elementor-widget-container\">\n\t\t\t\t\t\t\t<div class=\"elementor-divider\">\n\t\t\t<span class=\"elementor-divider-separator\">\n\t\t\t\t\t\t<\/span>\n\t\t<\/div>\n\t\t\t\t\t\t<\/div>\n\t\t\t\t<\/div>\n\t\t\t\t<div class=\"elementor-element elementor-element-d7b6046 elementor-widget__width-initial elementor-widget elementor-widget-heading\" data-id=\"d7b6046\" data-element_type=\"widget\" data-e-type=\"widget\" data-widget_type=\"heading.default\">\n\t\t\t\t<div class=\"elementor-widget-container\">\n\t\t\t\t\t<h2 class=\"elementor-heading-title elementor-size-default\">Parfum d\u2019amour - Love candle - duo\n<\/h2>\t\t\t\t<\/div>\n\t\t\t\t<\/div>\n\t\t\t\t<div class=\"elementor-element elementor-element-d43c962 elementor-widget-divider--view-line elementor-widget elementor-widget-divider\" data-id=\"d43c962\" data-element_type=\"widget\" data-e-type=\"widget\" data-widget_type=\"divider.default\">\n\t\t\t\t<div class=\"elementor-widget-container\">\n\t\t\t\t\t\t\t<div class=\"elementor-divider\">\n\t\t\t<span class=\"elementor-divider-separator\">\n\t\t\t\t\t\t<\/span>\n\t\t<\/div>\n\t\t\t\t\t\t<\/div>\n\t\t\t\t<\/div>\n\t\t\t\t<\/div>\n\t\t\t\t<\/div>\n\t\t\t\t<div class=\"elementor-element elementor-element-eb47e6c elementor-widget elementor-widget-text-editor\" data-id=\"eb47e6c\" data-element_type=\"widget\" data-e-type=\"widget\" data-widget_type=\"text-editor.default\">\n\t\t\t\t<div class=\"elementor-widget-container\">\n\t\t\t\t\t\t\t\t\t<p style=\"text-align: center;\"><strong>36 \u20ac<\/strong><\/p><p class=\"p1\" style=\"text-align: center;\"><span class=\"s1\">Pens\u00e9 comme une d\u00e9claration silencieuse, le love Candle-duo l\u2019intimit\u00e9 et la douceur des instants partag\u00e9s.<\/span><\/p><p class=\"p1\" style=\"text-align: center;\"><span class=\"s1\">Pr\u00e9sent\u00e9es dans de d\u00e9licates coupes de cocktail, ces deux bougies se r\u00e9pondent comme deux c\u0153urs \u00e0 l\u2019unisson, diffusant une lumi\u00e8re et une senteur chaleureuse et enveloppante.<\/span><\/p><p class=\"p1\" style=\"text-align: center;\"><span class=\"s1\">Leurs teintes profondes et raffin\u00e9es \u00e9voquent la passion, la tendresse et la sensualit\u00e9, tandis que la flamme r\u00e9v\u00e8le peu \u00e0 peu une atmosph\u00e8re feutr\u00e9e, propice aux confidences et aux moments suspendus.<\/span><\/p><p class=\"p1\" style=\"text-align: center;\"><span class=\"s1\">Allum\u00e9es ensemble, elles transforment l\u2019espace en un \u00e9crin intime, o\u00f9 le temps ralentit et o\u00f9 chaque d\u00e9tail compte.<\/span><\/p><p class=\"p1\" style=\"text-align: center;\"><span class=\"s1\">Un duo pens\u00e9 pour sublimer la Saint-Valentin, \u00e0 offrir ou \u00e0 s\u2019offrir, comme un rituel d\u00e9licat autour de l\u2019amour et de la connexion. Vous pourrez choisir vos senteurs et composer votre duo.<\/span><\/p>\t\t\t\t\t\t\t\t<\/div>\n\t\t\t\t<\/div>\n\t\t\t\t<div class=\"elementor-element elementor-element-ecad4ee elementor-align-center elementor-widget-mobile__width-initial elementor-widget elementor-widget-button\" data-id=\"ecad4ee\" data-element_type=\"widget\" data-e-type=\"widget\" data-widget_type=\"button.default\">\n\t\t\t\t<div class=\"elementor-widget-container\">\n\t\t\t\t\t\t\t\t\t<div class=\"elementor-button-wrapper\">\n\t\t\t\t\t<a class=\"elementor-button elementor-button-link elementor-size-xs elementor-animation-grow\" href=\"https:\/\/studiodesparfums-paris.fr\/boutique\/parfum-damour-love-candle-duo\/\">\n\t\t\t\t\t\t<span class=\"elementor-button-content-wrapper\">\n\t\t\t\t\t\t\t\t\t<span class=\"elementor-button-text\">Commander mes bougies<\/span>\n\t\t\t\t\t<\/span>\n\t\t\t\t\t<\/a>\n\t\t\t\t<\/div>\n\t\t\t\t\t\t\t\t<\/div>\n\t\t\t\t<\/div>\n\t\t\t\t<\/div>\n\t\t<div class=\"elementor-element elementor-element-b35bff8 e-con-full e-flex e-con e-child\" data-id=\"b35bff8\" data-element_type=\"container\" data-e-type=\"container\">\n\t\t\t\t<div class=\"elementor-element elementor-element-1832ba2 elementor-widget elementor-widget-image\" data-id=\"1832ba2\" data-element_type=\"widget\" data-e-type=\"widget\" data-widget_type=\"image.default\">\n\t\t\t\t<div class=\"elementor-widget-container\">\n\t\t\t\t\t\t\t\t\t\t\t\t\t\t\t<img decoding=\"async\" src=\"https:\/\/studiodesparfums-paris.fr\/wp-content\/uploads\/2026\/02\/img_6957.jpg\" title=\"IMG_6957\" alt=\"IMG_6957\" loading=\"lazy\" \/>\t\t\t\t\t\t\t\t\t\t\t\t\t\t\t<\/div>\n\t\t\t\t<\/div>\n\t\t\t\t<\/div>\n\t\t\t\t\t<\/div>\n\t\t\t\t<\/div>\n\t\t<div class=\"elementor-element elementor-element-50fb836 e-flex e-con-boxed e-con e-parent\" data-id=\"50fb836\" data-element_type=\"container\" data-e-type=\"container\">\n\t\t\t\t\t<div class=\"e-con-inner\">\n\t\t\t\t<div class=\"elementor-element elementor-element-96dcd08 elementor-widget elementor-widget-html\" data-id=\"96dcd08\" data-element_type=\"widget\" data-e-type=\"widget\" data-widget_type=\"html.default\">\n\t\t\t\t<div class=\"elementor-widget-container\">\n\t\t\t\t\t<script type=\"application\/ld+json\">\r\n{\r\n  \"@context\": \"https:\/\/schema.org\",\r\n  \"@graph\": [\r\n\r\n    {\r\n      \"@type\": \"Event\",\r\n      \"@id\": \"https:\/\/studiodesparfums-paris.fr\/saint-valentin\/#event\",\r\n      \"name\": \"Soir\u00e9e Saint-Valentin - Atelier parfum \u00e0 Paris\",\r\n      \"description\": \"Exp\u00e9rience romantique de cr\u00e9ation de parfum \u00e0 deux avec champagne et accompagnement par un parfumeur expert.\",\r\n      \"startDate\": \"2026-02-14T19:30:00+01:00\",\r\n      \"endDate\": \"2026-02-14T21:30:00+01:00\",\r\n      \"eventStatus\": \"https:\/\/schema.org\/EventScheduled\",\r\n      \"eventAttendanceMode\": \"https:\/\/schema.org\/OfflineEventAttendanceMode\",\r\n      \"image\": \"https:\/\/studiodesparfums-paris.fr\/wp-content\/uploads\/2026\/02\/img_7309.jpeg\",\r\n\r\n      \"location\": {\r\n        \"@type\": \"Place\",\r\n        \"name\": \"Le Studio des Parfums\",\r\n        \"address\": {\r\n          \"@type\": \"PostalAddress\",\r\n          \"streetAddress\": \"21 rue des \u00c9couffes\",\r\n          \"addressLocality\": \"Paris\",\r\n          \"postalCode\": \"75004\",\r\n          \"addressCountry\": \"FR\"\r\n        }\r\n      },\r\n\r\n      \"organizer\": {\r\n        \"@type\": \"Organization\",\r\n        \"name\": \"Le Studio des Parfums\",\r\n        \"url\": \"https:\/\/studiodesparfums-paris.fr\/\"\r\n      },\r\n\r\n      \"performer\": {\r\n        \"@type\": \"Organization\",\r\n        \"name\": \"Parfumeurs experts\"\r\n      },\r\n\r\n      \"offers\": {\r\n        \"@type\": \"Offer\",\r\n        \"url\": \"https:\/\/studiodesparfums-paris.fr\/saint-valentin\/\",\r\n        \"price\": \"300\",\r\n        \"priceCurrency\": \"EUR\",\r\n        \"availability\": \"https:\/\/schema.org\/InStock\",\r\n        \"availabilityStarts\": \"2026-01-01T00:00:00+01:00\"\r\n      }\r\n    },\r\n\r\n    {\r\n      \"@type\": \"Product\",\r\n      \"@id\": \"https:\/\/studiodesparfums-paris.fr\/saint-valentin\/#product\",\r\n      \"name\": \"Bon cadeau atelier parfum duo Saint-Valentin\",\r\n      \"description\": \"Offrez une exp\u00e9rience unique \u00e0 deux avec un atelier de cr\u00e9ation de parfum \u00e0 Paris, valable un an.\",\r\n      \"image\": \"https:\/\/studiodesparfums-paris.fr\/wp-content\/uploads\/2026\/03\/img_7306.jpeg\",\r\n\r\n      \"brand\": {\r\n        \"@type\": \"Brand\",\r\n        \"name\": \"Le Studio des Parfums\"\r\n      },\r\n\r\n      \"offers\": {\r\n        \"@type\": \"AggregateOffer\",\r\n        \"url\": \"https:\/\/studiodesparfums-paris.fr\/saint-valentin\/\",\r\n        \"priceCurrency\": \"EUR\",\r\n        \"lowPrice\": \"95\",\r\n        \"highPrice\": \"300\",\r\n        \"availability\": \"https:\/\/schema.org\/InStock\"\r\n      }\r\n    },\r\n\r\n    {\r\n      \"@type\": \"Service\",\r\n      \"@id\": \"https:\/\/studiodesparfums-paris.fr\/saint-valentin\/#service\",\r\n      \"name\": \"Atelier parfum en duo \u00e0 Paris\",\r\n      \"description\": \"Exp\u00e9rience sensorielle en couple pour cr\u00e9er un parfum personnalis\u00e9 avec un expert parfumeur.\",\r\n      \"availableLanguage\": [\"fr\",\"en\"],\r\n\r\n      \"provider\": {\r\n        \"@type\": \"Organization\",\r\n        \"name\": \"Le Studio des Parfums\",\r\n        \"url\": \"https:\/\/studiodesparfums-paris.fr\/\"\r\n      },\r\n\r\n      \"areaServed\": {\r\n        \"@type\": \"Place\",\r\n        \"name\": \"Paris\"\r\n      },\r\n\r\n      \"offers\": {\r\n        \"@type\": \"Offer\",\r\n        \"url\": \"https:\/\/studiodesparfums-paris.fr\/saint-valentin\/\",\r\n        \"price\": \"95\",\r\n        \"priceCurrency\": \"EUR\",\r\n        \"availability\": \"https:\/\/schema.org\/InStock\"\r\n      }\r\n    },\r\n\r\n    {\r\n      \"@type\": \"OfferCatalog\",\r\n      \"@id\": \"https:\/\/studiodesparfums-paris.fr\/saint-valentin\/#catalog\",\r\n      \"name\": \"Options Saint-Valentin\",\r\n      \"itemListElement\": [\r\n        {\r\n          \"@type\": \"Offer\",\r\n          \"name\": \"Gravure personnalis\u00e9e\",\r\n          \"price\": \"7\",\r\n          \"priceCurrency\": \"EUR\"\r\n        },\r\n        {\r\n          \"@type\": \"Offer\",\r\n          \"name\": \"Vaporisateur de voyage\",\r\n          \"price\": \"10\",\r\n          \"priceCurrency\": \"EUR\"\r\n        },\r\n        {\r\n          \"@type\": \"Offer\",\r\n          \"name\": \"Dipl\u00f4me parfumeur\",\r\n          \"price\": \"7\",\r\n          \"priceCurrency\": \"EUR\"\r\n        }\r\n      ]\r\n    },\r\n\r\n    {\r\n      \"@type\": \"FAQPage\",\r\n      \"@id\": \"https:\/\/studiodesparfums-paris.fr\/saint-valentin\/#faq\",\r\n      \"mainEntity\": [\r\n        {\r\n          \"@type\": \"Question\",\r\n          \"name\": \"Quel est le prix d\u2019un atelier parfum pour la Saint-Valentin ?\",\r\n          \"acceptedAnswer\": {\r\n            \"@type\": \"Answer\",\r\n            \"text\": \"La soir\u00e9e sp\u00e9ciale Saint-Valentin est propos\u00e9e \u00e0 300\u20ac pour deux personnes.\"\r\n          }\r\n        },\r\n        {\r\n          \"@type\": \"Question\",\r\n          \"name\": \"Peut-on offrir un bon cadeau pour la Saint-Valentin ?\",\r\n          \"acceptedAnswer\": {\r\n            \"@type\": \"Answer\",\r\n            \"text\": \"Oui, les bons cadeaux sont valables un an et disponibles imm\u00e9diatement.\"\r\n          }\r\n        },\r\n        {\r\n          \"@type\": \"Question\",\r\n          \"name\": \"Que comprend l\u2019exp\u00e9rience en duo ?\",\r\n          \"acceptedAnswer\": {\r\n            \"@type\": \"Answer\",\r\n            \"text\": \"Cr\u00e9ation de deux parfums personnalis\u00e9s, champagne et accompagnement par un parfumeur.\"\r\n          }\r\n        }\r\n      ]\r\n    }\r\n\r\n  ]\r\n}\r\n<\/script>\t\t\t\t<\/div>\n\t\t\t\t<\/div>\n\t\t\t\t\t<\/div>\n\t\t\t\t<\/div>\n\t\t\t\t<\/div>\n\t\t","protected":false},"excerpt":{"rendered":"<p>Parfum d\u2019Amour Parfum d\u2019amour &#8211; Le coffret 170 \u20ac \u201cParfum d\u2019Amour &#8211; Le Coffret\u201d ouvre les portes d\u2019un univers o\u00f9 le parfum se cr\u00e9e, se partage et sent et se ressent. Ce coffret unique\u00a0renferme 36 notes olfactives, dont des accords exclusifs Saint-Valentin, sont con\u00e7us pour accompagner les instants de proximit\u00e9 et d\u2019\u00e9motion. Chaque essence invite [&hellip;]<\/p>\n","protected":false},"author":5048,"featured_media":865434,"parent":0,"menu_order":0,"comment_status":"closed","ping_status":"closed","template":"","meta":{"_acf_changed":false,"_seopress_robots_primary_cat":"","_seopress_titles_title":"Cadeau Saint Valentin - Le Studio des Parfums","_seopress_titles_desc":"Que faire pour la Saint Valentin ? Une soir\u00e9e sp\u00e9ciale gr\u00e2ce \u00e0 notre activit\u00e9 Saint Valentin de cr\u00e9ation de parfum sur mesure. Un cadeau pour homme et femme.","_seopress_robots_index":"","footnotes":""},"class_list":["post-840497","page","type-page","status-publish","has-post-thumbnail","hentry"],"acf":[],"_links":{"self":[{"href":"https:\/\/studiodesparfums-paris.fr\/en_us\/wp-json\/wp\/v2\/pages\/840497","targetHints":{"allow":["GET"]}}],"collection":[{"href":"https:\/\/studiodesparfums-paris.fr\/en_us\/wp-json\/wp\/v2\/pages"}],"about":[{"href":"https:\/\/studiodesparfums-paris.fr\/en_us\/wp-json\/wp\/v2\/types\/page"}],"author":[{"embeddable":true,"href":"https:\/\/studiodesparfums-paris.fr\/en_us\/wp-json\/wp\/v2\/users\/5048"}],"replies":[{"embeddable":true,"href":"https:\/\/studiodesparfums-paris.fr\/en_us\/wp-json\/wp\/v2\/comments?post=840497"}],"version-history":[{"count":40,"href":"https:\/\/studiodesparfums-paris.fr\/en_us\/wp-json\/wp\/v2\/pages\/840497\/revisions"}],"predecessor-version":[{"id":932135,"href":"https:\/\/studiodesparfums-paris.fr\/en_us\/wp-json\/wp\/v2\/pages\/840497\/revisions\/932135"}],"wp:featuredmedia":[{"embeddable":true,"href":"https:\/\/studiodesparfums-paris.fr\/en_us\/wp-json\/wp\/v2\/media\/865434"}],"wp:attachment":[{"href":"https:\/\/studiodesparfums-paris.fr\/en_us\/wp-json\/wp\/v2\/media?parent=840497"}],"curies":[{"name":"wp","href":"https:\/\/api.w.org\/{rel}","templated":true}]}}